{"id":197,"date":"2018-05-04T12:32:25","date_gmt":"2018-05-04T09:32:25","guid":{"rendered":"http:\/\/keenitsolutions.com\/products\/wordpress\/rsconstruction\/?page_id=197"},"modified":"2021-11-16T00:14:03","modified_gmt":"2021-11-15T21:14:03","slug":"musteri-yorumlari","status":"publish","type":"page","link":"https:\/\/www.kardelencit.com\/index.php\/musteri-yorumlari\/","title":{"rendered":"M\u00fc\u015fteri Yorumlar\u0131"},"content":{"rendered":"<p>[vc_row css=&#8221;.vc_custom_1529482356854{padding-bottom: 0px !important;}&#8221;][vc_column]\r\n        <div class=\"rs-heading  vc_custom_1636623983576  center\">\r\n        \t<div class=\"title-inner\">\r\n\t            \r\n\t            <h2>M\u00fc\u015fteri Yorumlar\u0131<\/h2>\r\n\t        <\/div><\/div><div id=\"cl-testimonial\" class=\"cl-testimonial-list2  \">\n\t\t\t   \t\t<div class=\"container2\">                \n\t\t\t\t\t\t<ul class=\"cl-row list-border\"><li class=\"testimonial-item\">\n\t\t\t\t\t\t\t\t<div class=\"testimonial-content\" style=\"color:#111; background:#fff\">\n\t\t\t\t\t\t\t\t\t<div class=\"cl-row\">\n\t\t\t\t\t\t\t\t\t<div class=\"cl-col-2\"><div class=\"image-testimonial2\"><img decoding=\"async\" src=\"https:\/\/i0.wp.com\/www.kardelencit.com\/wp-content\/uploads\/2018\/08\/7-2.png?fit=70%2C70&amp;ssl=1\" alt=\"Client Image\"><\/div><\/div>\n\t\t\t\t\t\t\t\t\t<div class=\"cl-col-10\">\n\t\t\t\t\t\t\t\t\t\t<p><i class=\"fa fa-quote-left\" style=\"color:#f10909\"><\/i> Yapt\u0131rm\u0131\u015f oldu\u011fumuz i\u015f sonucu ortaya \u00e7\u0131kan g\u00f6r\u00fcnt\u00fc eme\u011fini hakk\u0131yla verip samimiyetiyle m\u00fc\u015fteri memnuniyetine vermi\u015f olduklar\u0131 de\u011ferden dolay\u0131 te\u015fekk\u00fcr eder tercih listemiz de ilk s\u0131rada sizleri gormekteyiz ?\ufe0f<\/p>\n\t\t\t\t\t\t\t\t\t\t<ul class=\"cl-author-info\">\n\t\t\t\t\t\t\t\t\t\t\t<li style=\"color:#212121\">\u0130smail Ol\u00e7a<\/li>\n\t\t\t\t\t\t\t\t\t\t\t<li style=\"color:#555\">Google Yorumlar\u0131<\/li><\/ul>\n\t\t\t\t\t\t\t\t\t<\/div>\n\t\t\t\t\t\t\t\t\t<\/div>\t\t\t\t\n\t\t\t\t\t\t\t\t<\/div>\n\t\t\t\t\t\t\t\t<\/li><li class=\"testimonial-item\">\n\t\t\t\t\t\t\t\t<div class=\"testimonial-content\" style=\"color:#111; background:#fff\">\n\t\t\t\t\t\t\t\t\t<div class=\"cl-row\">\n\t\t\t\t\t\t\t\t\t<div class=\"cl-col-2\"><div class=\"image-testimonial2\"><img decoding=\"async\" src=\"https:\/\/i0.wp.com\/www.kardelencit.com\/wp-content\/uploads\/2018\/08\/7-2.png?fit=70%2C70&amp;ssl=1\" alt=\"Client Image\"><\/div><\/div>\n\t\t\t\t\t\t\t\t\t<div class=\"cl-col-10\">\n\t\t\t\t\t\t\t\t\t\t<p><i class=\"fa fa-quote-left\" style=\"color:#f10909\"><\/i> Tam anlam\u0131yla kalite . hem malzemeler piyasada kullan\u0131lan malzemeler gibi d\u00fc\u015f\u00fck kaliteli de\u011fil tamam\u0131 1.s\u0131n\u0131f direginden panel citlerine kulland\u0131klar\u0131 aksesuarlar bile 1.s\u0131n\u0131f piyasaya g\u00f6re daha pahal\u0131 ama de\u011fer cunki bir i\u015f bir sefer yap\u0131l\u0131r ! Ekip olarak malzeme olarak tamamen profesyoneller , ekibin lideri ve firma sahibi Tuncer bey e \u00f6zellikle te\u015fekk\u00fcr etmek istiyorum 1 dakika bile sahadan ve ekibinin ba\u015f\u0131ndan ayr\u0131lmadan \u00f6zverili bir \u015fekilde kendisi dahi \u00e7al\u0131\u015ft\u0131 . Bu kadar i\u015fini seven esnaf bu devirde zor bulunur kesinlikle ama kesinlikle tavsiye ederim Tuncer bey le tanistigimizda s\u00f6ylemi\u015fti kardelen kalite de g\u00fcven diye sonunda kadar hak ediyorlar \u00e7ok te\u015fekk\u00fcr ederim<\/p>\n\t\t\t\t\t\t\t\t\t\t<ul class=\"cl-author-info\">\n\t\t\t\t\t\t\t\t\t\t\t<li style=\"color:#212121\">Mila Kaya<\/li>\n\t\t\t\t\t\t\t\t\t\t\t<li style=\"color:#555\">Google Yorumlar\u0131<\/li><\/ul>\n\t\t\t\t\t\t\t\t\t<\/div>\n\t\t\t\t\t\t\t\t\t<\/div>\t\t\t\t\n\t\t\t\t\t\t\t\t<\/div>\n\t\t\t\t\t\t\t\t<\/li><li class=\"testimonial-item\">\n\t\t\t\t\t\t\t\t<div class=\"testimonial-content\" style=\"color:#111; background:#fff\">\n\t\t\t\t\t\t\t\t\t<div class=\"cl-row\">\n\t\t\t\t\t\t\t\t\t<div class=\"cl-col-2\"><div class=\"image-testimonial2\"><img decoding=\"async\" src=\"https:\/\/i0.wp.com\/www.kardelencit.com\/wp-content\/uploads\/2018\/08\/7-2.png?fit=70%2C70&amp;ssl=1\" alt=\"Client Image\"><\/div><\/div>\n\t\t\t\t\t\t\t\t\t<div class=\"cl-col-10\">\n\t\t\t\t\t\t\t\t\t\t<p><i class=\"fa fa-quote-left\" style=\"color:#f10909\"><\/i> \u0130\u015flerini \u00e7ok temiz ve zaman\u0131nda yap\u0131yorlar. Para odakl\u0131 de\u011fil hizmet odakl\u0131 \u00e7al\u0131\u015f\u0131yor, ufak tefek ilave d\u00fczeltmeleri de m\u00fc\u015fteri memnuniyeti \u00e7er\u00e7evesinde hallediyorlar. Silivri Kavakl\u0131'daki sitemizdde \u00e7ok az fiyat fark\u0131 ile daha ucuza i\u015f yapt\u0131ran kom\u015fular\u0131m bizdeki kaliteyi g\u00f6r\u00fcnce \u00e7ok pi\u015fman oldular. Teredd\u00fct etmeden tavsiye ederim.<\/p>\n\t\t\t\t\t\t\t\t\t\t<ul class=\"cl-author-info\">\n\t\t\t\t\t\t\t\t\t\t\t<li style=\"color:#212121\">Mehmet \u00d6.<\/li>\n\t\t\t\t\t\t\t\t\t\t\t<li style=\"color:#555\">Google Yorumlar\u0131<\/li><\/ul>\n\t\t\t\t\t\t\t\t\t<\/div>\n\t\t\t\t\t\t\t\t\t<\/div>\t\t\t\t\n\t\t\t\t\t\t\t\t<\/div>\n\t\t\t\t\t\t\t\t<\/li><li class=\"testimonial-item\">\n\t\t\t\t\t\t\t\t<div class=\"testimonial-content\" style=\"color:#111; background:#fff\">\n\t\t\t\t\t\t\t\t\t<div class=\"cl-row\">\n\t\t\t\t\t\t\t\t\t<div class=\"cl-col-2\"><div class=\"image-testimonial2\"><img decoding=\"async\" src=\"https:\/\/i0.wp.com\/www.kardelencit.com\/wp-content\/uploads\/2018\/08\/7-2.png?fit=70%2C70&amp;ssl=1\" alt=\"Client Image\"><\/div><\/div>\n\t\t\t\t\t\t\t\t\t<div class=\"cl-col-10\">\n\t\t\t\t\t\t\t\t\t\t<p><i class=\"fa fa-quote-left\" style=\"color:#f10909\"><\/i> Tuncer bey ile 2 kez \u00e7al\u0131\u015ft\u0131k bah\u00e7emin b\u00fct\u00fcn \u00e7itlerini ve daha sonra bir k\u0131sm\u0131n\u0131n y\u00fckseltilmesi i\u015flemini sorunsuzca halletti. En ince detay\u0131na kadar d\u00fc\u015f\u00fcnen i\u015finin ehli sayg\u0131l\u0131 ve g\u00fclery\u00fczl\u00fc oldu\u011fu ve de yap\u0131lan i\u015ften olduk\u00e7a memnun kald\u0131\u011f\u0131 i\u00e7in kendisine ve firmas\u0131 \u00e7al\u0131\u015fanlar\u0131na te\u015fekk\u00fcr ederim.<\/p>\n\t\t\t\t\t\t\t\t\t\t<ul class=\"cl-author-info\">\n\t\t\t\t\t\t\t\t\t\t\t<li style=\"color:#212121\">\u00d6zg\u00fcr Ert\u00fcrk<\/li>\n\t\t\t\t\t\t\t\t\t\t\t<li style=\"color:#555\">Google Yorumlar\u0131<\/li><\/ul>\n\t\t\t\t\t\t\t\t\t<\/div>\n\t\t\t\t\t\t\t\t\t<\/div>\t\t\t\t\n\t\t\t\t\t\t\t\t<\/div>\n\t\t\t\t\t\t\t\t<\/li><li class=\"testimonial-item\">\n\t\t\t\t\t\t\t\t<div class=\"testimonial-content\" style=\"color:#111; background:#fff\">\n\t\t\t\t\t\t\t\t\t<div class=\"cl-row\">\n\t\t\t\t\t\t\t\t\t<div class=\"cl-col-2\"><div class=\"image-testimonial2\"><img decoding=\"async\" src=\"https:\/\/i0.wp.com\/www.kardelencit.com\/wp-content\/uploads\/2018\/08\/7-2.png?fit=70%2C70&amp;ssl=1\" alt=\"Client Image\"><\/div><\/div>\n\t\t\t\t\t\t\t\t\t<div class=\"cl-col-10\">\n\t\t\t\t\t\t\t\t\t\t<p><i class=\"fa fa-quote-left\" style=\"color:#f10909\"><\/i> Tuncer bey ve ekibi West \u0130stanbul Marina da uzunca bir s\u00fcre \u00e7al\u0131\u015fma yapt\u0131lar. \u0130\u015flerindeki titiz \u00e7al\u0131\u015fmalar\u0131n\u0131n yan\u0131nda i\u015f sa\u011fl\u0131\u011f\u0131 ve g\u00fcvenli\u011fi (\u0130SG) ne verdikleri \u00f6nem a\u00e7\u0131k\u00e7as\u0131 bize huzur ve g\u00fcven verdi diyebilirim. Fiyat tekliflerindeki h\u0131zl\u0131 geri d\u00f6n\u00fc\u015fleri ve ikili g\u00f6r\u00fc\u015fmelere ivedi te\u015frifleri kendileri ile \u00e7al\u0131\u015fma yapmam\u0131zdaki ba\u015fl\u0131ca etkenler oldu. Kendilerine kolayl\u0131klar ve hay\u0131rl\u0131 i\u015fler diliyorum.<\/p>\n\t\t\t\t\t\t\t\t\t\t<ul class=\"cl-author-info\">\n\t\t\t\t\t\t\t\t\t\t\t<li style=\"color:#212121\">M\u00fc\u015fteri Yorumlar\u0131<\/li>\n\t\t\t\t\t\t\t\t\t\t\t<li style=\"color:#555\">Google Yorumlar\u0131<\/li><\/ul>\n\t\t\t\t\t\t\t\t\t<\/div>\n\t\t\t\t\t\t\t\t\t<\/div>\t\t\t\t\n\t\t\t\t\t\t\t\t<\/div>\n\t\t\t\t\t\t\t\t<\/li><\/ul><\/div>\n\t\t\t<\/div>[\/vc_column][\/vc_row]<\/p>\n","protected":false},"excerpt":{"rendered":"<p>[vc_row css=&#8221;.vc_custom_1529482356854{padding-bottom: 0px !important;}&#8221;][vc_column][\/vc_column]&#8230;<\/p>\n","protected":false},"author":1,"featured_media":0,"parent":0,"menu_order":0,"comment_status":"open","ping_status":"open","template":"","meta":{"ngg_post_thumbnail":0,"footnotes":""},"class_list":["post-197","page","type-page","status-publish","hentry"],"aioseo_notices":[],"jetpack-related-posts":[],"jetpack_sharing_enabled":true,"_links":{"self":[{"href":"https:\/\/www.kardelencit.com\/index.php\/wp-json\/wp\/v2\/pages\/197","targetHints":{"allow":["GET"]}}],"collection":[{"href":"https:\/\/www.kardelencit.com\/index.php\/wp-json\/wp\/v2\/pages"}],"about":[{"href":"https:\/\/www.kardelencit.com\/index.php\/wp-json\/wp\/v2\/types\/page"}],"author":[{"embeddable":true,"href":"https:\/\/www.kardelencit.com\/index.php\/wp-json\/wp\/v2\/users\/1"}],"replies":[{"embeddable":true,"href":"https:\/\/www.kardelencit.com\/index.php\/wp-json\/wp\/v2\/comments?post=197"}],"version-history":[{"count":4,"href":"https:\/\/www.kardelencit.com\/index.php\/wp-json\/wp\/v2\/pages\/197\/revisions"}],"predecessor-version":[{"id":3980,"href":"https:\/\/www.kardelencit.com\/index.php\/wp-json\/wp\/v2\/pages\/197\/revisions\/3980"}],"wp:attachment":[{"href":"https:\/\/www.kardelencit.com\/index.php\/wp-json\/wp\/v2\/media?parent=197"}],"curies":[{"name":"wp","href":"https:\/\/api.w.org\/{rel}","templated":true}]}}