{"id":23,"date":"2018-05-03T07:57:13","date_gmt":"2018-05-03T04:57:13","guid":{"rendered":"http:\/\/keenitsolutions.com\/products\/wordpress\/rsconstruction\/?page_id=23"},"modified":"2021-11-16T00:08:39","modified_gmt":"2021-11-15T21:08:39","slug":"hakkimizda","status":"publish","type":"page","link":"https:\/\/www.kardelencit.com\/index.php\/hakkimizda\/","title":{"rendered":"Hakk\u0131m\u0131zda"},"content":{"rendered":"<p>[vc_row css=&#8221;.vc_custom_1526980095479{padding-top: 100px !important;padding-bottom: 65px !important;}&#8221;][vc_column width=&#8221;1\/2&#8243;]\r\n        <div class=\"rs-heading  border-style \">\r\n        \t<div class=\"title-inner\">\r\n\t            <span class=\"sub-text\">Kardelen Panel \u00c7it Sistemleri<\/span>\r\n\t            <h2>Hakk\u0131m\u0131zda<\/h2>\r\n\t        <\/div><\/div>[vc_column_text]<strong> &nbsp;Kaya Otomotiv Turizm Emlak Tekstil \u0130thalat ve \u0130hracat Ltd. \u015eti.<\/strong> 1996 Y\u0131l\u0131nda Kurulmu\u015f ve 2010 Y\u0131l\u0131nda <strong>KARDELEN PANEL &nbsp;\u00c7\u0130T S\u0130STEMLER\u0130<\/strong> ad\u0131 alt\u0131nda kalitesinden asla taviz vermeden sekt\u00f6rde ilk s\u0131rada markala\u015fm\u0131\u015ft\u0131r.&nbsp; \u0130stanbul ve \u00e7evre illerini kapsayan&nbsp;<strong> Eurofence&nbsp; &#8211;&nbsp; Betafence,<\/strong> malzemelerinin sat\u0131\u015f\u0131, montaj\u0131, sat\u0131\u015f sonras\u0131 hizmeti ve di\u011fer sistemlerle entegrasyonu konular\u0131nda faaliyet g\u00f6stermek \u00fczere kurulmu\u015ftur.<\/p>\n<p>Ancak KARDELEN PANEL \u00c7\u0130T S\u0130STEMLER\u0130 y\u0131llar i\u00e7inde b\u00fcy\u00fcyen i\u015f hacmi ve uzmanla\u015fmay\u0131 ilke edinmi\u015f \u00e7al\u0131\u015fma anlay\u0131\u015f\u0131 sonucu faaliyet alanlar\u0131n\u0131&nbsp; Bina D\u0131\u015f Cephe \u00c7im\u00e7it Giydirme, Ara\u00e7 Stoper Sistemleri, olarak geni\u015fletmi\u015f ve hizmet sekt\u00f6r\u00fcnde Kardelen Panel \u00c7it Sistemleri &nbsp;Kaya Otomotiv Turizm Emlak Tekstil \u0130th.ve \u0130hr.Ltd.\u015eti. \u00e7at\u0131s\u0131 alt\u0131nda&nbsp; yeniden ve daha g\u00fc\u00e7l\u00fc olarak organize olmu\u015ftur.<\/p>\n<p>Kardelen Panel \u00c7it Sistemleri &nbsp;2010 y\u0131l\u0131 itibari ile ismini markala\u015ft\u0131rm\u0131\u015f ve \u0130stanbul ve \u00c7evre \u0130llerde&nbsp; hizmet sekt\u00f6r\u00fcn\u00fcn aran\u0131lan bir kurulu\u015f halini alm\u0131\u015ft\u0131r.&nbsp; Hizmetlerinde ko\u015fulsuz m\u00fc\u015fteri memnuniyeti benimsemi\u015f olup, ger\u00e7ek garanti ve teknik destekle sekt\u00f6r\u00fcn g\u00fcvenini kazanm\u0131\u015ft\u0131r. Temsilcisi oldu\u011fu markalar\u0131 da b\u00f6lgenin hizmet pazar\u0131n\u0131n en bilinen ve aranan \u00fcr\u00fcnleri aras\u0131na yerle\u015ftirmi\u015ftir.<\/p>\n<p>Kardelen Panel \u00c7it Sistemleri &nbsp;&nbsp;kendisine temel ilke olarak benimsedi\u011fi d\u00fcr\u00fcst, ilkeli ve teknolojik bir firma olma yolunda yapt\u0131\u011f\u0131 \u00e7al\u0131\u015fmalar\u0131na \u00f6n\u00fcm\u00fczdeki d\u00f6nemlerde de kalitesinden asla \u00f6d\u00fcn vermeden devam edecektir.<\/p>\n<p>Kardelen Panel \u00c7it Sistemleri &nbsp;&nbsp;Ke\u015fif &#8211; Sat\u0131\u015f ve montaj ve teknik destek sa\u011flayan, vas\u0131flara sahip bir ekiple Avrupa Yakas\u0131 ve Anadolu Yakas\u0131 b\u00f6lgeleri dahil \u0130stanbul genelini kapsayacak&nbsp; \u00e7al\u0131\u015fma g\u00fcc\u00fcne ve azmine &nbsp;sahiptir.[\/vc_column_text][\/vc_column][vc_column width=&#8221;1\/2&#8243;][vc_gallery type=&#8221;nivo&#8221; interval=&#8221;5&#8243; images=&#8221;3586,3588,3594&#8243; img_size=&#8221;full&#8221;][\/vc_column][\/vc_row][vc_row css=&#8221;.vc_custom_1525857392914{padding-top: 40px !important;padding-bottom: 70px !important;}&#8221;][vc_column]<div class=\"rs-partner  \">           \r\n\t\t\t\t\t<div class=\"partner-carousel owl-carousel\" data-carousel-options=\"{&quot;nav&quot;:true,&quot;navText&quot;:[&quot;&lt;i class=&#039;fa fa-angle-left&#039;&gt;&lt;\\\/i&gt;&quot;,&quot;&lt;i class=&#039;fa fa-angle-right&#039;&gt;&lt;\\\/i&gt;&quot;],&quot;dots&quot;:false,&quot;autoplay&quot;:true,&quot;autoplayTimeout&quot;:&quot;5000&quot;,&quot;autoplaySpeed&quot;:&quot;200&quot;,&quot;autoplayHoverPause&quot;:true,&quot;loop&quot;:true,&quot;margin&quot;:30,&quot;responsive&quot;:{&quot;0&quot;:{&quot;items&quot;:&quot;1&quot;},&quot;480&quot;:{&quot;items&quot;:&quot;2&quot;},&quot;768&quot;:{&quot;items&quot;:&quot;3&quot;},&quot;992&quot;:{&quot;items&quot;:&quot;4&quot;},&quot;1200&quot;:{&quot;items&quot;:&quot;5&quot;}}}\"><div class=\"partner-item\">\r\n\t\t\t\t<a href=\"#\" target=\"_blank\"><img decoding=\"async\" src=\"https:\/\/i0.wp.com\/www.kardelencit.com\/wp-content\/uploads\/2021\/11\/Eurofence.png?fit=300%2C150&ssl=1\" alt=\"Eurofence\"><\/a>\r\n\t\t\t\t<\/div><div class=\"partner-item\">\r\n\t\t\t\t<a href=\"#\" target=\"_blank\"><img decoding=\"async\" src=\"https:\/\/i0.wp.com\/www.kardelencit.com\/wp-content\/uploads\/2018\/05\/betafence-2.png?fit=300%2C150&ssl=1\" alt=\"Betafence\"><\/a>\r\n\t\t\t\t<\/div><\/div>\r\n\t<\/div>[\/vc_column][\/vc_row][vc_row full_width=&#8221;stretch_row&#8221; content_placement=&#8221;middle&#8221; el_id=&#8221;cta-sec&#8221; css=&#8221;.vc_custom_1525770342759{padding-top: 35px !important;padding-bottom: 35px !important;background-color: #fbc02d !important;}&#8221;][vc_column width=&#8221;1\/6&#8243;][vc_single_image image=&#8221;2073&#8243; img_size=&#8221;full&#8221;][\/vc_column][vc_column width=&#8221;7\/12&#8243;][vc_column_text el_class=&#8221;callto-desc&#8221;]<\/p>\n<p class=\"call-subtitle\">Projeniz i\u00e7in formu doldurup g\u00f6nderin !<\/p>\n<p class=\"call-title\">KARDELEN PANEL \u00c7\u0130T S\u0130STEMLER\u0130<\/p>\n<p>[\/vc_column_text][\/vc_column][vc_column width=&#8221;1\/4&#8243;][vc_column_text el_class=&#8221;text-right&#8221;]<a class=\"readon\" href=\"https:\/\/www.kardelencit.com\/index.php\/teklif-formu\/\"><b>PROJEN\u0130 BA\u015eLAT<\/b><\/a>[\/vc_column_text][\/vc_column][\/vc_row]<\/p>\n","protected":false},"excerpt":{"rendered":"<p>[vc_row css=&#8221;.vc_custom_1526980095479{padding-top: 100px !important;padding-bottom: 65px !important;}&#8221;][vc_column width=&#8221;1\/2&#8243;][vc_column_text] &nbsp;Kaya Otomotiv Turizm Emlak Tekstil \u0130thalat ve \u0130hracat Ltd. \u015eti. 1996 Y\u0131l\u0131nda Kurulmu\u015f&#8230;<\/p>\n","protected":false},"author":1,"featured_media":0,"parent":0,"menu_order":0,"comment_status":"open","ping_status":"open","template":"","meta":{"ngg_post_thumbnail":0,"footnotes":""},"class_list":["post-23","page","type-page","status-publish","hentry"],"aioseo_notices":[],"jetpack-related-posts":[],"jetpack_sharing_enabled":true,"_links":{"self":[{"href":"https:\/\/www.kardelencit.com\/index.php\/wp-json\/wp\/v2\/pages\/23","targetHints":{"allow":["GET"]}}],"collection":[{"href":"https:\/\/www.kardelencit.com\/index.php\/wp-json\/wp\/v2\/pages"}],"about":[{"href":"https:\/\/www.kardelencit.com\/index.php\/wp-json\/wp\/v2\/types\/page"}],"author":[{"embeddable":true,"href":"https:\/\/www.kardelencit.com\/index.php\/wp-json\/wp\/v2\/users\/1"}],"replies":[{"embeddable":true,"href":"https:\/\/www.kardelencit.com\/index.php\/wp-json\/wp\/v2\/comments?post=23"}],"version-history":[{"count":17,"href":"https:\/\/www.kardelencit.com\/index.php\/wp-json\/wp\/v2\/pages\/23\/revisions"}],"predecessor-version":[{"id":4148,"href":"https:\/\/www.kardelencit.com\/index.php\/wp-json\/wp\/v2\/pages\/23\/revisions\/4148"}],"wp:attachment":[{"href":"https:\/\/www.kardelencit.com\/index.php\/wp-json\/wp\/v2\/media?parent=23"}],"curies":[{"name":"wp","href":"https:\/\/api.w.org\/{rel}","templated":true}]}}