{"id":4134,"date":"2021-11-15T11:34:15","date_gmt":"2021-11-15T08:34:15","guid":{"rendered":"https:\/\/www.kardelencit.com\/?page_id=4134"},"modified":"2021-11-15T11:34:19","modified_gmt":"2021-11-15T08:34:19","slug":"teklif-formu","status":"publish","type":"page","link":"https:\/\/www.kardelencit.com\/index.php\/teklif-formu\/","title":{"rendered":"Teklif Formu"},"content":{"rendered":"\n<div class=\"forminator-guttenberg\"><div class=\"forminator-ui forminator-custom-form forminator-custom-form-4135 forminator-design--default  forminator_ajax\" data-forminator-render=\"0\" data-form=\"forminator-module-4135\" data-uid=\"6a06eacaeb8be\"><br\/><\/div><form\n\t\t\t\tid=\"forminator-module-4135\"\n\t\t\t\tclass=\"forminator-ui forminator-custom-form forminator-custom-form-4135 forminator-design--default  forminator_ajax\"\n\t\t\t\tmethod=\"post\"\n\t\t\t\tdata-forminator-render=\"0\"\n\t\t\t\tdata-form-id=\"4135\"\n\t\t\t\t\n\t\t\t\tdata-design=\"default\"\n\t\t\t\t\n\t\t\t\t\n\t\t\t\t\n\t\t\t\tdata-grid=\"open\"\n\t\t\t\tenctype=\"multipart\/form-data\"\n\t\t\t\t\n\t\t\t\tstyle=\"display: none;\"\n\t\t\t\t\n\t\t\t\tdata-uid=\"6a06eacaeb8be\"\n\t\t\t><div role=\"alert\" aria-live=\"polite\" class=\"forminator-response-message forminator-error\" aria-hidden=\"true\"><\/div><div class=\"forminator-row\"><div id=\"name-2\" class=\"forminator-field-name forminator-col forminator-col-6 \"><div class=\"forminator-field\"><label for=\"forminator-field-name-2_6a06eacaeb8be\" class=\"forminator-label\" id=\"forminator-field-name-2_6a06eacaeb8be-label\">Ad <span class=\"forminator-required\">*<\/span><\/label><input type=\"text\" name=\"name-2\" value=\"\" placeholder=\"\" id=\"forminator-field-name-2_6a06eacaeb8be\" class=\"forminator-input forminator-name--field\" aria-required=\"true\" \/><\/div><\/div><div id=\"name-1\" class=\"forminator-field-name forminator-col forminator-col-6 \"><div class=\"forminator-field\"><label for=\"forminator-field-name-1_6a06eacaeb8be\" class=\"forminator-label\" id=\"forminator-field-name-1_6a06eacaeb8be-label\">Soyad <span class=\"forminator-required\">*<\/span><\/label><input type=\"text\" name=\"name-1\" value=\"\" placeholder=\"\" id=\"forminator-field-name-1_6a06eacaeb8be\" class=\"forminator-input forminator-name--field\" aria-required=\"true\" \/><\/div><\/div><\/div><div class=\"forminator-row\"><div id=\"phone-1\" class=\"forminator-field-phone forminator-col forminator-col-6 \"><div class=\"forminator-field\"><label for=\"forminator-field-phone-1_6a06eacaeb8be\" class=\"forminator-label\" id=\"forminator-field-phone-1_6a06eacaeb8be-label\">Telefon Numaras\u0131 <span class=\"forminator-required\">*<\/span><\/label><input type=\"text\" name=\"phone-1\" value=\"\" placeholder=\"\u00d6rn : 0535 535 35 35\" id=\"forminator-field-phone-1_6a06eacaeb8be\" class=\"forminator-input forminator-field--phone\" data-required=\"1\" aria-required=\"true\" autocomplete=\"off\" data-national_mode=\"disabled\" data-country=\"TR\" data-validation=\"international\" \/><\/div><\/div><div id=\"email-1\" class=\"forminator-field-email forminator-col forminator-col-6 \"><div class=\"forminator-field\"><label for=\"forminator-field-email-1_6a06eacaeb8be\" class=\"forminator-label\" id=\"forminator-field-email-1_6a06eacaeb8be-label\">E-posta Adresi <span class=\"forminator-required\">*<\/span><\/label><input type=\"email\" name=\"email-1\" value=\"\" placeholder=\"\" id=\"forminator-field-email-1_6a06eacaeb8be\" class=\"forminator-input forminator-email--field\" data-required=\"true\" aria-required=\"true\" \/><\/div><\/div><\/div><div class=\"forminator-row\"><div id=\"address-1\" class=\"forminator-field-address forminator-col forminator-col-12 \"><div class=\"forminator-row\"><div id=\"address-1-street_address\" class=\"forminator-col\"><div class=\"forminator-field\"><label for=\"forminator-field-address-1-street_address_6a06eacaeb8be\" class=\"forminator-label\" id=\"forminator-field-address-1-street_address_6a06eacaeb8be-label\">Adres<\/label><input type=\"text\" name=\"address-1-street_address\" placeholder=\"\" id=\"forminator-field-address-1-street_address_6a06eacaeb8be\" class=\"forminator-input\" data-required=\"\" aria-required=\"false\" value=\"\" \/><\/div><\/div><\/div><div class=\"forminator-row\" data-multiple=\"true\"><div id=\"address-1-city\" class=\"forminator-col forminator-col-6\"><div class=\"forminator-field\"><label for=\"forminator-field-address-1-city_6a06eacaeb8be\" class=\"forminator-label\" id=\"forminator-field-address-1-city_6a06eacaeb8be-label\">\u015eehir<\/label><input type=\"text\" name=\"address-1-city\" placeholder=\"\" id=\"forminator-field-address-1-city_6a06eacaeb8be\" class=\"forminator-input\" data-required=\"\" aria-required=\"false\" value=\"\" \/><\/div><\/div><div id=\"address-1-state\" class=\"forminator-col forminator-col-6\"><div class=\"forminator-field\"><label for=\"forminator-field-address-1-state_6a06eacaeb8be\" class=\"forminator-label\" id=\"forminator-field-address-1-state_6a06eacaeb8be-label\">\u0130l\u00e7e<\/label><input type=\"text\" name=\"address-1-state\" placeholder=\"\" id=\"forminator-field-address-1-state_6a06eacaeb8be\" class=\"forminator-input\" data-required=\"\" aria-required=\"false\" value=\"\" \/><\/div><\/div><\/div><\/div><\/div><div class=\"forminator-row\"><div id=\"text-1\" class=\"forminator-field-text forminator-col forminator-col-6 \"><div class=\"forminator-field\"><label for=\"forminator-field-text-1_6a06eacaeb8be\" class=\"forminator-label\" id=\"forminator-field-text-1_6a06eacaeb8be-label\">Toplam \u00c7evre Uzunlu\u011fu<\/label><input type=\"text\" name=\"text-1\" value=\"\" placeholder=\"\" id=\"forminator-field-text-1_6a06eacaeb8be\" class=\"forminator-input forminator-name--field\" data-required=\"\" \/><\/div><\/div><div id=\"select-1\" class=\"forminator-field-select forminator-col forminator-col-6 \"><div class=\"forminator-field\"><label for=\"forminator-form-4135__field--select-1_6a06eacaeb8be\" id=\"forminator-form-4135__field--select-1_6a06eacaeb8be-label\" class=\"forminator-label\">Tercih Edilen \u00c7it Sistemi<\/label><select id=\"forminator-form-4135__field--select-1_6a06eacaeb8be\" class=\"forminator-select--field forminator-select2\" data-required=\"\" name=\"select-1\" data-default-value=\"Panel-\u00c7it\" data-placeholder=\"Se\u00e7\" data-search=\"false\" aria-labelledby=\"forminator-form-4135__field--select-1_6a06eacaeb8be-label\" aria-describedby=\"forminator-form-4135__field--select-1_6a06eacaeb8be-description\"><option value=\"\">Se\u00e7<\/option><option value=\"Panel-\u00c7it\" selected=\"selected\" data-calculation=\"0\">Panel \u00c7it<\/option><option value=\"\u00c7im-\u00c7it\"  data-calculation=\"0\">\u00c7im \u00c7it<\/option><option value=\"Jiletli-Tel\"  data-calculation=\"0\">Jiletli Tel<\/option><option value=\"Di\u011fer\"  data-calculation=\"0\">Di\u011fer<\/option><\/select><\/div><\/div><\/div><div class=\"forminator-row\"><div id=\"text-2\" class=\"forminator-field-text forminator-col forminator-col-6 \"><div class=\"forminator-field\"><label for=\"forminator-field-text-2_6a06eacaeb8be\" class=\"forminator-label\" id=\"forminator-field-text-2_6a06eacaeb8be-label\">\u00c7it Y\u00fcksekli\u011fi<\/label><input type=\"text\" name=\"text-2\" value=\"\" placeholder=\"\" id=\"forminator-field-text-2_6a06eacaeb8be\" class=\"forminator-input forminator-name--field\" data-required=\"\" \/><\/div><\/div><div id=\"select-2\" class=\"forminator-field-select forminator-col forminator-col-6 \"><div class=\"forminator-field\"><label for=\"forminator-form-4135__field--select-2_6a06eacaeb8be\" id=\"forminator-form-4135__field--select-2_6a06eacaeb8be-label\" class=\"forminator-label\">Zemin T\u00fcr\u00fc<\/label><select id=\"forminator-form-4135__field--select-2_6a06eacaeb8be\" class=\"forminator-select--field forminator-select2\" data-required=\"\" name=\"select-2\" data-default-value=\"\" data-placeholder=\"\" data-search=\"false\" aria-labelledby=\"forminator-form-4135__field--select-2_6a06eacaeb8be-label\" aria-describedby=\"forminator-form-4135__field--select-2_6a06eacaeb8be-description\"><option value=\"Toprak\"  data-calculation=\"0\">Toprak<\/option><option value=\"Beton\"  data-calculation=\"0\">Beton<\/option><\/select><\/div><\/div><\/div><div class=\"forminator-row\"><div id=\"upload-1\" class=\"forminator-field-upload forminator-col forminator-col-6 \"><div class=\"forminator-field\"><label for=\"forminator-field-upload-1_6a06eacaeb8be\" class=\"forminator-label\">Dosya y\u00fckle<\/label><div class=\"forminator-file-upload \" data-element=\"upload-1_6a06eacaeb8be\" aria-describedby=\"forminator-field-upload-1_6a06eacaeb8be-description\"><input type=\"file\" name=\"upload-1\" id=\"forminator-field-upload-1_6a06eacaeb8be\" class=\"forminator-input-file\" accept=\".jpg,.jpeg,.jpe,.gif,.png,.bmp,.tiff,.tif,.webp,.ico,.heic,.asf,.asx,.wmv,.wmx,.wm,.avi,.divx,.flv,.mov,.qt,.mpeg,.mpg,.mpe,.mp4,.m4v,.ogv,.webm,.mkv,.3gp,.3gpp,.3g2,.3gp2,.txt,.asc,.c,.cc,.h,.srt,.csv,.tsv,.ics,.rtx,.css,.htm,.html,.vtt,.dfxp,.mp3,.m4a,.m4b,.aac,.ra,.ram,.wav,.ogg,.oga,.flac,.mid,.midi,.wma,.wax,.mka,.rtf,.js,.pdf,.class,.tar,.zip,.gz,.gzip,.rar,.7z,.psd,.xcf,.doc,.pot,.pps,.ppt,.wri,.xla,.xls,.xlt,.xlw,.mdb,.mpp,.docx,.docm,.dotx,.dotm,.xlsx,.xlsm,.xlsb,.xltx,.xltm,.xlam,.pptx,.pptm,.ppsx,.ppsm,.potx,.potm,.ppam,.sldx,.sldm,.onetoc,.onetoc2,.onetmp,.onepkg,.oxps,.xps,.odt,.odp,.ods,.odg,.odc,.odb,.odf,.wp,.wpd,.key,.numbers,.pages,.redux\"><button id=\"forminator-field-upload-1_6a06eacaeb8be_button\" class=\"forminator-button forminator-button-upload\" data-id=\"forminator-field-upload-1_6a06eacaeb8be\">Dosya Se\u00e7<\/button><span data-empty-text=\"Dosya se\u00e7ilmedi\">Dosya se\u00e7ilmedi<\/span><button class=\"forminator-button-delete\" style=\"display: none;\"><i class=\"forminator-icon-close\" aria-hidden=\"true\"><\/i><span class=\"forminator-screen-reader-only\">Y\u00fcklenen dosyay\u0131 sil<\/span><\/button><\/div><\/div><\/div><div id=\"captcha-1\" class=\"forminator-field-captcha forminator-col forminator-col-6 \"><div class=\"forminator-g-recaptcha\" data-theme=\"light\"  data-sitekey=\"6LdB5jUdAAAAAPHJY9Dm1Gkfs2aKgJXZeI8Rbq9f\" data-size=\"normal\"><\/div> <\/div><\/div><div class=\"forminator-row\"><div id=\"textarea-1\" class=\"forminator-field-textarea forminator-col forminator-col-12 \"><div class=\"forminator-field\"><label for=\"forminator-field-textarea-1_6a06eacaeb8be\" id=\"forminator-field-textarea-1_6a06eacaeb8be-label\" class=\"forminator-label\">Ekstra notlar<\/label><textarea name=\"textarea-1\" placeholder=\"0\" id=\"forminator-field-textarea-1_6a06eacaeb8be\" class=\"forminator-textarea\" rows=\"6\" style=\"min-height:140px;\" maxlength=\"180\" ><\/textarea><span id=\"forminator-field-textarea-1_6a06eacaeb8be-description\" class=\"forminator-description\"><span data-limit=\"180\" data-type=\"characters\">0 \/ 180<\/span><\/span><\/div><\/div><\/div><input type=\"hidden\" name=\"referer_url\" value=\"\" \/><div class=\"forminator-row forminator-row-last\"><div class=\"forminator-col\"><div class=\"forminator-field\"><button class=\"forminator-button forminator-button-submit\">TEKL\u0130F G&Ouml;NDER<\/button><\/div><\/div><\/div><input type=\"hidden\" id=\"forminator_nonce\" name=\"forminator_nonce\" value=\"08a1fc63e4\" \/><input type=\"hidden\" name=\"_wp_http_referer\" value=\"\/index.php\/wp-json\/wp\/v2\/pages\/4134\" \/><input type=\"hidden\" name=\"form_id\" value=\"4135\"><input type=\"hidden\" name=\"page_id\" value=\"4134\"><input type=\"hidden\" name=\"form_type\" value=\"default\"><input type=\"hidden\" name=\"current_url\" value=\"https:\/\/www.kardelencit.com\/index.php\/teklif-formu\/\"><input type=\"hidden\" name=\"render_id\" value=\"0\"><input type=\"hidden\" name=\"action\" value=\"forminator_submit_form_custom-forms\"><\/form><\/div>\n","protected":false},"excerpt":{"rendered":"Ad *Soyad *Telefon Numaras\u0131 *E-posta Adresi *Adres\u015eehir\u0130l\u00e7eToplam \u00c7evre Uzunlu\u011fuTercih Edilen \u00c7it SistemiSe\u00e7Panel \u00c7it\u00c7im \u00c7itJiletli TelDi\u011fer\u00c7it Y\u00fcksekli\u011fiZemin T\u00fcr\u00fcToprakBetonDosya y\u00fckleDosya Se\u00e7Dosya se\u00e7ilmediY\u00fcklenen [...]","protected":false},"author":1,"featured_media":0,"parent":0,"menu_order":0,"comment_status":"closed","ping_status":"closed","template":"","meta":{"ngg_post_thumbnail":0,"footnotes":""},"class_list":["post-4134","page","type-page","status-publish","hentry"],"aioseo_notices":[],"jetpack-related-posts":[],"jetpack_sharing_enabled":true,"_links":{"self":[{"href":"https:\/\/www.kardelencit.com\/index.php\/wp-json\/wp\/v2\/pages\/4134","targetHints":{"allow":["GET"]}}],"collection":[{"href":"https:\/\/www.kardelencit.com\/index.php\/wp-json\/wp\/v2\/pages"}],"about":[{"href":"https:\/\/www.kardelencit.com\/index.php\/wp-json\/wp\/v2\/types\/page"}],"author":[{"embeddable":true,"href":"https:\/\/www.kardelencit.com\/index.php\/wp-json\/wp\/v2\/users\/1"}],"replies":[{"embeddable":true,"href":"https:\/\/www.kardelencit.com\/index.php\/wp-json\/wp\/v2\/comments?post=4134"}],"version-history":[{"count":1,"href":"https:\/\/www.kardelencit.com\/index.php\/wp-json\/wp\/v2\/pages\/4134\/revisions"}],"predecessor-version":[{"id":4136,"href":"https:\/\/www.kardelencit.com\/index.php\/wp-json\/wp\/v2\/pages\/4134\/revisions\/4136"}],"wp:attachment":[{"href":"https:\/\/www.kardelencit.com\/index.php\/wp-json\/wp\/v2\/media?parent=4134"}],"curies":[{"name":"wp","href":"https:\/\/api.w.org\/{rel}","templated":true}]}}