{"id":446,"date":"2018-05-07T12:41:11","date_gmt":"2018-05-07T09:41:11","guid":{"rendered":"http:\/\/keenitsolutions.com\/products\/wordpress\/rsconstruction\/?page_id=446"},"modified":"2021-11-18T01:55:29","modified_gmt":"2021-11-17T22:55:29","slug":"referanslar","status":"publish","type":"page","link":"https:\/\/www.kardelencit.com\/index.php\/referanslar\/","title":{"rendered":"Referanslar"},"content":{"rendered":"<p>[vc_row css=&#8221;.vc_custom_1529903784328{margin-top: 91px !important;}&#8221; el_class=&#8221;rs-about1&#8243;][vc_column width=&#8221;1\/2&#8243;][vc_column_text]<strong>ATAK\u00d6Y MAR\u0130NA VE YAT \u0130\u015eLETMELER\u0130 A.\u015e.<br \/>\nYILDIZ GEM\u0130 ve MAK\u0130NA SAN.T\u0130C.A.\u015e. ( PERINI NAVI GROUP )<br \/>\nDERYA \u0130N\u015eAAT VE T\u0130CARET A.\u015e. ( ATAK\u00d6Y MAR\u0130NA )<br \/>\nCEYNAK LOJ\u0130ST\u0130K VE T\u0130CARET A.\u015e. ( \u0130kitelli T\u0131r Garaj\u0131 )<br \/>\nKAYI \u0130N\u015eAAT SANAY\u0130 VE T\u0130CARET A.\u015e.<br \/>\nA\u011eAO\u011eLU MY TOWN ISPARTAKULE<br \/>\nGOODYEAR LAST\u0130KLER\u0130 T.A.\u015e.<br \/>\nKA\u015eIBEYAZ TUR\u0130ZM \u0130\u015eL.SAN. ve T\u0130C. A.\u015e.<br \/>\nA\u011eAO\u011eLU MY C\u0130TY \/ BAH\u00c7EL\u0130EVLER<br \/>\nKA\u015eIBEYAZ TUR\u0130ZM \u0130\u015eL.SAN. ve T\u0130C. A.\u015e.<br \/>\nMARES \u0130N\u015e.YATIRIM MOB\u0130LYA \u0130\u015eLT.SAN.T\u0130C.A.\u015e.<br \/>\nCAFFE NERO GIDA \u00dcR\u00dcNLER\u0130 A.\u015e.<br \/>\nPRESSAN MADEN\u0130 E\u015eYA SANAY\u0130 VE T\u0130CARET A.\u015e.<br \/>\nS.S. YE\u015e\u0130L S\u0130TE KYK<br \/>\nSEMERKAND YAPI A.\u015e.<br \/>\nUPHILL COURT B1 BLOK V\u0130LL.Y\u00d6NET\u0130M\u0130<br \/>\nFLORA PARK \u0130STANBUL EVLER\u0130<br \/>\nOYTA\u015e &#8211; YILDIZ ULUSL.\u0130N\u015e.SAN.T\u0130C.LTD.\u015eT\u0130.<br \/>\nYURT \u0130\u00c7\u0130 KARGO A.\u015e.<br \/>\nK\u0130LER LOJ\u0130ST\u0130K A.\u015e.<br \/>\nHAB\u0130TAT PARK<br \/>\nBELDE GAYR\u0130MENKUL GEL\u015e.\u0130N\u015e. YTRM.SAN.T\u0130C.LTD.\u015eT\u0130.<br \/>\nALBATROS AJANS B\u00dcY\u00dcK MA\u011eAZACILIK SAN.T\u0130C.LTD.\u015eT\u0130. <\/strong><strong>YEN\u0130 DO\u011eU\u015e \u0130N\u015eAAT A.\u015e.<br \/>\nMEPSAN METAL PAR\u00c7A VE PLAST\u0130K SAN.A.\u015e.<br \/>\n\u00d6ZEN MAK\u0130NA D\u0130ZAYN \u0130ML.MONTAJ A.\u015e.<br \/>\nAKUVA SU OYUNLARI TUR\u0130ZM \u0130N\u015e.SAN.A.\u015e<br \/>\n\u0130STHANBUL EVLER\u0130 S\u0130TE Y\u00d6NET\u0130M\u0130<br \/>\nUPS TEKNOLOJ\u0130 KES\u0130NT\u0130S\u0130Z G\u00dc\u00c7 KAYNAKLARI SAN.T\u0130C.&nbsp; <\/strong><strong>BAKIRK\u00d6Y BELED\u0130YES\u0130 \/ SAH\u0130L KORUMA DERNE\u011e\u0130 <\/strong><strong>SOLARKENT S\u0130TES\u0130<\/strong><\/p>\n<p><strong>DAT\u0130 HOLD\u0130NG ( Atak\u00f6y Marina )<\/strong>[\/vc_column_text][vc_column_text][\/vc_column_text][\/vc_column][vc_column width=&#8221;1\/2&#8243;][vc_column_text]<strong>SEFAK\u00d6Y KANARYA KARAKOLU 7 EM\u0130N OTOPARKI<br \/>\nALAADD\u0130N SPOR CLUB \/ ARA\u00c7 OTOPARKI<br \/>\nSPORC\u0130TY \/ BEYL\u0130KD\u00dcZ\u00dc<br \/>\nG\u00dcM\u00dc\u015e \u00c7OCUKLAR ANA OKULU<br \/>\n7 C\u00dcCELER ANA OKULU<br \/>\nMAV\u0130\u015e \u00c7OCUKLAR ANA OKULU<br \/>\nBA\u015eAK\u015eEH\u0130R 4.ETAP 1.KISIM KAPALI PAZAR YER\u0130<br \/>\nFULL BENZ\u0130N \u0130STASYONU<br \/>\nTAN OVA S\u0130TES\u0130<br \/>\nSOLARKENT S\u0130TES\u0130 ( At\u0131k Istasyonu \u00c7evresi )<br \/>\nATA S\u0130TES\u0130 7-8 KISIM<br \/>\nLOTUS ANTREPO LOJ\u0130ST\u0130K VE TA\u015e.H\u0130Z.DI\u015e T\u0130C.LTD.\u015eT\u0130.<br \/>\nTURYOL L\u0130MAN \u0130\u015eLETMELER\u0130 A.\u015e.<br \/>\nT\u00dcRKSAN Y\u00dcKSEK TEKNOLOJ\u0130LER LTD.\u015eT\u0130.<br \/>\nBEREKET KUYUMCULUK LTD.\u015eT\u0130.<br \/>\nELEKTROMAK ENERJ\u0130 \u0130N\u015eAAT HAYVANCILIK LTD.\u015eT\u0130.<br \/>\nAYDINLI \u0130N\u015eAAT TUR\u0130ZM SAN.VE T\u0130C.A.\u015e.<br \/>\nBEDA\u015e \/ AVCILAR G\u00dcM\u00dc\u015ePALA TRAFO \u00c7EVRES\u0130<br \/>\nBEDA\u015e \/ BEYL\u0130KD\u00dcZ\u00dc FLORA PARK S\u0130T.TRAFO \u00c7EVRES\u0130<br \/>\nHURSAN LOJ\u0130ST\u0130K VE DI\u015e T\u0130CARET A.\u015e.<br \/>\nDAT\u0130 HOLD\u0130NG \/ ATAK\u00d6Y MAR\u0130NA<br \/>\n\u00d6RNEK OTOMOT\u0130V LTD.\u015eT\u0130. ( OTOKAR )<br \/>\nYILDIZ GEM\u0130 ve MAK\u0130NA SAN.T\u0130C.A.\u015e. ( \u0130LAVE UYGULAMA)<br \/>\nTCA \u0130N\u015eAAT A.\u015e. ( Bah\u00e7e\u015fehir Full Akaryak\u0131t \u0130stasyonu )<br \/>\nERDO\u011eANLAR MOB\u0130LYA LTD.\u015eT\u0130.<br \/>\nFROMA K\u0130MYA GIDA VE AMB.SAN.T\u0130C.LTD.\u015eT\u0130.<br \/>\nMOB\u0130LSAN \u0130N\u015e.TAH.MOB\u0130LYA SAN VE T\u0130C.LTD.\u015eT\u0130.<br \/>\nRE\u00c7BER KABLO SANAY\u0130 VE T\u0130CARET LTD.\u015eT\u0130.<br \/>\nGNM G\u00dcMR\u00dcK DANI\u015eMANLIK VE DI\u015e T\u0130C.LTD.\u015eT\u0130.<br \/>\nYEN\u0130 DO\u011eU\u015e \u0130N\u015eAAT A.\u015e.<br \/>\nM\u0130LPARK KONUTLARI S\u0130TES\u0130<br \/>\nORMETSAN \u0130N\u015e.HARF.NAK.SAN.T\u0130C.LTD.\u015eT\u0130. \/ Avc\u0131lar Konaklar\u0131<\/strong>[\/vc_column_text][\/vc_column][\/vc_row][vc_row full_width=&#8221;stretch_row&#8221; content_placement=&#8221;middle&#8221; css=&#8221;.vc_custom_1528762987494{padding-top: 54px !important;padding-bottom: 75px !important;background-image: url(http:\/\/keenitsolutions.com\/products\/wordpress\/batiment\/wp-content\/uploads\/2018\/05\/architecture-counter-1.jpg?id=1142) !important;background-position: center !important;background-repeat: no-repeat !important;background-size: cover !important;}&#8221; el_id=&#8221;rs-counter&#8221; el_class=&#8221;overlay-dark&#8221;][vc_column]\r\n        <div class=\"rs-heading  vc_custom_1636031587295  center\">\r\n        \t<div class=\"title-inner\">\r\n\t            <span class=\"sub-text\">Kardelen Panel \u00c7it Sistemleri<\/span>\r\n\t            <h2 style=\"color: #ffffff\">Ba\u015far\u0131lar\u0131m\u0131z<\/h2>\r\n\t        <\/div><\/div>[vc_row_inner][vc_column_inner width=&#8221;1\/4&#8243;]\r\n\t<div class=\"counter-top-area \">\r\n    <div class=\"rs-counter-list\">\r\n\t\t\r\n        <div class=\"count-text\"><div class=\"count-number\" style=\"color: #ffffff\"><h3 class=\"rs-counter\" style=\"color: #ffffff\">100<\/h3><span>%<\/span><\/div>         \r\n        <h4 style=\"color: #cacaca\">Kaliteli Hizmet<\/h4><\/div>\r\n    <\/div><\/div>[\/vc_column_inner][vc_column_inner width=&#8221;1\/4&#8243;]\r\n\t<div class=\"counter-top-area \">\r\n    <div class=\"rs-counter-list\">\r\n\t\t\r\n        <div class=\"count-text\"><div class=\"count-number\" style=\"color: #ffffff\"><h3 class=\"rs-counter\" style=\"color: #ffffff\">3675<\/h3><\/div>         \r\n        <h4 style=\"color: #cacaca\">Memnun M\u00fc\u015fteri<\/h4><\/div>\r\n    <\/div><\/div>[\/vc_column_inner][vc_column_inner width=&#8221;1\/4&#8243;]\r\n\t<div class=\"counter-top-area \">\r\n    <div class=\"rs-counter-list\">\r\n\t\t\r\n        <div class=\"count-text\"><div class=\"count-number\" style=\"color: #ffffff\"><h3 class=\"rs-counter\" style=\"color: #ffffff\">3675<\/h3><\/div>         \r\n        <h4 style=\"color: #cacaca\">Tamamlanm\u0131\u015f Projeler<\/h4><\/div>\r\n    <\/div><\/div>[\/vc_column_inner][vc_column_inner width=&#8221;1\/4&#8243;]\r\n\t<div class=\"counter-top-area \">\r\n    <div class=\"rs-counter-list\">\r\n\t\t\r\n        <div class=\"count-text\"><div class=\"count-number\" style=\"color: #ffffff\"><h3 class=\"rs-counter\" style=\"color: #ffffff\">11<\/h3><\/div>         \r\n        <h4 style=\"color: #cacaca\">Y\u0131ll\u0131k Deneyim<\/h4><\/div>\r\n    <\/div><\/div>[\/vc_column_inner][\/vc_row_inner][\/vc_column][\/vc_row][vc_row css=&#8221;.vc_custom_1529477577088{padding-top: 35px !important;padding-bottom: 70px !important;}&#8221;][vc_column]<div class=\"rs-partner  \">           \r\n\t\t\t\t\t<div class=\"partner-carousel owl-carousel\" data-carousel-options=\"{&quot;nav&quot;:true,&quot;navText&quot;:[&quot;&lt;i class=&#039;fa fa-angle-left&#039;&gt;&lt;\\\/i&gt;&quot;,&quot;&lt;i class=&#039;fa fa-angle-right&#039;&gt;&lt;\\\/i&gt;&quot;],&quot;dots&quot;:false,&quot;autoplay&quot;:true,&quot;autoplayTimeout&quot;:&quot;5000&quot;,&quot;autoplaySpeed&quot;:&quot;200&quot;,&quot;autoplayHoverPause&quot;:true,&quot;loop&quot;:true,&quot;margin&quot;:30,&quot;responsive&quot;:{&quot;0&quot;:{&quot;items&quot;:&quot;1&quot;},&quot;480&quot;:{&quot;items&quot;:&quot;2&quot;},&quot;768&quot;:{&quot;items&quot;:&quot;3&quot;},&quot;992&quot;:{&quot;items&quot;:&quot;4&quot;},&quot;1200&quot;:{&quot;items&quot;:&quot;5&quot;}}}\"><div class=\"partner-item\">\r\n\t\t\t\t<a href=\"#\" target=\"_blank\"><img decoding=\"async\" src=\"https:\/\/i0.wp.com\/www.kardelencit.com\/wp-content\/uploads\/2021\/11\/Eurofence.png?fit=300%2C150&ssl=1\" alt=\"Eurofence\"><\/a>\r\n\t\t\t\t<\/div><div class=\"partner-item\">\r\n\t\t\t\t<a href=\"#\" target=\"_blank\"><img decoding=\"async\" src=\"https:\/\/i0.wp.com\/www.kardelencit.com\/wp-content\/uploads\/2018\/05\/betafence-2.png?fit=300%2C150&ssl=1\" alt=\"Betafence\"><\/a>\r\n\t\t\t\t<\/div><\/div>\r\n\t<\/div>[\/vc_column][\/vc_row][vc_row full_width=&#8221;stretch_row&#8221; content_placement=&#8221;middle&#8221; el_id=&#8221;cta-sec&#8221; css=&#8221;.vc_custom_1525770342759{padding-top: 35px !important;padding-bottom: 35px !important;background-color: #fbc02d !important;}&#8221;][vc_column width=&#8221;1\/6&#8243;][vc_single_image image=&#8221;2073&#8243; img_size=&#8221;full&#8221;][\/vc_column][vc_column width=&#8221;7\/12&#8243;][vc_column_text el_class=&#8221;callto-desc&#8221;]<\/p>\n<p class=\"call-subtitle\">Projeniz \u0130\u00e7in Formu Doldurup G\u00f6nderin !<\/p>\n<p class=\"call-title\">Kardelen Panel \u00c7it Sistemleri<\/p>\n<p>[\/vc_column_text][\/vc_column][vc_column width=&#8221;1\/4&#8243;][vc_column_text el_class=&#8221;text-right&#8221;]<a class=\"readon\" href=\"https:\/\/www.kardelencit.com\/index.php\/teklif-formu\/\"><b>PROJEN\u0130 BA\u015eLAT<\/b><\/a>[\/vc_column_text][\/vc_column][\/vc_row]<\/p>\n","protected":false},"excerpt":{"rendered":"<p>[vc_row css=&#8221;.vc_custom_1529903784328{margin-top: 91px !important;}&#8221; el_class=&#8221;rs-about1&#8243;][vc_column width=&#8221;1\/2&#8243;][vc_column_text]ATAK\u00d6Y MAR\u0130NA VE YAT \u0130\u015eLETMELER\u0130 A.\u015e. YILDIZ GEM\u0130 ve MAK\u0130NA SAN.T\u0130C.A.\u015e. ( PERINI NAVI GROUP&#8230;<\/p>\n","protected":false},"author":1,"featured_media":0,"parent":0,"menu_order":0,"comment_status":"open","ping_status":"open","template":"","meta":{"ngg_post_thumbnail":0,"footnotes":""},"class_list":["post-446","page","type-page","status-publish","hentry"],"aioseo_notices":[],"jetpack-related-posts":[],"jetpack_sharing_enabled":true,"_links":{"self":[{"href":"https:\/\/www.kardelencit.com\/index.php\/wp-json\/wp\/v2\/pages\/446","targetHints":{"allow":["GET"]}}],"collection":[{"href":"https:\/\/www.kardelencit.com\/index.php\/wp-json\/wp\/v2\/pages"}],"about":[{"href":"https:\/\/www.kardelencit.com\/index.php\/wp-json\/wp\/v2\/types\/page"}],"author":[{"embeddable":true,"href":"https:\/\/www.kardelencit.com\/index.php\/wp-json\/wp\/v2\/users\/1"}],"replies":[{"embeddable":true,"href":"https:\/\/www.kardelencit.com\/index.php\/wp-json\/wp\/v2\/comments?post=446"}],"version-history":[{"count":15,"href":"https:\/\/www.kardelencit.com\/index.php\/wp-json\/wp\/v2\/pages\/446\/revisions"}],"predecessor-version":[{"id":4205,"href":"https:\/\/www.kardelencit.com\/index.php\/wp-json\/wp\/v2\/pages\/446\/revisions\/4205"}],"wp:attachment":[{"href":"https:\/\/www.kardelencit.com\/index.php\/wp-json\/wp\/v2\/media?parent=446"}],"curies":[{"name":"wp","href":"https:\/\/api.w.org\/{rel}","templated":true}]}}