{"id":743,"date":"2018-05-10T04:51:52","date_gmt":"2018-05-10T01:51:52","guid":{"rendered":"http:\/\/keenitsolutions.com\/products\/wordpress\/rsconstruction\/?page_id=743"},"modified":"2021-11-12T01:24:14","modified_gmt":"2021-11-11T22:24:14","slug":"sorulan-sorular","status":"publish","type":"page","link":"https:\/\/www.kardelencit.com\/index.php\/sorulan-sorular\/","title":{"rendered":"S\u0131k Sorulan Sorular"},"content":{"rendered":"<p>[vc_row css=&#8221;.vc_custom_1529918116600{padding-top: 100px !important;padding-bottom: 60px !important;}&#8221; el_class=&#8221;services-sidebar-details&#8221;][vc_column width=&#8221;3\/12&#8243;][vc_wp_custommenu title=&#8221;What We Do&#8221; nav_menu=&#8221;20&#8243; el_class=&#8221;margin-remove&#8221;][vc_column_text]<\/p>\n<div class=\"widget widget_brochures\">\n<h2 class=\"widgettitle\">S\u0131k\u00e7a Sorulanlar<\/h2>\n<p><a title=\"S\u0131k Sorulan Sorular\" href=\"https:\/\/www.kardelencit.com\/index.php\/sorulan-sorular\/\">Kardelen \u00c7it Katalog.Pdf<\/a><\/p>\n<p><a href=\"https:\/\/www.kardelencit.com\/index.php\/shop\/\">\u00dcr\u00fcnlerimiz<\/a><\/p>\n<p><a href=\"https:\/\/www.kardelencit.com\/index.php\/service-category\/hizmetlerimiz\/\">Hizmetlerimiz<\/a><\/p>\n<p><a href=\"https:\/\/www.kardelencit.com\/index.php\/project-3-column\/\">Projelerimiz<\/a><\/p>\n<p><a href=\"https:\/\/www.kardelencit.com\/index.php\/iletisim\/\">\u0130leti\u015fim<\/a><\/p>\n<\/div>\n<p>[\/vc_column_text][vc_btn title=&#8221;Abone Olun !&#8221; shape=&#8221;square&#8221; align=&#8221;left&#8221; el_class=&#8221;inquiry-btn&#8221; link=&#8221;url:%23|||&#8221; css=&#8221;.vc_custom_1636529070859{margin-bottom: 50px !important;}&#8221;][\/vc_column][vc_column width=&#8221;9\/12&#8243;][vc_single_image image=&#8221;3756&#8243; img_size=&#8221;large&#8221; alignment=&#8221;center&#8221; css=&#8221;.vc_custom_1636529974788{margin-bottom: 30px !important;}&#8221;][vc_row_inner el_class=&#8221;hidden-xs&#8221;][vc_column_inner width=&#8221;1\/4&#8243;][vc_single_image image=&#8221;3758&#8243; img_size=&#8221;full&#8221; alignment=&#8221;center&#8221; style=&#8221;vc_box_rounded&#8221; onclick=&#8221;link_image&#8221;][\/vc_column_inner][vc_column_inner width=&#8221;1\/4&#8243;][vc_single_image image=&#8221;3763&#8243; img_size=&#8221;full&#8221; alignment=&#8221;center&#8221; style=&#8221;vc_box_rounded&#8221; onclick=&#8221;link_image&#8221;][\/vc_column_inner][vc_column_inner width=&#8221;1\/4&#8243;][vc_single_image image=&#8221;3789&#8243; img_size=&#8221;full&#8221; alignment=&#8221;center&#8221; style=&#8221;vc_box_rounded&#8221; onclick=&#8221;link_image&#8221;][\/vc_column_inner][vc_column_inner width=&#8221;1\/4&#8243;][vc_single_image image=&#8221;3790&#8243; img_size=&#8221;full&#8221; alignment=&#8221;center&#8221; style=&#8221;vc_box_rounded&#8221; onclick=&#8221;link_image&#8221;][\/vc_column_inner][\/vc_row_inner][vc_row_inner css=&#8221;.vc_custom_1529663554353{margin-bottom: 20px !important;padding-top: 0px !important;}&#8221;][vc_column_inner css=&#8221;.vc_custom_1529663602832{padding-top: 0px !important;}&#8221;][vc_column_text css=&#8221;.vc_custom_1636530051436{margin-bottom: 0px !important;}&#8221;]<\/p>\n<h3>S\u0131k\u00e7a Sorulan Sorular<\/h3>\n<p>[\/vc_column_text][\/vc_column_inner][\/vc_row_inner][vc_tta_accordion active_section=&#8221;1&#8243; el_id=&#8221;rs-accordion2&#8243; el_class=&#8221;rs-accordion2&#8243;][vc_tta_section title=&#8221;BANA EN UYGUN \u00c7\u0130T HANG\u0130S\u0130D\u0130R, NASIL KARAR VEREB\u0130L\u0130R\u0130M?&#8221; tab_id=&#8221;architect&#8221;][vc_column_text]Bu sorunuzun a\u015fa\u011f\u0131daki uygulama \u00f6rneklerine bakarak cevaplayabilirsiniz.<\/p>\n<p>V\u0130LLA, S\u0130TE, APARTMAN \u00d6RNEKLER\u0130<\/p>\n<p>\u0130\u015eYER\u0130 \u00d6RNEKLER\u0130<\/p>\n<p>\u00c7OK AMA\u00c7LI UYGULAMA \u00d6RNEKLER\u0130<\/p>\n<p>KAPI \u00d6RNEKLER\u0130<\/p>\n<p>Ayr\u0131ca, dilerseniz uzmanlar\u0131m\u0131z\u0131n yerinde \u00fccretsiz yapacaklar\u0131 ke\u015fif ile karar vermenize yard\u0131mc\u0131 olabiliriz.[\/vc_column_text][\/vc_tta_section][vc_tta_section title=&#8221;YE\u015e\u0130L TEK RENK M\u0130D\u0130R?&#8221; tab_id=&#8221;design&#8221;][vc_column_text]\u00dcr\u00fcnlerimiz standart RAL 6005 koyu ye\u015fil renklidir. Ancak belirli bir say\u0131n\u0131n \u00fczerinde olmak kayd\u0131 ile istenirse di\u011fer RAL renklerinde de \u00fcretim yap\u0131labilir.[\/vc_column_text][\/vc_tta_section][vc_tta_section title=&#8221;HER YERE MONTAJ YAPILIR MI?&#8221; tab_id=&#8221;satisfaction&#8221;][vc_column_text]Genellikle her yere Eurofence montaj\u0131 yap\u0131l\u0131r.<\/p>\n<p>TOPRAK ZEM\u0130N<\/p>\n<p>BETON ZEM\u0130N<\/p>\n<p>BETON DUVAR<\/p>\n<p>KARATA\u015e HARPU\u015eTALI DUVAR.<\/p>\n<p>TU\u011eLA \u00dcZER\u0130 HATIL DUVAR.<\/p>\n<p>Baz\u0131 durumlarda yerinde tedbir al\u0131narak \u00f6zel \u00e7\u00f6z\u00fcmler de \u00fcretilebilir.[\/vc_column_text][\/vc_tta_section][vc_tta_section title=&#8221;TOPRAK ZEM\u0130N \u00dcZER\u0130NE MONTAJ NASIL YAPILIR?&#8221; tab_id=&#8221;1636657956655-79c592e1-4494&#8243;][vc_column_text]Toprak zemin \u00fczerine montajda direkler, topra\u011fa g\u00f6mme pay\u0131 vermek i\u00e7in normalden 40-50 cm kadar uzundur. Direkler 40-50 cm topra\u011fa g\u00f6m\u00fcp betonlama suretiyle de montaj yap\u0131labilir.[\/vc_column_text][\/vc_tta_section][vc_tta_section title=&#8221;MONTAJ \u0130\u00c7\u0130N GEREKL\u0130 AKSESUARLAR NASIL TEDAR\u0130K ED\u0130L\u0130R?&#8221; tab_id=&#8221;1636658015315-5bb2f5c9-2310&#8243;][vc_column_text]Montaj i\u00e7in gerekli t\u00fcm aksesuarlar (klipsler, direk \u015fapkalar\u0131, direk d\u00fcbelleri) fiyatlara dahildir ve taraf\u0131m\u0131zca bir tak\u0131m halinde sizlere sunulacakt\u0131r.[\/vc_column_text][\/vc_tta_section][vc_tta_section title=&#8221;GARANT\u0130 VE MALZEME DAYANIKLILI\u011eI NE KADARDIR?&#8221; tab_id=&#8221;1636658046681-450a689c-9f18&#8243;][vc_column_text]Eurofence\u2019lerin termoplastik kapl\u0131 olanlar\u0131 10 y\u0131l, polyester boyal\u0131 olanlar\u0131 ise 3 y\u0131l garanti kapsam\u0131ndad\u0131r. Ayr\u0131ca t\u00fcm kullan\u0131lan plastik aksesuarlar, UV \u0131\u015f\u0131nlar\u0131na dayan\u0131kl\u0131 ve solmayan polyamid malzemeden \u00fcretilmi\u015ftir.[\/vc_column_text][\/vc_tta_section][vc_tta_section title=&#8221;DE\u011e\u0130\u015e\u0130K \u00c7AP VE ARALIKTA \u00dcRET\u0130M YAPILAB\u0130L\u0130R M\u0130?&#8221; tab_id=&#8221;1636658076713-38fdf81b-799a&#8221;][vc_column_text]Belirli bir miktar\u0131n \u00fczerinde olmak kayd\u0131 ile daha kal\u0131n \u00e7ap ve farkl\u0131 aral\u0131klarda \u00fcretim yap\u0131labilir.[\/vc_column_text][\/vc_tta_section][vc_tta_section title=&#8221;B\u0130R G\u00dcNDE NE KADARLIK B\u0130R ALAN \u00c7EVR\u0130LEB\u0130L\u0130R?&#8221; tab_id=&#8221;1636658106158-0533457e-5593&#8243;][vc_column_text]Bir g\u00fcnde iki ki\u015fi rahatl\u0131kla d\u00fcz zemini olan 75-100 m. uzunlu\u011fundaki bir alana&nbsp;eurofence\u2019leri monte ederek g\u00fcvenlik alt\u0131na alabilir.[\/vc_column_text][\/vc_tta_section][vc_tta_section title=&#8221;DAHA FAZLA G\u00dcVENL\u0130K SA\u011eLANAB\u0130L\u0130R M\u0130?&#8221; tab_id=&#8221;1636658134227-709614c7-1b62&#8243;][vc_column_text]Eurofence\u2018lerin \u00fcstlerine jiletli tel, \u00f6zel g\u00fcvenlik kameralar\u0131 ve merkezi kontrol sistemleri ilave edilebilir.[\/vc_column_text][\/vc_tta_section][\/vc_tta_accordion][\/vc_column][\/vc_row]<\/p>\n","protected":false},"excerpt":{"rendered":"<p>[vc_row css=&#8221;.vc_custom_1529918116600{padding-top: 100px !important;padding-bottom: 60px !important;}&#8221; el_class=&#8221;services-sidebar-details&#8221;][vc_column width=&#8221;3\/12&#8243;][vc_wp_custommenu title=&#8221;What We Do&#8221; nav_menu=&#8221;20&#8243; el_class=&#8221;margin-remove&#8221;][vc_column_text] S\u0131k\u00e7a Sorulanlar Kardelen \u00c7it Katalog.Pdf \u00dcr\u00fcnlerimiz Hizmetlerimiz&#8230;<\/p>\n","protected":false},"author":1,"featured_media":0,"parent":0,"menu_order":0,"comment_status":"open","ping_status":"open","template":"","meta":{"ngg_post_thumbnail":0,"footnotes":""},"class_list":["post-743","page","type-page","status-publish","hentry"],"aioseo_notices":[],"jetpack-related-posts":[],"jetpack_sharing_enabled":true,"_links":{"self":[{"href":"https:\/\/www.kardelencit.com\/index.php\/wp-json\/wp\/v2\/pages\/743","targetHints":{"allow":["GET"]}}],"collection":[{"href":"https:\/\/www.kardelencit.com\/index.php\/wp-json\/wp\/v2\/pages"}],"about":[{"href":"https:\/\/www.kardelencit.com\/index.php\/wp-json\/wp\/v2\/types\/page"}],"author":[{"embeddable":true,"href":"https:\/\/www.kardelencit.com\/index.php\/wp-json\/wp\/v2\/users\/1"}],"replies":[{"embeddable":true,"href":"https:\/\/www.kardelencit.com\/index.php\/wp-json\/wp\/v2\/comments?post=743"}],"version-history":[{"count":14,"href":"https:\/\/www.kardelencit.com\/index.php\/wp-json\/wp\/v2\/pages\/743\/revisions"}],"predecessor-version":[{"id":4013,"href":"https:\/\/www.kardelencit.com\/index.php\/wp-json\/wp\/v2\/pages\/743\/revisions\/4013"}],"wp:attachment":[{"href":"https:\/\/www.kardelencit.com\/index.php\/wp-json\/wp\/v2\/media?parent=743"}],"curies":[{"name":"wp","href":"https:\/\/api.w.org\/{rel}","templated":true}]}}