{"id":774,"date":"2018-05-10T05:37:27","date_gmt":"2018-05-10T02:37:27","guid":{"rendered":"http:\/\/keenitsolutions.com\/products\/wordpress\/rsconstruction\/?page_id=774"},"modified":"2021-11-18T02:26:01","modified_gmt":"2021-11-17T23:26:01","slug":"iletisim","status":"publish","type":"page","link":"https:\/\/www.kardelencit.com\/index.php\/iletisim\/","title":{"rendered":"\u0130leti\u015fim"},"content":{"rendered":"<p>[vc_row el_id=&#8221;rscontact-pages&#8221; css=&#8221;.vc_custom_1525933225306{padding-top: 100px !important;padding-bottom: 65px !important;}&#8221;][vc_column width=&#8221;4\/12&#8243;][vc_row_inner][vc_column_inner el_class=&#8221;contact-details&#8221;][vc_icon icon_fontawesome=&#8221;&#8221; color=&#8221;black&#8221; background_style=&#8221;rounded&#8221; background_color=&#8221;orange&#8221; size=&#8221;sm&#8221; align=&#8221;center&#8221; link=&#8221;url:https%3A%2F%2Fg.page%2Fkardelenpanelcit%3Fshare||target:%20_blank|&#8221;][vc_column_text]<\/p>\n<p style=\"text-align: center;\"><a href=\"https:\/\/g.page\/kardelenpanelcit?share\"><strong>KONUMA G\u0130T<\/strong><\/a><\/p>\n<p style=\"text-align: center;\"><a href=\"https:\/\/g.page\/kardelenpanelcit?share\" target=\"_blank\" rel=\"noopener\">Cihangir Civa Cad. No : 5\/A 34310<\/a><br \/>\n<a href=\"https:\/\/g.page\/kardelenpanelcit?share\" target=\"_blank\" rel=\"noopener\">Avc\u0131lar \/ \u0130stanbul<\/a><\/p>\n<p>[\/vc_column_text][\/vc_column_inner][\/vc_row_inner][vc_row_inner css=&#8221;.vc_custom_1526625784058{margin-top: 30px !important;}&#8221;][vc_column_inner el_class=&#8221;contact-details&#8221;][vc_icon icon_fontawesome=&#8221;fa fa-phone&#8221; color=&#8221;black&#8221; background_style=&#8221;rounded&#8221; background_color=&#8221;orange&#8221; size=&#8221;sm&#8221; align=&#8221;center&#8221;][vc_column_text]<\/p>\n<p style=\"text-align: center;\">Phone: <a href=\"tel:+905334634536\" data-dtype=\"d3ifr\" data-local-attribute=\"d3ph\" data-ved=\"2ahUKEwiNvO_Yv_7zAhUpiIsKHQXCC7wQkAgoAHoECGAQAw\"><span aria-label=\"0533 463 45 36 Numaral\u0131 Telefonu Ara\">0533 463 45 36<\/span><\/a><br \/>\nPhone: <a href=\"tel:+902126761330\">0212 676 13 30&nbsp;<\/a><\/p>\n<p>[\/vc_column_text][\/vc_column_inner][\/vc_row_inner][vc_row_inner css=&#8221;.vc_custom_1526625792370{margin-top: 30px !important;}&#8221;][vc_column_inner el_class=&#8221;contact-details&#8221;][vc_icon icon_fontawesome=&#8221;fa fa-envelope&#8221; color=&#8221;black&#8221; background_style=&#8221;rounded&#8221; background_color=&#8221;orange&#8221; size=&#8221;sm&#8221; align=&#8221;center&#8221;][vc_column_text]<\/p>\n<p style=\"text-align: center;\">Email: <a href=\"mailto:info@kardelencit.com\">info@kardelencit.com<\/a><br \/>\nWeb:&nbsp;<a href=\"http:\/\/kardelencit.com\/\">www.kardelencit.com<\/a><\/p>\n<p>[\/vc_column_text][\/vc_column_inner][\/vc_row_inner][\/vc_column][vc_column width=&#8221;8\/12&#8243;][vc_gmaps link=&#8221;#E-8_JTNDaWZyYW1lJTIwc3JjJTNEJTIyaHR0cHMlM0ElMkYlMkZ3d3cuZ29vZ2xlLmNvbSUyRm1hcHMlMkZlbWJlZCUzRnBiJTNEJTIxMW0xOCUyMTFtMTIlMjExbTMlMjExZDMwMTEuNzA1MTQ0MDk5OTA1MyUyMTJkMjguNzA5ODcwMjE1NjYxNjIlMjEzZDQwLjk4NzkzNjkyODYyNDY5JTIxMm0zJTIxMWYwJTIxMmYwJTIxM2YwJTIxM20yJTIxMWkxMDI0JTIxMmk3NjglMjE0ZjEzLjElMjEzbTMlMjExbTIlMjExczB4MTRjYWEwNTEzMzk1NDI3MyUyNTNBMHhhN2VmOTkwMzJjNTIzMzc5JTIxMnpTMEZTUkVWTVJVNGdVRUZPUlV3Z3c0ZkVzRlFnVThTd1UxUkZUVXhGVXNTdyUyMTVlMCUyMTNtMiUyMTFzdHIlMjEyc3RyJTIxNHYxNjM2MDIyNTcyNTk3JTIxNW0yJTIxMXN0ciUyMTJzdHIlMjIlMjB3aWR0aCUzRCUyMjY2NSUyMiUyMGhlaWdodCUzRCUyMjY2NSUyMiUyMHN0eWxlJTNEJTIyYm9yZGVyJTNBMCUzQiUyMiUyMGFsbG93ZnVsbHNjcmVlbiUzRCUyMiUyMiUyMGxvYWRpbmclM0QlMjJsYXp5JTIyJTNFJTNDJTJGaWZyYW1lJTNF&#8221; el_class=&#8221;contact2-map&#8221;][\/vc_column][\/vc_row][vc_row full_width=&#8221;stretch_row&#8221; css=&#8221;.vc_custom_1525933131675{padding-top: 65px !important;padding-bottom: 100px !important;background-color: #f0f0f0 !important;}&#8221;][vc_column el_class=&#8221;pages-contact-form&#8221;]\r\n        <div class=\"rs-heading   center\">\r\n        \t<div class=\"title-inner\">\r\n\t            \r\n\t            <h2>\u0130LET\u0130\u015e\u0130M FORMU<\/h2>\r\n\t        <\/div><\/div>[vc_column_text]<div class=\"forminator-ui forminator-custom-form forminator-custom-form-4131 forminator-design--default  forminator_ajax\" data-forminator-render=\"0\" data-form=\"forminator-module-4131\" data-uid=\"69fb1509b79ff\"><br\/><\/div><form\n\t\t\t\tid=\"forminator-module-4131\"\n\t\t\t\tclass=\"forminator-ui forminator-custom-form forminator-custom-form-4131 forminator-design--default  forminator_ajax\"\n\t\t\t\tmethod=\"post\"\n\t\t\t\tdata-forminator-render=\"0\"\n\t\t\t\tdata-form-id=\"4131\"\n\t\t\t\t\n\t\t\t\tdata-design=\"default\"\n\t\t\t\t\n\t\t\t\t\n\t\t\t\t\n\t\t\t\tdata-grid=\"open\"\n\t\t\t\t\n\t\t\t\t\n\t\t\t\tstyle=\"display: none;\"\n\t\t\t\t\n\t\t\t\tdata-uid=\"69fb1509b79ff\"\n\t\t\t><div role=\"alert\" aria-live=\"polite\" class=\"forminator-response-message forminator-error\" aria-hidden=\"true\"><\/div><div class=\"forminator-row\"><div id=\"name-1\" class=\"forminator-field-name forminator-col forminator-col-12 \"><div class=\"forminator-row forminator-no-margin\" data-multiple=\"true\"><div class=\"forminator-col forminator-col-md-6\"><div class=\"forminator-field\"><label for=\"forminator-field-first-name-1_69fb1509b79ff\" class=\"forminator-label\" id=\"forminator-field-first-name-1_69fb1509b79ff-label\">Ad <span class=\"forminator-required\">*<\/span><\/label><input type=\"text\" name=\"name-1-first-name\" placeholder=\"\" id=\"forminator-field-first-name-1_69fb1509b79ff\" class=\"forminator-input\" aria-required=\"true\" data-multi=\"1\" value=\"\" \/><\/div><\/div><div class=\"forminator-col forminator-col-md-6\"><div class=\"forminator-field\"><label for=\"forminator-field-last-name-1_69fb1509b79ff\" class=\"forminator-label\" id=\"forminator-field-last-name-1_69fb1509b79ff-label\">Soyad<\/label><input type=\"text\" name=\"name-1-last-name\" placeholder=\"\" id=\"forminator-field-last-name-1_69fb1509b79ff\" class=\"forminator-input\" aria-required=\"false\" data-multi=\"1\" value=\"\" \/><\/div><\/div><\/div><\/div><\/div><div class=\"forminator-row\"><div id=\"email-1\" class=\"forminator-field-email forminator-col forminator-col-12 \"><div class=\"forminator-field\"><label for=\"forminator-field-email-1_69fb1509b79ff\" class=\"forminator-label\" id=\"forminator-field-email-1_69fb1509b79ff-label\">E-posta Adresi <span class=\"forminator-required\">*<\/span><\/label><input type=\"email\" name=\"email-1\" value=\"\" placeholder=\"\" id=\"forminator-field-email-1_69fb1509b79ff\" class=\"forminator-input forminator-email--field\" data-required=\"true\" aria-required=\"true\" \/><\/div><\/div><\/div><div class=\"forminator-row\"><div id=\"phone-1\" class=\"forminator-field-phone forminator-col forminator-col-12 \"><div class=\"forminator-field\"><label for=\"forminator-field-phone-1_69fb1509b79ff\" class=\"forminator-label\" id=\"forminator-field-phone-1_69fb1509b79ff-label\">Telefon Numaras\u0131 <span class=\"forminator-required\">*<\/span><\/label><input type=\"text\" name=\"phone-1\" value=\"\" placeholder=\"\u00d6rn : 0535 535 35 35\" id=\"forminator-field-phone-1_69fb1509b79ff\" class=\"forminator-input forminator-field--phone\" data-required=\"1\" aria-required=\"true\" autocomplete=\"off\" data-national_mode=\"enabled\" data-country=\"TR\" data-validation=\"standard\" \/><\/div><\/div><\/div><div class=\"forminator-row\"><div id=\"textarea-1\" class=\"forminator-field-textarea forminator-col forminator-col-12 \"><div class=\"forminator-field\"><label for=\"forminator-field-textarea-1_69fb1509b79ff\" id=\"forminator-field-textarea-1_69fb1509b79ff-label\" class=\"forminator-label\">Mesaj<\/label><textarea name=\"textarea-1\" placeholder=\"Mesaj\u0131n\u0131z\u0131 giriniz...\" id=\"forminator-field-textarea-1_69fb1509b79ff\" class=\"forminator-textarea\" rows=\"6\" style=\"min-height:140px;\" maxlength=\"300\" ><\/textarea><span id=\"forminator-field-textarea-1_69fb1509b79ff-description\" class=\"forminator-description\"><span data-limit=\"300\" data-type=\"characters\">0 \/ 300<\/span><\/span><\/div><\/div><\/div><input type=\"hidden\" name=\"referer_url\" value=\"\" \/><div class=\"forminator-row forminator-row-last\"><div class=\"forminator-col\"><div class=\"forminator-field\"><button class=\"forminator-button forminator-button-submit\">Mesaj G&ouml;nder<\/button><\/div><\/div><\/div><input type=\"hidden\" id=\"forminator_nonce\" name=\"forminator_nonce\" value=\"dc4db5b17d\" \/><input type=\"hidden\" name=\"_wp_http_referer\" value=\"\/index.php\/wp-json\/wp\/v2\/pages\/774\" \/><input type=\"hidden\" name=\"form_id\" value=\"4131\"><input type=\"hidden\" name=\"page_id\" value=\"774\"><input type=\"hidden\" name=\"form_type\" value=\"default\"><input type=\"hidden\" name=\"current_url\" value=\"https:\/\/www.kardelencit.com\/index.php\/iletisim\/\"><input type=\"hidden\" name=\"render_id\" value=\"0\"><input type=\"hidden\" name=\"action\" value=\"forminator_submit_form_custom-forms\"><\/form>[\/vc_column_text][\/vc_column][\/vc_row]<\/p>\n","protected":false},"excerpt":{"rendered":"<p>[vc_row el_id=&#8221;rscontact-pages&#8221; css=&#8221;.vc_custom_1525933225306{padding-top: 100px !important;padding-bottom: 65px !important;}&#8221;][vc_column width=&#8221;4\/12&#8243;][vc_row_inner][vc_column_inner el_class=&#8221;contact-details&#8221;][vc_icon icon_fontawesome=&#8221;&#8221; color=&#8221;black&#8221; background_style=&#8221;rounded&#8221; background_color=&#8221;orange&#8221; size=&#8221;sm&#8221; align=&#8221;center&#8221; link=&#8221;url:https%3A%2F%2Fg.page%2Fkardelenpanelcit%3Fshare||target:%20_blank|&#8221;][vc_column_text] KONUMA G\u0130T Cihangir Civa&#8230;<\/p>\n","protected":false},"author":1,"featured_media":0,"parent":0,"menu_order":0,"comment_status":"closed","ping_status":"closed","template":"","meta":{"ngg_post_thumbnail":0,"footnotes":""},"class_list":["post-774","page","type-page","status-publish","hentry"],"aioseo_notices":[],"jetpack-related-posts":[],"jetpack_sharing_enabled":true,"_links":{"self":[{"href":"https:\/\/www.kardelencit.com\/index.php\/wp-json\/wp\/v2\/pages\/774","targetHints":{"allow":["GET"]}}],"collection":[{"href":"https:\/\/www.kardelencit.com\/index.php\/wp-json\/wp\/v2\/pages"}],"about":[{"href":"https:\/\/www.kardelencit.com\/index.php\/wp-json\/wp\/v2\/types\/page"}],"author":[{"embeddable":true,"href":"https:\/\/www.kardelencit.com\/index.php\/wp-json\/wp\/v2\/users\/1"}],"replies":[{"embeddable":true,"href":"https:\/\/www.kardelencit.com\/index.php\/wp-json\/wp\/v2\/comments?post=774"}],"version-history":[{"count":14,"href":"https:\/\/www.kardelencit.com\/index.php\/wp-json\/wp\/v2\/pages\/774\/revisions"}],"predecessor-version":[{"id":4217,"href":"https:\/\/www.kardelencit.com\/index.php\/wp-json\/wp\/v2\/pages\/774\/revisions\/4217"}],"wp:attachment":[{"href":"https:\/\/www.kardelencit.com\/index.php\/wp-json\/wp\/v2\/media?parent=774"}],"curies":[{"name":"wp","href":"https:\/\/api.w.org\/{rel}","templated":true}]}}