{"id":888,"date":"2018-05-11T05:27:21","date_gmt":"2018-05-11T02:27:21","guid":{"rendered":"http:\/\/keenitsolutions.com\/products\/wordpress\/rsconstruction\/?page_id=888"},"modified":"2021-11-14T01:12:43","modified_gmt":"2021-11-13T22:12:43","slug":"projelerimiz","status":"publish","type":"page","link":"https:\/\/www.kardelencit.com\/index.php\/projelerimiz\/","title":{"rendered":"Projelerimiz"},"content":{"rendered":"<p>[vc_row full_width=&#8221;stretch_row&#8221; css=&#8221;.vc_custom_1529478455666{padding-top: 92px !important;padding-bottom: 70px !important;}&#8221;][vc_column]<div class=\"rs-portfolio-style3  \">\r\n\t\t<div class=\"\"><div class=\"portfolio-filter  filter-center\">\r\n\t\t                <button class=\"active\" data-filter=\"*\">T\u00fcm Projeler<\/button><button data-filter=\".filter_biten-projeler\">Biten Projelerimiz<\/button><button data-filter=\".filter_devam-projelerimiz\">Devam Projelerimiz<\/button> <\/div><div class=\"row\"> <div class=\"grid\">\r\n\t\t\t\t\r\n\t\t\t\t<div class=\"col-md-4  col-xs-6 grid-item mb-30 filter_devam-projelerimiz \">\r\n                            <div class=\"portfolio-item\">\r\n                                <div class=\"portfolio-img\">\r\n\r\n                                   <img decoding=\"async\" src=\"https:\/\/i0.wp.com\/www.kardelencit.com\/wp-content\/uploads\/2021\/11\/devam-eden-projelerimiz-1.jpg?fit=1024%2C683&ssl=1\" alt=\"Devam Eden Projelerimiz i\u00e7in Takipte Kal\u0131n\" \/><a class=\"p-link\" href=\"https:\/\/www.kardelencit.com\/index.php\/portfolios\/devam-eden-projelerimiz-icin-takipte-kalin\/\">\r\n\t                                        <span class=\"vc_icon_element-icon fab fa-accessible-icon\"><\/span>\r\n\t                                    <\/a><\/div>\r\n                                <div class=\"portfolio-content\">\r\n                                    <div class=\"vertical-middle\">\r\n                                        <div class=\"vertical-middle-cell\"><h3 class=\"p-title\"><a href=\"https:\/\/www.kardelencit.com\/index.php\/portfolios\/devam-eden-projelerimiz-icin-takipte-kalin\/\">Devam Eden Projelerimiz i\u00e7in Takipte Kal\u0131n<\/a><\/h3><p class=\"p-category\"> <a href=\"https:\/\/www.kardelencit.com\/index.php\/portfolios-category\/devam-projelerimiz\/\" rel=\"tag\">Devam Projelerimiz<\/a><\/p><\/div>\r\n                                    <\/div>\r\n                                <\/div>\r\n                            <\/div>\r\n                        <\/div>\r\n\t\t\t\t\r\n\t\t\t\t<div class=\"col-md-4  col-xs-6 grid-item mb-30 filter_biten-projeler \">\r\n                            <div class=\"portfolio-item\">\r\n                                <div class=\"portfolio-img\">\r\n\r\n                                   <img decoding=\"async\" src=\"https:\/\/i0.wp.com\/www.kardelencit.com\/wp-content\/uploads\/2021\/11\/West-Istanbul-MArina-Panel-Cit.jpg?fit=1024%2C683&ssl=1\" alt=\"West \u0130stanbul Marina\" \/><a class=\"p-link\" href=\"https:\/\/www.kardelencit.com\/index.php\/portfolios\/west-istanbul-marina\/\">\r\n\t                                        <span class=\"vc_icon_element-icon fab fa-accessible-icon\"><\/span>\r\n\t                                    <\/a><\/div>\r\n                                <div class=\"portfolio-content\">\r\n                                    <div class=\"vertical-middle\">\r\n                                        <div class=\"vertical-middle-cell\"><h3 class=\"p-title\"><a href=\"https:\/\/www.kardelencit.com\/index.php\/portfolios\/west-istanbul-marina\/\">West \u0130stanbul Marina<\/a><\/h3><p class=\"p-category\"> <a href=\"https:\/\/www.kardelencit.com\/index.php\/portfolios-category\/biten-projeler\/\" rel=\"tag\">Biten Projelerimiz<\/a><\/p><\/div>\r\n                                    <\/div>\r\n                                <\/div>\r\n                            <\/div>\r\n                        <\/div>\r\n\t\t\t\t\r\n\t\t\t\t<div class=\"col-md-4  col-xs-6 grid-item mb-30 filter_biten-projeler \">\r\n                            <div class=\"portfolio-item\">\r\n                                <div class=\"portfolio-img\">\r\n\r\n                                   <img decoding=\"async\" src=\"https:\/\/i0.wp.com\/www.kardelencit.com\/wp-content\/uploads\/2021\/11\/Marla-Evleri-Panel-Cit.jpg?fit=1024%2C683&ssl=1\" alt=\"Marla Evleri Panel \u00c7it\" \/><a class=\"p-link\" href=\"https:\/\/www.kardelencit.com\/index.php\/portfolios\/marla-evleri-panel-cit\/\">\r\n\t                                        <span class=\"vc_icon_element-icon fab fa-accessible-icon\"><\/span>\r\n\t                                    <\/a><\/div>\r\n                                <div class=\"portfolio-content\">\r\n                                    <div class=\"vertical-middle\">\r\n                                        <div class=\"vertical-middle-cell\"><h3 class=\"p-title\"><a href=\"https:\/\/www.kardelencit.com\/index.php\/portfolios\/marla-evleri-panel-cit\/\">Marla Evleri Panel \u00c7it<\/a><\/h3><p class=\"p-category\"> <a href=\"https:\/\/www.kardelencit.com\/index.php\/portfolios-category\/biten-projeler\/\" rel=\"tag\">Biten Projelerimiz<\/a><\/p><\/div>\r\n                                    <\/div>\r\n                                <\/div>\r\n                            <\/div>\r\n                        <\/div>\r\n\t\t\t\t\r\n\t\t\t\t<div class=\"col-md-4  col-xs-6 grid-item mb-30 filter_biten-projeler \">\r\n                            <div class=\"portfolio-item\">\r\n                                <div class=\"portfolio-img\">\r\n\r\n                                   <img decoding=\"async\" src=\"https:\/\/i0.wp.com\/www.kardelencit.com\/wp-content\/uploads\/2021\/11\/Kurt-Makina-Panel-Cit.jpg?fit=1024%2C683&ssl=1\" alt=\"Kurt Makina Panel \u00c7it\" \/><a class=\"p-link\" href=\"https:\/\/www.kardelencit.com\/index.php\/portfolios\/kurt-makina-panel-cit\/\">\r\n\t                                        <span class=\"vc_icon_element-icon fab fa-accessible-icon\"><\/span>\r\n\t                                    <\/a><\/div>\r\n                                <div class=\"portfolio-content\">\r\n                                    <div class=\"vertical-middle\">\r\n                                        <div class=\"vertical-middle-cell\"><h3 class=\"p-title\"><a href=\"https:\/\/www.kardelencit.com\/index.php\/portfolios\/kurt-makina-panel-cit\/\">Kurt Makina Panel \u00c7it<\/a><\/h3><p class=\"p-category\"> <a href=\"https:\/\/www.kardelencit.com\/index.php\/portfolios-category\/biten-projeler\/\" rel=\"tag\">Biten Projelerimiz<\/a><\/p><\/div>\r\n                                    <\/div>\r\n                                <\/div>\r\n                            <\/div>\r\n                        <\/div>\r\n\t\t\t\t\r\n\t\t\t\t<div class=\"col-md-4  col-xs-6 grid-item mb-30 filter_biten-projeler \">\r\n                            <div class=\"portfolio-item\">\r\n                                <div class=\"portfolio-img\">\r\n\r\n                                   <img decoding=\"async\" src=\"https:\/\/i0.wp.com\/www.kardelencit.com\/wp-content\/uploads\/2021\/11\/Kasi-Beyaz-Panel-Cit.jpg?fit=1024%2C683&ssl=1\" alt=\"Ka\u015f\u0131 Beyaz Florya (Panel \u00c7it)\" \/><a class=\"p-link\" href=\"https:\/\/www.kardelencit.com\/index.php\/portfolios\/kasi-beyaz-florya-panel-cit\/\">\r\n\t                                        <span class=\"vc_icon_element-icon fab fa-accessible-icon\"><\/span>\r\n\t                                    <\/a><\/div>\r\n                                <div class=\"portfolio-content\">\r\n                                    <div class=\"vertical-middle\">\r\n                                        <div class=\"vertical-middle-cell\"><h3 class=\"p-title\"><a href=\"https:\/\/www.kardelencit.com\/index.php\/portfolios\/kasi-beyaz-florya-panel-cit\/\">Ka\u015f\u0131 Beyaz Florya (Panel \u00c7it)<\/a><\/h3><p class=\"p-category\"> <a href=\"https:\/\/www.kardelencit.com\/index.php\/portfolios-category\/biten-projeler\/\" rel=\"tag\">Biten Projelerimiz<\/a><\/p><\/div>\r\n                                    <\/div>\r\n                                <\/div>\r\n                            <\/div>\r\n                        <\/div>\r\n\t\t\t\t\r\n\t\t\t\t<div class=\"col-md-4  col-xs-6 grid-item mb-30 filter_biten-projeler \">\r\n                            <div class=\"portfolio-item\">\r\n                                <div class=\"portfolio-img\">\r\n\r\n                                   <img decoding=\"async\" src=\"https:\/\/i0.wp.com\/www.kardelencit.com\/wp-content\/uploads\/2021\/11\/Cimcit-Giydirme-Projemiz.jpg?fit=1024%2C683&ssl=1\" alt=\"\u00c7im \u00c7it Giydirme Projesi\" \/><a class=\"p-link\" href=\"https:\/\/www.kardelencit.com\/index.php\/portfolios\/cim-cit-giydirme-projesi\/\">\r\n\t                                        <span class=\"vc_icon_element-icon fab fa-accessible-icon\"><\/span>\r\n\t                                    <\/a><\/div>\r\n                                <div class=\"portfolio-content\">\r\n                                    <div class=\"vertical-middle\">\r\n                                        <div class=\"vertical-middle-cell\"><h3 class=\"p-title\"><a href=\"https:\/\/www.kardelencit.com\/index.php\/portfolios\/cim-cit-giydirme-projesi\/\">\u00c7im \u00c7it Giydirme Projesi<\/a><\/h3><p class=\"p-category\"> <a href=\"https:\/\/www.kardelencit.com\/index.php\/portfolios-category\/biten-projeler\/\" rel=\"tag\">Biten Projelerimiz<\/a><\/p><\/div>\r\n                                    <\/div>\r\n                                <\/div>\r\n                            <\/div>\r\n                        <\/div>\r\n\t\t\t\t\r\n\t\t\t\t<div class=\"col-md-4  col-xs-6 grid-item mb-30 filter_biten-projeler \">\r\n                            <div class=\"portfolio-item\">\r\n                                <div class=\"portfolio-img\">\r\n\r\n                                   <img decoding=\"async\" src=\"https:\/\/i0.wp.com\/www.kardelencit.com\/wp-content\/uploads\/2021\/11\/ATAKOY-MARINA-MEGA-YAT-LIMANI-1.jpg?fit=1024%2C683&ssl=1\" alt=\"Atak\u00f6y Marina Mega Yat Liman\u0131\" \/><a class=\"p-link\" href=\"https:\/\/www.kardelencit.com\/index.php\/portfolios\/atakoy-marina-mega-yat-limani\/\">\r\n\t                                        <span class=\"vc_icon_element-icon fab fa-accessible-icon\"><\/span>\r\n\t                                    <\/a><\/div>\r\n                                <div class=\"portfolio-content\">\r\n                                    <div class=\"vertical-middle\">\r\n                                        <div class=\"vertical-middle-cell\"><h3 class=\"p-title\"><a href=\"https:\/\/www.kardelencit.com\/index.php\/portfolios\/atakoy-marina-mega-yat-limani\/\">Atak\u00f6y Marina Mega Yat Liman\u0131<\/a><\/h3><p class=\"p-category\"> <a href=\"https:\/\/www.kardelencit.com\/index.php\/portfolios-category\/biten-projeler\/\" rel=\"tag\">Biten Projelerimiz<\/a><\/p><\/div>\r\n                                    <\/div>\r\n                                <\/div>\r\n                            <\/div>\r\n                        <\/div>\r\n\t\t\t\t\r\n\t\t\t\t<div class=\"col-md-4  col-xs-6 grid-item mb-30 filter_biten-projeler \">\r\n                            <div class=\"portfolio-item\">\r\n                                <div class=\"portfolio-img\">\r\n\r\n                                   <img decoding=\"async\" src=\"https:\/\/i0.wp.com\/www.kardelencit.com\/wp-content\/uploads\/2018\/08\/BASAKSEHIR-PAZAR-YERI-PROJEMIZ.jpg?fit=1024%2C683&ssl=1\" alt=\"Ba\u015fak\u015fehir Pazar Yeri Projemiz\" \/><a class=\"p-link\" href=\"https:\/\/www.kardelencit.com\/index.php\/portfolios\/basaksehir-pazar-yeri-projemiz\/\">\r\n\t                                        <span class=\"vc_icon_element-icon fab fa-accessible-icon\"><\/span>\r\n\t                                    <\/a><\/div>\r\n                                <div class=\"portfolio-content\">\r\n                                    <div class=\"vertical-middle\">\r\n                                        <div class=\"vertical-middle-cell\"><h3 class=\"p-title\"><a href=\"https:\/\/www.kardelencit.com\/index.php\/portfolios\/basaksehir-pazar-yeri-projemiz\/\">Ba\u015fak\u015fehir Pazar Yeri Projemiz<\/a><\/h3><p class=\"p-category\"> <a href=\"https:\/\/www.kardelencit.com\/index.php\/portfolios-category\/biten-projeler\/\" rel=\"tag\">Biten Projelerimiz<\/a><\/p><\/div>\r\n                                    <\/div>\r\n                                <\/div>\r\n                            <\/div>\r\n                        <\/div>\r\n\t\t\t\t\r\n\t\t\t\t<div class=\"col-md-4  col-xs-6 grid-item mb-30 filter_biten-projeler \">\r\n                            <div class=\"portfolio-item\">\r\n                                <div class=\"portfolio-img\">\r\n\r\n                                   <img decoding=\"async\" src=\"https:\/\/i0.wp.com\/www.kardelencit.com\/wp-content\/uploads\/2018\/08\/Elif-Plastik-Hadimkoy.jpg?fit=1024%2C683&ssl=1\" alt=\"Elif Plastik Had\u0131mk\u00f6y\" \/><a class=\"p-link\" href=\"https:\/\/www.kardelencit.com\/index.php\/portfolios\/elif-plastik-hadimkoy\/\">\r\n\t                                        <span class=\"vc_icon_element-icon fab fa-accessible-icon\"><\/span>\r\n\t                                    <\/a><\/div>\r\n                                <div class=\"portfolio-content\">\r\n                                    <div class=\"vertical-middle\">\r\n                                        <div class=\"vertical-middle-cell\"><h3 class=\"p-title\"><a href=\"https:\/\/www.kardelencit.com\/index.php\/portfolios\/elif-plastik-hadimkoy\/\">Elif Plastik Had\u0131mk\u00f6y<\/a><\/h3><p class=\"p-category\"> <a href=\"https:\/\/www.kardelencit.com\/index.php\/portfolios-category\/biten-projeler\/\" rel=\"tag\">Biten Projelerimiz<\/a><\/p><\/div>\r\n                                    <\/div>\r\n                                <\/div>\r\n                            <\/div>\r\n                        <\/div><\/div><\/div>\r\n\t\t<\/div>\r\n\t\t<\/div>[\/vc_column][\/vc_row]<\/p>\n","protected":false},"excerpt":{"rendered":"<p>[vc_row full_width=&#8221;stretch_row&#8221; css=&#8221;.vc_custom_1529478455666{padding-top: 92px !important;padding-bottom: 70px !important;}&#8221;][vc_column][\/vc_column]&#8230;<\/p>\n","protected":false},"author":1,"featured_media":0,"parent":0,"menu_order":0,"comment_status":"open","ping_status":"closed","template":"","meta":{"ngg_post_thumbnail":0,"footnotes":""},"class_list":["post-888","page","type-page","status-publish","hentry"],"aioseo_notices":[],"jetpack-related-posts":[],"jetpack_sharing_enabled":true,"_links":{"self":[{"href":"https:\/\/www.kardelencit.com\/index.php\/wp-json\/wp\/v2\/pages\/888","targetHints":{"allow":["GET"]}}],"collection":[{"href":"https:\/\/www.kardelencit.com\/index.php\/wp-json\/wp\/v2\/pages"}],"about":[{"href":"https:\/\/www.kardelencit.com\/index.php\/wp-json\/wp\/v2\/types\/page"}],"author":[{"embeddable":true,"href":"https:\/\/www.kardelencit.com\/index.php\/wp-json\/wp\/v2\/users\/1"}],"replies":[{"embeddable":true,"href":"https:\/\/www.kardelencit.com\/index.php\/wp-json\/wp\/v2\/comments?post=888"}],"version-history":[{"count":8,"href":"https:\/\/www.kardelencit.com\/index.php\/wp-json\/wp\/v2\/pages\/888\/revisions"}],"predecessor-version":[{"id":3651,"href":"https:\/\/www.kardelencit.com\/index.php\/wp-json\/wp\/v2\/pages\/888\/revisions\/3651"}],"wp:attachment":[{"href":"https:\/\/www.kardelencit.com\/index.php\/wp-json\/wp\/v2\/media?parent=888"}],"curies":[{"name":"wp","href":"https:\/\/api.w.org\/{rel}","templated":true}]}}