{"id":3850,"date":"2021-11-08T20:41:32","date_gmt":"2021-11-08T17:41:32","guid":{"rendered":"https:\/\/www.kardelencit.com\/?post_type=product&#038;p=3850"},"modified":"2021-11-16T23:06:32","modified_gmt":"2021-11-16T20:06:32","slug":"basketbol-potasi-bp-001","status":"publish","type":"product","link":"https:\/\/www.kardelencit.com\/index.php\/product\/basketbol-potasi-bp-001\/","title":{"rendered":"Basketbol Potas\u0131 BP-001"},"content":{"rendered":"<p>Basketbol Sahalar\u0131n\u0131n \u00e7itleri , \u00c7imleri ve Potalar\u0131n\u0131 \u00fcretip montaj ve kurulumlar\u0131n\u0131 yap\u0131yoruz.<\/p>\n","protected":false},"excerpt":{"rendered":"<p>Basketbol Sahalar\u0131n\u0131n \u00e7itleri , \u00c7imleri ve Potalar\u0131n\u0131 \u00fcretip montaj ve kurulumlar\u0131n\u0131 yap\u0131yoruz.<\/p>\n","protected":false},"featured_media":4052,"comment_status":"open","ping_status":"closed","template":"","meta":{"ngg_post_thumbnail":0},"product_cat":[161,152],"product_tag":[129,144,145,131,134,133,135,132,137,148,147,143,130],"class_list":["post-3850","product","type-product","status-publish","has-post-thumbnail","hentry","product_cat-spor-ekipmanlari","product_cat-tum-urunler","product_tag-arac-stoperleri","product_tag-bahce-citi","product_tag-bahce-kapilari","product_tag-basketbol-sahasi","product_tag-cim-cit","product_tag-cim-hali","product_tag-dikenli-tel","product_tag-futbol-sahasi","product_tag-jiletli-tel","product_tag-orgu-tel","product_tag-otopark","product_tag-panel-cit","product_tag-stoper"],"aioseo_notices":[],"jetpack-related-posts":[],"jetpack_sharing_enabled":true,"_links":{"self":[{"href":"https:\/\/www.kardelencit.com\/index.php\/wp-json\/wp\/v3\/product\/3850","targetHints":{"allow":["GET"]}}],"collection":[{"href":"https:\/\/www.kardelencit.com\/index.php\/wp-json\/wp\/v3\/product"}],"about":[{"href":"https:\/\/www.kardelencit.com\/index.php\/wp-json\/wp\/v2\/types\/product"}],"replies":[{"embeddable":true,"href":"https:\/\/www.kardelencit.com\/index.php\/wp-json\/wp\/v2\/comments?post=3850"}],"wp:featuredmedia":[{"embeddable":true,"href":"https:\/\/www.kardelencit.com\/index.php\/wp-json\/wp\/v2\/media\/4052"}],"wp:attachment":[{"href":"https:\/\/www.kardelencit.com\/index.php\/wp-json\/wp\/v2\/media?parent=3850"}],"wp:term":[{"taxonomy":"product_cat","embeddable":true,"href":"https:\/\/www.kardelencit.com\/index.php\/wp-json\/wp\/v2\/product_cat?post=3850"},{"taxonomy":"product_tag","embeddable":true,"href":"https:\/\/www.kardelencit.com\/index.php\/wp-json\/wp\/v2\/product_tag?post=3850"}],"curies":[{"name":"wp","href":"https:\/\/api.w.org\/{rel}","templated":true}]}}