{"id":4056,"date":"2021-11-14T02:30:09","date_gmt":"2021-11-13T23:30:09","guid":{"rendered":"https:\/\/www.kardelencit.com\/?post_type=product&#038;p=4056"},"modified":"2021-11-16T23:52:06","modified_gmt":"2021-11-16T20:52:06","slug":"cim-hali-ch-001","status":"publish","type":"product","link":"https:\/\/www.kardelencit.com\/index.php\/product\/cim-hali-ch-001\/","title":{"rendered":"\u00c7im Hal\u0131 \u00c7H-001"},"content":{"rendered":"<p><strong>Suni \u00e7im<\/strong>&nbsp;hal\u0131 do\u011fal \u00e7ime k\u0131yas ile kal\u0131c\u0131l\u0131\u011f\u0131 daha fazla olan ve \u00fczerine bas\u0131ld\u0131\u011f\u0131nda kopma, y\u0131pranma olmayan peyzaj \u00fcr\u00fcnlerinden biridir. Pek \u00e7ok alanda kullan\u0131lmas\u0131 nedeni ile \u00f6zellikle son d\u00f6nemlerin en s\u0131k tercih edilen \u00fcr\u00fcnleri aras\u0131nda yer almaktad\u0131r. Pek \u00e7ok binan\u0131n bah\u00e7e dekorunda kullan\u0131lmas\u0131n\u0131n yan\u0131nda park ve bah\u00e7e gibi yerlerde de tercih edilmektedir. Yapay \u00e7im \u00f6zelli\u011fi bak\u0131m\u0131ndan kolay montajlanan ve uzun s\u00fcre kullan\u0131m\u0131 olan malzemelerdendir. Sentetik \u00e7im sulama ve ekstra bak\u0131m istemedi\u011fi i\u00e7in son d\u00f6nemlerin en \u00e7ok aranan peyzaj malzemeleri aras\u0131nda yer almaktad\u0131r. Suni \u00c7im hal\u0131 farkl\u0131 \u00e7e\u015fitleri ve \u00f6zellikleri ile montaj\u0131 yap\u0131lacak zemine g\u00f6re tercih edilmektedir.<\/p>\n<p>Suni \u00e7im kulan\u0131m alan\u0131 bak\u0131m\u0131ndan zengin bir \u00f6zelli\u011fe sahiptir. Yapay \u00e7im \u00e7e\u015fitleri kullan\u0131lacak olan alanlara g\u00f6re \u00fcretilen \u00fcr\u00fcnlerdir. Hal\u0131 saha i\u00e7in farkl\u0131 \u00fcr\u00fcn \u00f6zelli\u011fi olan yapay \u00e7im \u00fcretimi yap\u0131lmaktad\u0131r. Hal\u0131 sahalarda \u00e7im montaj\u0131 olduk\u00e7a \u00f6nemli oldu\u011fu i\u00e7in saha \u00f6zelli\u011fini kald\u0131racak kalitede \u00e7im \u00e7e\u015fidi kullanmak gerekiyor. Saha i\u00e7erisinde ma\u00e7 yaparken sorunsuz bir zemin i\u00e7in bu atmosfere uygun \u00e7im \u00e7e\u015fidi gerekmektedir. Dekor ama\u00e7l\u0131 \u00e7im hal\u0131 i\u00e7in ise daha \u00e7ok bu do\u011frultuda \u00e7im hal\u0131 tercihi yap\u0131lmaktad\u0131r. \u00c7\u00fcnk\u00fc spor ama\u00e7l\u0131 \u00e7im hal\u0131 ile peyzaj ama\u00e7l\u0131 \u00e7im hal\u0131 mutlaka farkl\u0131 olmak zorundad\u0131r. Dekor i\u00e7in yap\u0131lacak olan \u00e7im hal\u0131 montaj\u0131nda buna uygun malzeme kullan\u0131m\u0131 se\u00e7ilmektedir. Bu t\u00fcr \u00e7im hal\u0131 fiyatlar\u0131 farkl\u0131l\u0131k g\u00f6sterebilmektedir.<\/p>\n","protected":false},"excerpt":{"rendered":"<p><strong>Suni \u00e7im<\/strong>&nbsp;hal\u0131 do\u011fal \u00e7ime k\u0131yas ile kal\u0131c\u0131l\u0131\u011f\u0131 daha fazla olan ve \u00fczerine bas\u0131ld\u0131\u011f\u0131nda kopma, y\u0131pranma olmayan peyzaj \u00fcr\u00fcnlerinden biridir. Pek \u00e7ok alanda kullan\u0131lmas\u0131 nedeni ile \u00f6zellikle son d\u00f6nemlerin en s\u0131k tercih edilen \u00fcr\u00fcnleri aras\u0131nda yer almaktad\u0131r. Pek \u00e7ok binan\u0131n bah\u00e7e dekorunda kullan\u0131lmas\u0131n\u0131n yan\u0131nda park ve bah\u00e7e gibi yerlerde de tercih edilmektedir. Yapay \u00e7im \u00f6zelli\u011fi bak\u0131m\u0131ndan kolay montajlanan ve uzun s\u00fcre kullan\u0131m\u0131 olan malzemelerdendir. Sentetik \u00e7im sulama ve ekstra bak\u0131m istemedi\u011fi i\u00e7in son d\u00f6nemlerin en \u00e7ok aranan peyzaj malzemeleri aras\u0131nda yer almaktad\u0131r. Suni \u00c7im hal\u0131 farkl\u0131 \u00e7e\u015fitleri ve \u00f6zellikleri ile montaj\u0131 yap\u0131lacak zemine g\u00f6re tercih edilmektedir.<\/p>\n<p>Suni \u00e7im kulan\u0131m alan\u0131 bak\u0131m\u0131ndan zengin bir \u00f6zelli\u011fe sahiptir. Yapay \u00e7im \u00e7e\u015fitleri kullan\u0131lacak olan alanlara g\u00f6re \u00fcretilen \u00fcr\u00fcnlerdir. Hal\u0131 saha i\u00e7in farkl\u0131 \u00fcr\u00fcn \u00f6zelli\u011fi olan yapay \u00e7im \u00fcretimi yap\u0131lmaktad\u0131r. Hal\u0131 sahalarda \u00e7im montaj\u0131 olduk\u00e7a \u00f6nemli oldu\u011fu i\u00e7in saha \u00f6zelli\u011fini kald\u0131racak kalitede \u00e7im \u00e7e\u015fidi kullanmak gerekiyor. Saha i\u00e7erisinde ma\u00e7 yaparken sorunsuz bir zemin i\u00e7in bu atmosfere uygun \u00e7im \u00e7e\u015fidi gerekmektedir. Dekor ama\u00e7l\u0131 \u00e7im hal\u0131 i\u00e7in ise daha \u00e7ok bu do\u011frultuda \u00e7im hal\u0131 tercihi yap\u0131lmaktad\u0131r. \u00c7\u00fcnk\u00fc spor ama\u00e7l\u0131 \u00e7im hal\u0131 ile peyzaj ama\u00e7l\u0131 \u00e7im hal\u0131 mutlaka farkl\u0131 olmak zorundad\u0131r. Dekor i\u00e7in yap\u0131lacak olan \u00e7im hal\u0131 montaj\u0131nda buna uygun malzeme kullan\u0131m\u0131 se\u00e7ilmektedir. Bu t\u00fcr \u00e7im hal\u0131 fiyatlar\u0131 farkl\u0131l\u0131k g\u00f6sterebilmektedir.<\/p>\n","protected":false},"featured_media":4057,"comment_status":"open","ping_status":"closed","template":"","meta":{"ngg_post_thumbnail":0},"product_cat":[205,152],"product_tag":[188,189,190,146,191,192,193,135,194,195,137,196,197,198,148,199,143,200,201],"class_list":["post-4056","product","type-product","status-publish","has-post-thumbnail","hentry","product_cat-cim-hali","product_cat-tum-urunler","product_tag-bahce-cit-fiyatlari","product_tag-bahce-citleri","product_tag-cimcit","product_tag-cit","product_tag-cit-modelleri","product_tag-dekoracim","product_tag-demir-korkuluk","product_tag-dikenli-tel","product_tag-fens-telli","product_tag-istanbul-cit-firmasi","product_tag-jiletli-tel","product_tag-kardelen","product_tag-kumes-teli","product_tag-mobil-cit","product_tag-orgu-tel","product_tag-panel","product_tag-panel-cit","product_tag-saha-citi","product_tag-spor-sahalari"],"aioseo_notices":[],"jetpack-related-posts":[],"jetpack_sharing_enabled":true,"_links":{"self":[{"href":"https:\/\/www.kardelencit.com\/index.php\/wp-json\/wp\/v3\/product\/4056","targetHints":{"allow":["GET"]}}],"collection":[{"href":"https:\/\/www.kardelencit.com\/index.php\/wp-json\/wp\/v3\/product"}],"about":[{"href":"https:\/\/www.kardelencit.com\/index.php\/wp-json\/wp\/v2\/types\/product"}],"replies":[{"embeddable":true,"href":"https:\/\/www.kardelencit.com\/index.php\/wp-json\/wp\/v2\/comments?post=4056"}],"wp:featuredmedia":[{"embeddable":true,"href":"https:\/\/www.kardelencit.com\/index.php\/wp-json\/wp\/v2\/media\/4057"}],"wp:attachment":[{"href":"https:\/\/www.kardelencit.com\/index.php\/wp-json\/wp\/v2\/media?parent=4056"}],"wp:term":[{"taxonomy":"product_cat","embeddable":true,"href":"https:\/\/www.kardelencit.com\/index.php\/wp-json\/wp\/v2\/product_cat?post=4056"},{"taxonomy":"product_tag","embeddable":true,"href":"https:\/\/www.kardelencit.com\/index.php\/wp-json\/wp\/v2\/product_tag?post=4056"}],"curies":[{"name":"wp","href":"https:\/\/api.w.org\/{rel}","templated":true}]}}