{"id":4059,"date":"2021-11-14T02:39:54","date_gmt":"2021-11-13T23:39:54","guid":{"rendered":"https:\/\/www.kardelencit.com\/?post_type=product&#038;p=4059"},"modified":"2021-11-29T23:07:01","modified_gmt":"2021-11-29T20:07:01","slug":"dikenli-tel-dt-001","status":"publish","type":"product","link":"https:\/\/www.kardelencit.com\/index.php\/product\/dikenli-tel-dt-001\/","title":{"rendered":"Dikenli Tel DT-001"},"content":{"rendered":"","protected":false},"excerpt":{"rendered":"<p><strong>Tel Yap\u0131s\u0131 ve \u00d6zellikler<\/strong><\/p>\n<p>Y\u00fcksek karbon oranl\u0131 telden \u00fcretilen ve her 10cm\u2019de 4 d\u00fc\u011f\u00fcmle olu\u015fturulmu\u015f i\u015flevsel&nbsp; dikenli tel sistemi.<\/p>\n<p><strong>Kaplama: \u00c7inko ala\u015f\u0131ml\u0131 aluminyum kaplama.<\/strong><\/p>\n<p>\u2013 Tel sertli\u011fi : min. 1150 N\/mm<br \/>\n\u2013 Dikenlerdeki tel sertli\u011fi : 700\/900 N\/mm<br \/>\n\u2013 Tel kopmas\u0131 : min. 4230 N<br \/>\n\u2013 Tel \u00e7ap\u0131 : 1.70 mm Dikenlerdeki tel \u00e7ap\u0131 : 1.45mm<br \/>\n\u2013 Ambalaj : 50 \u2013 100 \u2013 250 \u2013 500 m<\/p>\n<p><strong>Kaplama: Plastik Kaplama PVC Ye\u015fil 6073<\/strong><\/p>\n<p>\u2013 Tel ve dikenlerdeki tel sertli\u011fi : min.700\/900 N\/mm<br \/>\n\u2013 Tel kopmas\u0131 : 2450 N<br \/>\n\u2013 Tel \u00e7ap\u0131 : 1.60 \u2013 2.00 mm Dikenlerdeki tel \u00e7ap\u0131 : 1.40 \u2013 1.80 mm<br \/>\n\u2013 Ambalaj : 50 \u2013 100 -250 m<\/p>\n<p>&nbsp;<\/p>\n<p>Tek ba\u015f\u0131na veya mevcut \u00e7evre g\u00fcvenlik \u00e7it sistemlerine monte edilebilen jiletli ve dikenli teller ile&nbsp; g\u00fcvenli\u011finizi dahada artt\u0131rabilirsiniz<\/p>\n","protected":false},"featured_media":4060,"comment_status":"open","ping_status":"closed","template":"","meta":{"ngg_post_thumbnail":0},"product_cat":[164,152],"product_tag":[188,189,190,146,191,192,193,135,194,195,137,196,197,198,148,199,143,200,201],"class_list":["post-4059","product","type-product","status-publish","has-post-thumbnail","hentry","product_cat-dikenli-tel","product_cat-tum-urunler","product_tag-bahce-cit-fiyatlari","product_tag-bahce-citleri","product_tag-cimcit","product_tag-cit","product_tag-cit-modelleri","product_tag-dekoracim","product_tag-demir-korkuluk","product_tag-dikenli-tel","product_tag-fens-telli","product_tag-istanbul-cit-firmasi","product_tag-jiletli-tel","product_tag-kardelen","product_tag-kumes-teli","product_tag-mobil-cit","product_tag-orgu-tel","product_tag-panel","product_tag-panel-cit","product_tag-saha-citi","product_tag-spor-sahalari"],"aioseo_notices":[],"jetpack-related-posts":[],"jetpack_sharing_enabled":true,"_links":{"self":[{"href":"https:\/\/www.kardelencit.com\/index.php\/wp-json\/wp\/v3\/product\/4059","targetHints":{"allow":["GET"]}}],"collection":[{"href":"https:\/\/www.kardelencit.com\/index.php\/wp-json\/wp\/v3\/product"}],"about":[{"href":"https:\/\/www.kardelencit.com\/index.php\/wp-json\/wp\/v2\/types\/product"}],"replies":[{"embeddable":true,"href":"https:\/\/www.kardelencit.com\/index.php\/wp-json\/wp\/v2\/comments?post=4059"}],"wp:featuredmedia":[{"embeddable":true,"href":"https:\/\/www.kardelencit.com\/index.php\/wp-json\/wp\/v2\/media\/4060"}],"wp:attachment":[{"href":"https:\/\/www.kardelencit.com\/index.php\/wp-json\/wp\/v2\/media?parent=4059"}],"wp:term":[{"taxonomy":"product_cat","embeddable":true,"href":"https:\/\/www.kardelencit.com\/index.php\/wp-json\/wp\/v2\/product_cat?post=4059"},{"taxonomy":"product_tag","embeddable":true,"href":"https:\/\/www.kardelencit.com\/index.php\/wp-json\/wp\/v2\/product_tag?post=4059"}],"curies":[{"name":"wp","href":"https:\/\/api.w.org\/{rel}","templated":true}]}}