{"id":4061,"date":"2021-11-14T02:50:23","date_gmt":"2021-11-13T23:50:23","guid":{"rendered":"https:\/\/www.kardelencit.com\/?post_type=product&#038;p=4061"},"modified":"2021-11-16T23:44:04","modified_gmt":"2021-11-16T20:44:04","slug":"gabion-g-001","status":"publish","type":"product","link":"https:\/\/www.kardelencit.com\/index.php\/product\/gabion-g-001\/","title":{"rendered":"Gabion G-001"},"content":{"rendered":"<p>Teknik Bilgiler:<\/p>\n<ul>\n<li>Firmam\u0131zda \u00fcretilen gabyon sepetler, tellerin birbirlerine kaynat\u0131larak panel haline getirilmesi ve bu panellerin helezon (yay) \u015feklindeki tellerle birle\u015ftirilmesiyle olu\u015fmaktad\u0131r.<\/li>\n<li>3,0-4,0-5,0 mm tel \u00e7ap\u0131nda, 50&#215;50 \u2013 50&#215;100 mm g\u00f6z aral\u0131kl\u0131 s\u0131cak dald\u0131rma galvanizli ( 120 \u2013 500 gr\/m2 Zn ), galfan ve paslanmaz \u00e7elik tellerden \u00fcretilmektedir.<\/li>\n<li>Boyutlar\u0131; Boy=50-200 cm, En= 50-100 cm, Y\u00fcksekli\u011fi=50-100 cm dir.<\/li>\n<li>\u0130ste\u011fe ba\u011fl\u0131, \u00f6zel boyutlarda gabion \u00fcretilmektedir.<\/li>\n<\/ul>\n<p>&nbsp;<\/p>\n<p>Kullan\u0131ld\u0131\u011f\u0131 Yerler:<\/p>\n<ul>\n<li>\u0130stinad duvar\u0131 yap\u0131m\u0131nda<\/li>\n<li>Dere yata\u011f\u0131 \u0131slah\u0131nda<\/li>\n<li>Alt yap\u0131 tesisinde<\/li>\n<li>Toprak kayb\u0131 ve erozyonun \u00f6nlenmesi amac\u0131yla<\/li>\n<li>\u00c7evre d\u00fczenlemelerinde<\/li>\n<\/ul>\n<p>G\u00fcvenli alanlar yaratmak amac\u0131yla kullan\u0131l\u0131r.<\/p>\n","protected":false},"excerpt":{"rendered":"<p>Tan\u0131m\u0131:<\/p>\n<p>Erozyon, toprak kayb\u0131, su ta\u015fk\u0131nl\u0131klar\u0131n\u0131 \u00f6nleme, \u00e7evre d\u00fczenlemesi ve g\u00fcvenlik amac\u0131yla kullan\u0131lan i\u00e7i ta\u015fla veya kum \u00e7uvallar\u0131yla doldurulmu\u015f sepetlerdir<\/p>\n<p>Teknik Bilgiler:<\/p>\n<ul>\n<li>Firmam\u0131zda \u00fcretilen gabyon sepetler, tellerin birbirlerine kaynat\u0131larak panel haline getirilmesi ve bu panellerin helezon (yay) \u015feklindeki tellerle birle\u015ftirilmesiyle olu\u015fmaktad\u0131r.<\/li>\n<li>3,0-4,0-5,0 mm tel \u00e7ap\u0131nda, 50&#215;50 \u2013 50&#215;100 mm g\u00f6z aral\u0131kl\u0131 s\u0131cak dald\u0131rma galvanizli ( 120 \u2013 500 gr\/m2 Zn ), galfan ve paslanmaz \u00e7elik tellerden \u00fcretilmektedir.<\/li>\n<li>Boyutlar\u0131; Boy=50-200 cm, En= 50-100 cm, Y\u00fcksekli\u011fi=50-100 cm dir.<\/li>\n<li>\u0130ste\u011fe ba\u011fl\u0131, \u00f6zel boyutlarda gabion \u00fcretilmektedir.<\/li>\n<\/ul>\n<p>&nbsp;<\/p>\n<p>Kullan\u0131ld\u0131\u011f\u0131 Yerler:<\/p>\n<ul>\n<li>\u0130stinad duvar\u0131 yap\u0131m\u0131nda<\/li>\n<li>Dere yata\u011f\u0131 \u0131slah\u0131nda<\/li>\n<li>Alt yap\u0131 tesisinde<\/li>\n<li>Toprak kayb\u0131 ve erozyonun \u00f6nlenmesi amac\u0131yla<\/li>\n<li>\u00c7evre d\u00fczenlemelerinde<\/li>\n<\/ul>\n<p>G\u00fcvenli alanlar yaratmak amac\u0131yla kullan\u0131l\u0131r.<\/p>\n","protected":false},"featured_media":4062,"comment_status":"open","ping_status":"closed","template":"","meta":{"ngg_post_thumbnail":0},"product_cat":[202,152],"product_tag":[188,189,190,146,191,192,193,135,194,195,137,196,197,198,148,199,143,200,201],"class_list":["post-4061","product","type-product","status-publish","has-post-thumbnail","hentry","product_cat-gabion","product_cat-tum-urunler","product_tag-bahce-cit-fiyatlari","product_tag-bahce-citleri","product_tag-cimcit","product_tag-cit","product_tag-cit-modelleri","product_tag-dekoracim","product_tag-demir-korkuluk","product_tag-dikenli-tel","product_tag-fens-telli","product_tag-istanbul-cit-firmasi","product_tag-jiletli-tel","product_tag-kardelen","product_tag-kumes-teli","product_tag-mobil-cit","product_tag-orgu-tel","product_tag-panel","product_tag-panel-cit","product_tag-saha-citi","product_tag-spor-sahalari"],"aioseo_notices":[],"jetpack-related-posts":[],"jetpack_sharing_enabled":true,"_links":{"self":[{"href":"https:\/\/www.kardelencit.com\/index.php\/wp-json\/wp\/v3\/product\/4061","targetHints":{"allow":["GET"]}}],"collection":[{"href":"https:\/\/www.kardelencit.com\/index.php\/wp-json\/wp\/v3\/product"}],"about":[{"href":"https:\/\/www.kardelencit.com\/index.php\/wp-json\/wp\/v2\/types\/product"}],"replies":[{"embeddable":true,"href":"https:\/\/www.kardelencit.com\/index.php\/wp-json\/wp\/v2\/comments?post=4061"}],"wp:featuredmedia":[{"embeddable":true,"href":"https:\/\/www.kardelencit.com\/index.php\/wp-json\/wp\/v2\/media\/4062"}],"wp:attachment":[{"href":"https:\/\/www.kardelencit.com\/index.php\/wp-json\/wp\/v2\/media?parent=4061"}],"wp:term":[{"taxonomy":"product_cat","embeddable":true,"href":"https:\/\/www.kardelencit.com\/index.php\/wp-json\/wp\/v2\/product_cat?post=4061"},{"taxonomy":"product_tag","embeddable":true,"href":"https:\/\/www.kardelencit.com\/index.php\/wp-json\/wp\/v2\/product_tag?post=4061"}],"curies":[{"name":"wp","href":"https:\/\/api.w.org\/{rel}","templated":true}]}}