{"id":4066,"date":"2021-11-14T03:06:59","date_gmt":"2021-11-14T00:06:59","guid":{"rendered":"https:\/\/www.kardelencit.com\/?post_type=product&#038;p=4066"},"modified":"2021-11-14T03:31:35","modified_gmt":"2021-11-14T00:31:35","slug":"jiletli-tel-duz-jt-001","status":"publish","type":"product","link":"https:\/\/www.kardelencit.com\/index.php\/product\/jiletli-tel-duz-jt-001\/","title":{"rendered":"Jiletli Tel D\u00fcz JT-001"},"content":{"rendered":"","protected":false},"excerpt":{"rendered":"<p>Tan\u0131m\u0131:<\/p>\n<p>\u00c7itlerle \u00e7evrili olan, Park, bah\u00e7e, i\u015fyeri, konut, site, fabrika ve spor tesisleri gibi alanlarda g\u00fcvenli\u011fi artt\u0131rmak ve \u00fczerinden ge\u00e7i\u015fi \u00f6nlemek amac\u0131yla kullan\u0131lan bir \u00fcr\u00fcnd\u00fcr.<\/p>\n<p>Fiziki g\u00fcvenlik konusunda, en etkili ve en ekonomik bir \u00e7\u00f6z\u00fcmd\u00fcr.<\/p>\n<p>Teknik Bilgiler:<\/p>\n<p>&nbsp;<\/p>\n<p><strong>DE\u011e\u0130\u015e\u0130K \u015eEK\u0130LLERDEK\u0130 J\u0130LETL\u0130 TELLER\u0130N ORTAK TEKN\u0130K \u00d6ZELL\u0130KLER\u0130:<\/strong><\/p>\n<p><strong>\u00c7ekirdek Tel \u00d6zelli\u011fi,<\/strong><\/p>\n<ul>\n<li><strong>Kalite:&nbsp;<\/strong>DIN 17140\u2019a g\u00f6re D 70-2E<\/li>\n<li><strong>\u00c7ap\u0131:&nbsp;<\/strong>2,5mm ( \u00b1 0.10mm)<\/li>\n<li><strong>Kopma Mukavemeti:&nbsp;<\/strong>160 kg\/mm2 (min)<\/li>\n<li><strong>Galvaniz Kal\u0131nl\u0131\u011f\u0131:&nbsp;<\/strong>200 gr\/m2 (min)<\/li>\n<\/ul>\n<p>&nbsp;<\/p>\n<p>&nbsp;<\/p>\n<p><strong>Jiletli Bant Cinsleri<\/strong><\/p>\n<ul>\n<li>50 mm (\u00b1 0.08 mm) AISI 304 Kalitede Paslanmaz \u00c7elikten,<\/li>\n<li>50 mm (\u00b1 0.08 mm) AISI 430 Kalitede Paslanmaz \u00c7elikten,<\/li>\n<li>50 mm (\u00b1 0.08 mm) Galvanizli Sa\u00e7tan (min 120gr\/m2).<\/li>\n<\/ul>\n","protected":false},"featured_media":4067,"comment_status":"open","ping_status":"closed","template":"","meta":{"ngg_post_thumbnail":0},"product_cat":[163,152],"product_tag":[188,189,190,146,191,192,193,135,194,195,137,196,197,198,148,199,143,200,201],"class_list":["post-4066","product","type-product","status-publish","has-post-thumbnail","hentry","product_cat-jiletli-tel","product_cat-tum-urunler","product_tag-bahce-cit-fiyatlari","product_tag-bahce-citleri","product_tag-cimcit","product_tag-cit","product_tag-cit-modelleri","product_tag-dekoracim","product_tag-demir-korkuluk","product_tag-dikenli-tel","product_tag-fens-telli","product_tag-istanbul-cit-firmasi","product_tag-jiletli-tel","product_tag-kardelen","product_tag-kumes-teli","product_tag-mobil-cit","product_tag-orgu-tel","product_tag-panel","product_tag-panel-cit","product_tag-saha-citi","product_tag-spor-sahalari"],"aioseo_notices":[],"jetpack-related-posts":[],"jetpack_sharing_enabled":true,"_links":{"self":[{"href":"https:\/\/www.kardelencit.com\/index.php\/wp-json\/wp\/v3\/product\/4066","targetHints":{"allow":["GET"]}}],"collection":[{"href":"https:\/\/www.kardelencit.com\/index.php\/wp-json\/wp\/v3\/product"}],"about":[{"href":"https:\/\/www.kardelencit.com\/index.php\/wp-json\/wp\/v2\/types\/product"}],"replies":[{"embeddable":true,"href":"https:\/\/www.kardelencit.com\/index.php\/wp-json\/wp\/v2\/comments?post=4066"}],"wp:featuredmedia":[{"embeddable":true,"href":"https:\/\/www.kardelencit.com\/index.php\/wp-json\/wp\/v2\/media\/4067"}],"wp:attachment":[{"href":"https:\/\/www.kardelencit.com\/index.php\/wp-json\/wp\/v2\/media?parent=4066"}],"wp:term":[{"taxonomy":"product_cat","embeddable":true,"href":"https:\/\/www.kardelencit.com\/index.php\/wp-json\/wp\/v2\/product_cat?post=4066"},{"taxonomy":"product_tag","embeddable":true,"href":"https:\/\/www.kardelencit.com\/index.php\/wp-json\/wp\/v2\/product_tag?post=4066"}],"curies":[{"name":"wp","href":"https:\/\/api.w.org\/{rel}","templated":true}]}}