{"id":4072,"date":"2021-11-14T23:53:47","date_gmt":"2021-11-14T20:53:47","guid":{"rendered":"https:\/\/www.kardelencit.com\/?post_type=product&#038;p=4072"},"modified":"2021-11-19T01:02:54","modified_gmt":"2021-11-18T22:02:54","slug":"jiletli-tel-helezon-jt-002","status":"publish","type":"product","link":"https:\/\/www.kardelencit.com\/index.php\/product\/jiletli-tel-helezon-jt-002\/","title":{"rendered":"Jiletli Tel Helezon JT-002"},"content":{"rendered":"<p><strong>&nbsp;Helezon Jiletli Tel:&nbsp;<\/strong>Dairesel olarak geriye do\u011fru a\u00e7\u0131lan ve \u00c7ift E\u011fri Boyun Direk \u00fczerine (Y Direk) uygulamas\u0131 yap\u0131lan bir jiletli tel tipidir.<\/p>\n<ul>\n<li>30-45-60-70-75-80-97 cm \u00e7aplar\u0131nda,<\/li>\n<li>5,0-6,0-6,5-7,5-8,0-8,5-10,0 metre ideal a\u00e7\u0131lma mesafesinde,<\/li>\n<li>5,0-7,0-9,3-10,5-11,4-12,5-14,7 Kg rulo a\u011f\u0131rl\u0131\u011f\u0131nda \u00fcretilmektedir.<\/li>\n<\/ul>\n","protected":false},"excerpt":{"rendered":"<p><strong>&nbsp;Helezon Jiletli Tel:&nbsp;<\/strong>Dairesel olarak geriye do\u011fru a\u00e7\u0131lan ve \u00c7ift E\u011fri Boyun Direk \u00fczerine (Y Direk) uygulamas\u0131 yap\u0131lan bir jiletli tel tipidir.<\/p>\n<ul>\n<li>30-45-60-70-75-80-97 cm \u00e7aplar\u0131nda,<\/li>\n<li>5,0-6,0-6,5-7,5-8,0-8,5-10,0 metre ideal a\u00e7\u0131lma mesafesinde,<\/li>\n<li>5,0-7,0-9,3-10,5-11,4-12,5-14,7 Kg rulo a\u011f\u0131rl\u0131\u011f\u0131nda \u00fcretilmektedir.<\/li>\n<\/ul>\n","protected":false},"featured_media":4073,"comment_status":"open","ping_status":"closed","template":"","meta":{"ngg_post_thumbnail":0},"product_cat":[163,152],"product_tag":[188,189,190,146,191,192,193,135,194,195,137,196,197,198,148,199,143,200,201],"class_list":["post-4072","product","type-product","status-publish","has-post-thumbnail","hentry","product_cat-jiletli-tel","product_cat-tum-urunler","product_tag-bahce-cit-fiyatlari","product_tag-bahce-citleri","product_tag-cimcit","product_tag-cit","product_tag-cit-modelleri","product_tag-dekoracim","product_tag-demir-korkuluk","product_tag-dikenli-tel","product_tag-fens-telli","product_tag-istanbul-cit-firmasi","product_tag-jiletli-tel","product_tag-kardelen","product_tag-kumes-teli","product_tag-mobil-cit","product_tag-orgu-tel","product_tag-panel","product_tag-panel-cit","product_tag-saha-citi","product_tag-spor-sahalari"],"aioseo_notices":[],"jetpack-related-posts":[],"jetpack_sharing_enabled":true,"_links":{"self":[{"href":"https:\/\/www.kardelencit.com\/index.php\/wp-json\/wp\/v3\/product\/4072","targetHints":{"allow":["GET"]}}],"collection":[{"href":"https:\/\/www.kardelencit.com\/index.php\/wp-json\/wp\/v3\/product"}],"about":[{"href":"https:\/\/www.kardelencit.com\/index.php\/wp-json\/wp\/v2\/types\/product"}],"replies":[{"embeddable":true,"href":"https:\/\/www.kardelencit.com\/index.php\/wp-json\/wp\/v2\/comments?post=4072"}],"wp:featuredmedia":[{"embeddable":true,"href":"https:\/\/www.kardelencit.com\/index.php\/wp-json\/wp\/v2\/media\/4073"}],"wp:attachment":[{"href":"https:\/\/www.kardelencit.com\/index.php\/wp-json\/wp\/v2\/media?parent=4072"}],"wp:term":[{"taxonomy":"product_cat","embeddable":true,"href":"https:\/\/www.kardelencit.com\/index.php\/wp-json\/wp\/v2\/product_cat?post=4072"},{"taxonomy":"product_tag","embeddable":true,"href":"https:\/\/www.kardelencit.com\/index.php\/wp-json\/wp\/v2\/product_tag?post=4072"}],"curies":[{"name":"wp","href":"https:\/\/api.w.org\/{rel}","templated":true}]}}