{"id":4078,"date":"2021-11-15T00:10:25","date_gmt":"2021-11-14T21:10:25","guid":{"rendered":"https:\/\/www.kardelencit.com\/?post_type=product&#038;p=4078"},"modified":"2021-11-19T01:18:17","modified_gmt":"2021-11-18T22:18:17","slug":"kafes-hasiri-kh-001","status":"publish","type":"product","link":"https:\/\/www.kardelencit.com\/index.php\/product\/kafes-hasiri-kh-001\/","title":{"rendered":"Kafes Has\u0131r\u0131 KH-001"},"content":{"rendered":"<p>Tan\u0131m\u0131:<\/p>\n<p>Kafes Has\u0131r\u0131 kaynakl\u0131 tellerden \u00fcretilen birbirinden farkl\u0131 ve \u00e7e\u015fitli ama\u00e7 i\u00e7in kullan\u0131lan bir has\u0131r cinsidir.<\/p>\n<p>Teknik Bilgiler:<\/p>\n<ul>\n<li>Standart kafes has\u0131rlar\u0131 \/ multifence, \u00f6n galvanizli, s\u0131cak dald\u0131rma galvanizli ve galvanizsiz (siyah) tellerden, 100 x 200 cm ebatlar\u0131nda ve de\u011fi\u015fik g\u00f6z aral\u0131klar\u0131nda \u00fcretilmektedir.<\/li>\n<li>\u00d6n galvanizli tellerdeki \u00e7inko kaplama miktar\u0131 40-60 gr\/m2 Zn veya 120 gr\/m2 Zn d\u0131r.<\/li>\n<li>S\u0131cak dald\u0131rma galvaniz tekni\u011fi ile \u00fcretilen tellerdeki \u00e7inko kaplama miktar\u0131 ise 450-500 gr\/m2 Zn\u2019 dir.<\/li>\n<li>\u0130ste\u011fe ba\u011fl\u0131 olarak,&nbsp; belirli bir adedin \u00fcst\u00fcnde olmak kayd\u0131yla de\u011fi\u015fik boyutlarda kafes has\u0131r\u0131 \u00fcretilmektedir.<\/li>\n<\/ul>\n<table width=\"0\">\n<tbody>\n<tr>\n<td><strong>Kaplama<\/strong><\/td>\n<td>:<\/td>\n<td>\u00d6n galvanizli (40-60 gr\/m2 Zn veya 120 gr\/m2 Zn) veya S\u0131cak dald\u0131rma Galvanizli (450-500 gr\/m2 Zn)<\/td>\n<\/tr>\n<tr>\n<td><strong>Renk<\/strong><\/td>\n<td>:<\/td>\n<td>Boyas\u0131z (siyah) veya Galvaniz Gri<\/td>\n<\/tr>\n<tr>\n<td><strong>Paketleme<\/strong><\/td>\n<td>:<\/td>\n<td>Paneller halindedir.<\/td>\n<\/tr>\n<\/tbody>\n<\/table>\n<p>Kullan\u0131ld\u0131\u011f\u0131 Yerler:<\/p>\n<ul>\n<li>Kanatl\u0131 hayvan (tavuk,ku\u015f) ve di\u011fer k\u00fc\u00e7\u00fck hayvan kafeslerinde<\/li>\n<li>Basketbol, tenis, futbol ve voleybol sahalar\u0131nda<\/li>\n<li>Madeni mutfak e\u015fyas\u0131nda<\/li>\n<li>S\u00fcpermarket ve depo raflar\u0131nda<\/li>\n<li>Seralarda<\/li>\n<li>Fabrika i\u00e7indeki k\u00fc\u00e7\u00fck ta\u015f\u0131y\u0131c\u0131larda ve konteyner \u00fcretiminde<\/li>\n<li>Reklam standlar\u0131 ve kaba eleklerde<\/li>\n<li>Sehpa i\u00e7in dar \u00e7elik has\u0131rlarda<\/li>\n<li>Filitrasyon malzemesi olarak<\/li>\n<\/ul>\n","protected":false},"excerpt":{"rendered":"<p>Tan\u0131m\u0131:<\/p>\n<p>Kafes Has\u0131r\u0131 kaynakl\u0131 tellerden \u00fcretilen birbirinden farkl\u0131 ve \u00e7e\u015fitli ama\u00e7 i\u00e7in kullan\u0131lan bir has\u0131r cinsidir.<\/p>\n<p>Teknik Bilgiler:<\/p>\n<ul>\n<li>Standart kafes has\u0131rlar\u0131 \/ multifence, \u00f6n galvanizli, s\u0131cak dald\u0131rma galvanizli ve galvanizsiz (siyah) tellerden, 100 x 200 cm ebatlar\u0131nda ve de\u011fi\u015fik g\u00f6z aral\u0131klar\u0131nda \u00fcretilmektedir.<\/li>\n<li>\u00d6n galvanizli tellerdeki \u00e7inko kaplama miktar\u0131 40-60 gr\/m2 Zn veya 120 gr\/m2 Zn d\u0131r.<\/li>\n<li>S\u0131cak dald\u0131rma galvaniz tekni\u011fi ile \u00fcretilen tellerdeki \u00e7inko kaplama miktar\u0131 ise 450-500 gr\/m2 Zn\u2019 dir.<\/li>\n<li>\u0130ste\u011fe ba\u011fl\u0131 olarak,&nbsp; belirli bir adedin \u00fcst\u00fcnde olmak kayd\u0131yla de\u011fi\u015fik boyutlarda kafes has\u0131r\u0131 \u00fcretilmektedir.<\/li>\n<\/ul>\n<table width=\"0\">\n<tbody>\n<tr>\n<td><strong>Kaplama<\/strong><\/td>\n<td>:<\/td>\n<td>\u00d6n galvanizli (40-60 gr\/m2 Zn veya 120 gr\/m2 Zn) veya S\u0131cak dald\u0131rma Galvanizli (450-500 gr\/m2 Zn)<\/td>\n<\/tr>\n<tr>\n<td><strong>Renk<\/strong><\/td>\n<td>:<\/td>\n<td>Boyas\u0131z (siyah) veya Galvaniz Gri<\/td>\n<\/tr>\n<tr>\n<td><strong>Paketleme<\/strong><\/td>\n<td>:<\/td>\n<td>Paneller halindedir.<\/td>\n<\/tr>\n<\/tbody>\n<\/table>\n<p>Kullan\u0131ld\u0131\u011f\u0131 Yerler:<\/p>\n<ul>\n<li>Kanatl\u0131 hayvan (tavuk,ku\u015f) ve di\u011fer k\u00fc\u00e7\u00fck hayvan kafeslerinde<\/li>\n<li>Basketbol, tenis, futbol ve voleybol sahalar\u0131nda<\/li>\n<li>Madeni mutfak e\u015fyas\u0131nda<\/li>\n<li>S\u00fcpermarket ve depo raflar\u0131nda<\/li>\n<li>Seralarda<\/li>\n<li>Fabrika i\u00e7indeki k\u00fc\u00e7\u00fck ta\u015f\u0131y\u0131c\u0131larda ve konteyner \u00fcretiminde<\/li>\n<li>Reklam standlar\u0131 ve kaba eleklerde<\/li>\n<li>Sehpa i\u00e7in dar \u00e7elik has\u0131rlarda<\/li>\n<li>Filitrasyon malzemesi olarak<\/li>\n<\/ul>\n","protected":false},"featured_media":4079,"comment_status":"open","ping_status":"closed","template":"","meta":{"ngg_post_thumbnail":0},"product_cat":[162,152],"product_tag":[188,189,190,146,191,192,193,135,194,195,137,196,197,198,148,199,143,200,201],"class_list":["post-4078","product","type-product","status-publish","has-post-thumbnail","hentry","product_cat-kafes-hasir","product_cat-tum-urunler","product_tag-bahce-cit-fiyatlari","product_tag-bahce-citleri","product_tag-cimcit","product_tag-cit","product_tag-cit-modelleri","product_tag-dekoracim","product_tag-demir-korkuluk","product_tag-dikenli-tel","product_tag-fens-telli","product_tag-istanbul-cit-firmasi","product_tag-jiletli-tel","product_tag-kardelen","product_tag-kumes-teli","product_tag-mobil-cit","product_tag-orgu-tel","product_tag-panel","product_tag-panel-cit","product_tag-saha-citi","product_tag-spor-sahalari"],"aioseo_notices":[],"jetpack-related-posts":[],"jetpack_sharing_enabled":true,"_links":{"self":[{"href":"https:\/\/www.kardelencit.com\/index.php\/wp-json\/wp\/v3\/product\/4078","targetHints":{"allow":["GET"]}}],"collection":[{"href":"https:\/\/www.kardelencit.com\/index.php\/wp-json\/wp\/v3\/product"}],"about":[{"href":"https:\/\/www.kardelencit.com\/index.php\/wp-json\/wp\/v2\/types\/product"}],"replies":[{"embeddable":true,"href":"https:\/\/www.kardelencit.com\/index.php\/wp-json\/wp\/v2\/comments?post=4078"}],"wp:featuredmedia":[{"embeddable":true,"href":"https:\/\/www.kardelencit.com\/index.php\/wp-json\/wp\/v2\/media\/4079"}],"wp:attachment":[{"href":"https:\/\/www.kardelencit.com\/index.php\/wp-json\/wp\/v2\/media?parent=4078"}],"wp:term":[{"taxonomy":"product_cat","embeddable":true,"href":"https:\/\/www.kardelencit.com\/index.php\/wp-json\/wp\/v2\/product_cat?post=4078"},{"taxonomy":"product_tag","embeddable":true,"href":"https:\/\/www.kardelencit.com\/index.php\/wp-json\/wp\/v2\/product_tag?post=4078"}],"curies":[{"name":"wp","href":"https:\/\/api.w.org\/{rel}","templated":true}]}}