{"id":4082,"date":"2021-11-15T00:19:32","date_gmt":"2021-11-14T21:19:32","guid":{"rendered":"https:\/\/www.kardelencit.com\/?post_type=product&#038;p=4082"},"modified":"2021-11-19T01:34:12","modified_gmt":"2021-11-18T22:34:12","slug":"yaya-ve-arac-kapisi-kk-001","status":"publish","type":"product","link":"https:\/\/www.kardelencit.com\/index.php\/product\/yaya-ve-arac-kapisi-kk-001\/","title":{"rendered":"\u00c7ift Kanatl\u0131 Kap\u0131lar KK-001"},"content":{"rendered":"<p>KAPILAR<\/p>\n<p>Tan\u0131m\u0131:<\/p>\n<p>Kap\u0131lar; \u00e7itlerle \u00e7evrilip g\u00fcvenlik alt\u0131na al\u0131nm\u0131\u015f alanlara, belirli noktalardan giri\u015f-\u00e7\u0131k\u0131\u015f imkan\u0131n\u0131 veren bir \u00e7it ekipman\u0131d\u0131r.<\/p>\n<p>Teknik Bilgiler:<\/p>\n<ul>\n<li>\u00c7it sistemlerinde kullan\u0131lan panel ve direkler gibi kap\u0131larda ayn\u0131 malzemeden \u00fcretilmektedir.<\/li>\n<li>Kap\u0131lar\u0131n \u00e7er\u00e7evesi, s\u0131cak dald\u0131rma galvanizli ( 40-60 gr\/m2 Zn ) kutu profil, i\u00e7leri ise \u00e7it sistemini olu\u015fturan s\u0131cak dald\u0131rma galvanizli ( 40-60 gr\/m2 Zn ) panellerdir.<\/li>\n<li>Galvanizli kutu profilden \u00fcretilen direklerin \u00fczeri, polyester esasl\u0131 (80-120 mikron) veya PVC esasl\u0131 termoplastik toz boya (200 mikron) ile kaplan\u0131r.<\/li>\n<li>Elektrostatik toz boya ile kapl\u0131 olan direkler 3 y\u0131l, termoplastik boya ile kapl\u0131 olan direkler 10 y\u0131l garantilidir.<\/li>\n<li>Kullan\u0131lan boyalar %90 parlakl\u0131kta, g\u00fcne\u015f \u0131\u015f\u0131\u011f\u0131ndan etkilenmeyen UV katk\u0131l\u0131d\u0131r.<\/li>\n<li>Standart Renk RAL6005 (Ye\u015fil) dir. Farkl\u0131 RAL renklerinde boya yap\u0131lmaktad\u0131r.<\/li>\n<li>Kap\u0131lara iste\u011fe ba\u011fl\u0131 kitleme sistemi monte edilir.( S\u00fcrg\u00fcl\u00fc-Kollu-anahtarl\u0131 vb.)<\/li>\n<li>Kap\u0131lar, Standart olarak TEK KANAT \u2013 \u00c7\u0130FT KANAT,&nbsp; Standart harici YANA KAYAR MANUEL VEYA OTOMAT\u0130K olmak \u00fczere de\u011fi\u015fik y\u00fcksekliklerde ve uzunluklarda \u00fcretilmektedir.<\/li>\n<\/ul>\n","protected":false},"excerpt":{"rendered":"<p>KAPILAR<\/p>\n<p>Tan\u0131m\u0131:<\/p>\n<p>Kap\u0131lar; \u00e7itlerle \u00e7evrilip g\u00fcvenlik alt\u0131na al\u0131nm\u0131\u015f alanlara, belirli noktalardan giri\u015f-\u00e7\u0131k\u0131\u015f imkan\u0131n\u0131 veren bir \u00e7it ekipman\u0131d\u0131r.<\/p>\n<p>Teknik Bilgiler:<\/p>\n<ul>\n<li>\u00c7it sistemlerinde kullan\u0131lan panel ve direkler gibi kap\u0131larda ayn\u0131 malzemeden \u00fcretilmektedir.<\/li>\n<li>Kap\u0131lar\u0131n \u00e7er\u00e7evesi, s\u0131cak dald\u0131rma galvanizli ( 40-60 gr\/m2 Zn ) kutu profil, i\u00e7leri ise \u00e7it sistemini olu\u015fturan s\u0131cak dald\u0131rma galvanizli ( 40-60 gr\/m2 Zn ) panellerdir.<\/li>\n<li>Galvanizli kutu profilden \u00fcretilen direklerin \u00fczeri, polyester esasl\u0131 (80-120 mikron) veya PVC esasl\u0131 termoplastik toz boya (200 mikron) ile kaplan\u0131r.<\/li>\n<li>Elektrostatik toz boya ile kapl\u0131 olan direkler 3 y\u0131l, termoplastik boya ile kapl\u0131 olan direkler 10 y\u0131l garantilidir.<\/li>\n<li>Kullan\u0131lan boyalar %90 parlakl\u0131kta, g\u00fcne\u015f \u0131\u015f\u0131\u011f\u0131ndan etkilenmeyen UV katk\u0131l\u0131d\u0131r.<\/li>\n<li>Standart Renk RAL6005 (Ye\u015fil) dir. Farkl\u0131 RAL renklerinde boya yap\u0131lmaktad\u0131r.<\/li>\n<li>Kap\u0131lara iste\u011fe ba\u011fl\u0131 kitleme sistemi monte edilir.( S\u00fcrg\u00fcl\u00fc-Kollu-anahtarl\u0131 vb.)<\/li>\n<li>Kap\u0131lar, Standart olarak TEK KANAT \u2013 \u00c7\u0130FT KANAT,&nbsp; Standart harici YANA KAYAR MANUEL VEYA OTOMAT\u0130K olmak \u00fczere de\u011fi\u015fik y\u00fcksekliklerde ve uzunluklarda \u00fcretilmektedir.<\/li>\n<\/ul>\n","protected":false},"featured_media":4084,"comment_status":"open","ping_status":"closed","template":"","meta":{"ngg_post_thumbnail":0},"product_cat":[167,152],"product_tag":[188,189,190,146,191,192,193,135,194,195,137,196,197,198,148,199,143,200,201],"class_list":["post-4082","product","type-product","status-publish","has-post-thumbnail","hentry","product_cat-kapi-sistemleri","product_cat-tum-urunler","product_tag-bahce-cit-fiyatlari","product_tag-bahce-citleri","product_tag-cimcit","product_tag-cit","product_tag-cit-modelleri","product_tag-dekoracim","product_tag-demir-korkuluk","product_tag-dikenli-tel","product_tag-fens-telli","product_tag-istanbul-cit-firmasi","product_tag-jiletli-tel","product_tag-kardelen","product_tag-kumes-teli","product_tag-mobil-cit","product_tag-orgu-tel","product_tag-panel","product_tag-panel-cit","product_tag-saha-citi","product_tag-spor-sahalari"],"aioseo_notices":[],"jetpack-related-posts":[],"jetpack_sharing_enabled":true,"_links":{"self":[{"href":"https:\/\/www.kardelencit.com\/index.php\/wp-json\/wp\/v3\/product\/4082","targetHints":{"allow":["GET"]}}],"collection":[{"href":"https:\/\/www.kardelencit.com\/index.php\/wp-json\/wp\/v3\/product"}],"about":[{"href":"https:\/\/www.kardelencit.com\/index.php\/wp-json\/wp\/v2\/types\/product"}],"replies":[{"embeddable":true,"href":"https:\/\/www.kardelencit.com\/index.php\/wp-json\/wp\/v2\/comments?post=4082"}],"wp:featuredmedia":[{"embeddable":true,"href":"https:\/\/www.kardelencit.com\/index.php\/wp-json\/wp\/v2\/media\/4084"}],"wp:attachment":[{"href":"https:\/\/www.kardelencit.com\/index.php\/wp-json\/wp\/v2\/media?parent=4082"}],"wp:term":[{"taxonomy":"product_cat","embeddable":true,"href":"https:\/\/www.kardelencit.com\/index.php\/wp-json\/wp\/v2\/product_cat?post=4082"},{"taxonomy":"product_tag","embeddable":true,"href":"https:\/\/www.kardelencit.com\/index.php\/wp-json\/wp\/v2\/product_tag?post=4082"}],"curies":[{"name":"wp","href":"https:\/\/api.w.org\/{rel}","templated":true}]}}