{"id":4097,"date":"2021-11-15T00:55:57","date_gmt":"2021-11-14T21:55:57","guid":{"rendered":"https:\/\/www.kardelencit.com\/?post_type=product&#038;p=4097"},"modified":"2021-11-29T23:11:21","modified_gmt":"2021-11-29T20:11:21","slug":"pvc-kapli-orgu-tel-ot-002","status":"publish","type":"product","link":"https:\/\/www.kardelencit.com\/index.php\/product\/pvc-kapli-orgu-tel-ot-002\/","title":{"rendered":"Pvc Kapl\u0131 \u00d6rg\u00fc Tel \u00d6T-002"},"content":{"rendered":"<p><strong>PVC KAPLI \u00d6RG\u00dcL\u00dc TEL.<\/strong><\/p>\n<p>Galvanizli tellerin \u00fczerine pvc kapland\u0131ktan sonra \u00f6rme yap\u0131l\u0131r.<\/p>\n<p>Tel\u00e7it sekt\u00f6r\u00fcnde farkl\u0131 isimler ile an\u0131l\u0131r (Fens tel,\u00d6rg\u00fcl\u00fc tel,Kafes tel,\u00c7it teli vb)<\/p>\n<p><strong>Pvc \u00d6rg\u00fcl\u00fc tel \u00e7aplar\u0131;<\/strong><\/p>\n<p>3,0 mm &#8211; 3,5 mm &#8211; 4,0 mm<\/p>\n<p><strong>Pvc \u00d6rg\u00fcl\u00fc Tellerin G\u00f6z Aral\u0131\u011f\u0131;<\/strong><\/p>\n<p>20 mm &#8211; 30 mm &#8211; 40 mm &#8211; 50 mm &#8211; 60 mm &#8211; 70 mm.<\/p>\n<p><strong>Y\u00fckseklik;<\/strong><\/p>\n<p>H=50 cm ile H=700 cm aras\u0131nda yap\u0131l\u0131r.<\/p>\n<p><strong>Rulo Uzunlu\u011fu;<\/strong><\/p>\n<p>20 metre.<\/p>\n<p><strong>Kullan\u0131lan Malzeme;<\/strong><\/p>\n<p>S\u0131cak Dald\u0131rma galvaniz.<\/p>\n<p><strong>Renk;<\/strong><\/p>\n<p>Ral 6005 Koyu ye\u015fil ve Di\u011fer Ral renkleri.<\/p>\n<p>&nbsp;<\/p>\n<p>BORU D\u0130REKL\u0130 PVC TELL\u0130 \u00c7\u0130T UYGULAMASI<\/p>\n<p>2.40 cm.lik boru direkler ile<\/p>\n<p>Komple tel \u00e7it uygulamas\u0131ndaki yap\u0131lan i\u015flemler:<\/p>\n<p>boru \u00e7it direkleri iki metre d\u00fcz ve 40 cm. boyun b\u00f6l\u00fcm\u00fc olmak \u00fczere 2.40 cm. dir. \u00dc\u00e7 metre ara ile 30*30*50 ebatlar\u0131nda \u00e7ukurlar a\u00e7\u0131larak zemine yerle\u015ftirilir, etraf\u0131 ta\u015f ile s\u0131k\u0131\u015ft\u0131r\u0131larak betonlan\u0131r 15 direkte ve her k\u00f6\u015fe d\u00f6n\u00fc\u015fte kar\u015f\u0131l\u0131kl\u0131 \u00e7ift boru direk payanda ile desteklenir. Boru direklerin 150 cm.lik d\u00fcz 40 cm.lik boyun b\u00f6l\u00fcmleri d\u0131\u015far\u0131da kalan k\u0131s\u0131mlar olup boyun b\u00f6l\u00fcm\u00fcne iki s\u0131ra dikenli tel gerilerek ba\u011flan\u0131r. 150 cm. lik d\u00fcz b\u00f6l\u00fcme bir alttan bir ortadan birde \u00fcstten olmak \u00fczere \u00fc\u00e7 s\u0131ra gergi teli gerilir \u00fczerine 150 cm. y\u00fckseklikte istenilen g\u00f6z aral\u0131\u011f\u0131 ve kal\u0131nl\u0131kta helezon \u00f6rg\u00fc teli \u00e7ekilir her bir metrede bir gergi tellerine ba\u011flan\u0131r.<\/p>\n<p>2.90 cm.lik boru direkler ile<\/p>\n<p>Komple tel \u00e7it uygulamas\u0131ndaki yap\u0131lan i\u015flemler: boru \u00e7it direkleri 2.50 cm. d\u00fcz ve 40 cm. boyun b\u00f6l\u00fcm\u00fc olmak \u00fczere 2.90 cm. dir. \u00dc\u00e7 metre ara ile 30*30*50 ebatlar\u0131nda \u00e7ukurlar a\u00e7\u0131larak zemine yerle\u015ftirilir, etraf\u0131 ta\u015f ile s\u0131k\u0131\u015ft\u0131r\u0131larak betonlan\u0131r 15 boru direkte ve her k\u00f6\u015fe d\u00f6n\u00fc\u015fte kar\u015f\u0131l\u0131kl\u0131 \u00e7ift payanda boru direk ile desteklenir. boru Direklerin 200 cm.lik d\u00fcz 40 cm.lik boyun b\u00f6l\u00fcmleri d\u0131\u015far\u0131da kalan k\u0131s\u0131mlar olup boyun b\u00f6l\u00fcm\u00fcne \u00fc\u00e7 s\u0131ra dikenli tel gerilerek ba\u011flan\u0131r. 200 cm. lik d\u00fcz b\u00f6l\u00fcme bir alttan bir ortadan birde \u00fcstten olmak \u00fczere \u00fc\u00e7 s\u0131ra gergi teli gerilir \u00fczerine 200 cm. y\u00fckseklikte istenilen g\u00f6z aral\u0131\u011f\u0131 ve kal\u0131nl\u0131kta helezon \u00f6rg\u00fc teli \u00e7ekilir her bir metrede bir gergi tellerine ba\u011flan\u0131r.<\/p>\n","protected":false},"excerpt":{"rendered":"<p><strong>PVC KAPLI \u00d6RG\u00dcL\u00dc TEL.<\/strong><\/p>\n<p>Galvanizli tellerin \u00fczerine pvc kapland\u0131ktan sonra \u00f6rme yap\u0131l\u0131r.<\/p>\n<p>Tel\u00e7it sekt\u00f6r\u00fcnde farkl\u0131 isimler ile an\u0131l\u0131r (Fens tel,\u00d6rg\u00fcl\u00fc tel,Kafes tel,\u00c7it teli vb)<\/p>\n<p><strong>Pvc \u00d6rg\u00fcl\u00fc tel \u00e7aplar\u0131;<\/strong><\/p>\n<p>3,0 mm &#8211; 3,5 mm &#8211; 4,0 mm<\/p>\n<p><strong>Pvc \u00d6rg\u00fcl\u00fc Tellerin G\u00f6z Aral\u0131\u011f\u0131;<\/strong><\/p>\n<p>20 mm &#8211; 30 mm &#8211; 40 mm &#8211; 50 mm &#8211; 60 mm &#8211; 70 mm.<\/p>\n<p><strong>Y\u00fckseklik;<\/strong><\/p>\n<p>H=50 cm ile H=700 cm aras\u0131nda yap\u0131l\u0131r.<\/p>\n<p><strong>Rulo Uzunlu\u011fu;<\/strong><\/p>\n<p>20 metre.<\/p>\n<p><strong>Kullan\u0131lan Malzeme;<\/strong><\/p>\n<p>S\u0131cak Dald\u0131rma galvaniz.<\/p>\n<p><strong>Renk;<\/strong><\/p>\n<p>Ral 6005 Koyu ye\u015fil ve Di\u011fer Ral renkleri.<\/p>\n<p>&nbsp;<\/p>\n<p>BORU D\u0130REKL\u0130 PVC TELL\u0130 \u00c7\u0130T UYGULAMASI<\/p>\n<p>2.40 cm.lik boru direkler ile<\/p>\n<p>Komple tel \u00e7it uygulamas\u0131ndaki yap\u0131lan i\u015flemler:<\/p>\n<p>boru \u00e7it direkleri iki metre d\u00fcz ve 40 cm. boyun b\u00f6l\u00fcm\u00fc olmak \u00fczere 2.40 cm. dir. \u00dc\u00e7 metre ara ile 30*30*50 ebatlar\u0131nda \u00e7ukurlar a\u00e7\u0131larak zemine yerle\u015ftirilir, etraf\u0131 ta\u015f ile s\u0131k\u0131\u015ft\u0131r\u0131larak betonlan\u0131r 15 direkte ve her k\u00f6\u015fe d\u00f6n\u00fc\u015fte kar\u015f\u0131l\u0131kl\u0131 \u00e7ift boru direk payanda ile desteklenir. Boru direklerin 150 cm.lik d\u00fcz 40 cm.lik boyun b\u00f6l\u00fcmleri d\u0131\u015far\u0131da kalan k\u0131s\u0131mlar olup boyun b\u00f6l\u00fcm\u00fcne iki s\u0131ra dikenli tel gerilerek ba\u011flan\u0131r. 150 cm. lik d\u00fcz b\u00f6l\u00fcme bir alttan bir ortadan birde \u00fcstten olmak \u00fczere \u00fc\u00e7 s\u0131ra gergi teli gerilir \u00fczerine 150 cm. y\u00fckseklikte istenilen g\u00f6z aral\u0131\u011f\u0131 ve kal\u0131nl\u0131kta helezon \u00f6rg\u00fc teli \u00e7ekilir her bir metrede bir gergi tellerine ba\u011flan\u0131r.<\/p>\n<p>2.90 cm.lik boru direkler ile<\/p>\n<p>Komple tel \u00e7it uygulamas\u0131ndaki yap\u0131lan i\u015flemler: boru \u00e7it direkleri 2.50 cm. d\u00fcz ve 40 cm. boyun b\u00f6l\u00fcm\u00fc olmak \u00fczere 2.90 cm. dir. \u00dc\u00e7 metre ara ile 30*30*50 ebatlar\u0131nda \u00e7ukurlar a\u00e7\u0131larak zemine yerle\u015ftirilir, etraf\u0131 ta\u015f ile s\u0131k\u0131\u015ft\u0131r\u0131larak betonlan\u0131r 15 boru direkte ve her k\u00f6\u015fe d\u00f6n\u00fc\u015fte kar\u015f\u0131l\u0131kl\u0131 \u00e7ift payanda boru direk ile desteklenir. boru Direklerin 200 cm.lik d\u00fcz 40 cm.lik boyun b\u00f6l\u00fcmleri d\u0131\u015far\u0131da kalan k\u0131s\u0131mlar olup boyun b\u00f6l\u00fcm\u00fcne \u00fc\u00e7 s\u0131ra dikenli tel gerilerek ba\u011flan\u0131r. 200 cm. lik d\u00fcz b\u00f6l\u00fcme bir alttan bir ortadan birde \u00fcstten olmak \u00fczere \u00fc\u00e7 s\u0131ra gergi teli gerilir \u00fczerine 200 cm. y\u00fckseklikte istenilen g\u00f6z aral\u0131\u011f\u0131 ve kal\u0131nl\u0131kta helezon \u00f6rg\u00fc teli \u00e7ekilir her bir metrede bir gergi tellerine ba\u011flan\u0131r.<\/p>\n","protected":false},"featured_media":4099,"comment_status":"open","ping_status":"closed","template":"","meta":{"ngg_post_thumbnail":0},"product_cat":[156,152],"product_tag":[188,189,190,146,191,192,193,135,194,195,137,196,197,198,148,199,143,200,201],"class_list":["post-4097","product","type-product","status-publish","has-post-thumbnail","hentry","product_cat-orgulu-cit","product_cat-tum-urunler","product_tag-bahce-cit-fiyatlari","product_tag-bahce-citleri","product_tag-cimcit","product_tag-cit","product_tag-cit-modelleri","product_tag-dekoracim","product_tag-demir-korkuluk","product_tag-dikenli-tel","product_tag-fens-telli","product_tag-istanbul-cit-firmasi","product_tag-jiletli-tel","product_tag-kardelen","product_tag-kumes-teli","product_tag-mobil-cit","product_tag-orgu-tel","product_tag-panel","product_tag-panel-cit","product_tag-saha-citi","product_tag-spor-sahalari"],"aioseo_notices":[],"jetpack-related-posts":[],"jetpack_sharing_enabled":true,"_links":{"self":[{"href":"https:\/\/www.kardelencit.com\/index.php\/wp-json\/wp\/v3\/product\/4097","targetHints":{"allow":["GET"]}}],"collection":[{"href":"https:\/\/www.kardelencit.com\/index.php\/wp-json\/wp\/v3\/product"}],"about":[{"href":"https:\/\/www.kardelencit.com\/index.php\/wp-json\/wp\/v2\/types\/product"}],"replies":[{"embeddable":true,"href":"https:\/\/www.kardelencit.com\/index.php\/wp-json\/wp\/v2\/comments?post=4097"}],"wp:featuredmedia":[{"embeddable":true,"href":"https:\/\/www.kardelencit.com\/index.php\/wp-json\/wp\/v2\/media\/4099"}],"wp:attachment":[{"href":"https:\/\/www.kardelencit.com\/index.php\/wp-json\/wp\/v2\/media?parent=4097"}],"wp:term":[{"taxonomy":"product_cat","embeddable":true,"href":"https:\/\/www.kardelencit.com\/index.php\/wp-json\/wp\/v2\/product_cat?post=4097"},{"taxonomy":"product_tag","embeddable":true,"href":"https:\/\/www.kardelencit.com\/index.php\/wp-json\/wp\/v2\/product_tag?post=4097"}],"curies":[{"name":"wp","href":"https:\/\/api.w.org\/{rel}","templated":true}]}}