{"id":4100,"date":"2021-11-15T01:02:59","date_gmt":"2021-11-14T22:02:59","guid":{"rendered":"https:\/\/www.kardelencit.com\/?post_type=product&#038;p=4100"},"modified":"2021-11-16T23:49:02","modified_gmt":"2021-11-16T20:49:02","slug":"dekoratif-panel-cit-dp-001","status":"publish","type":"product","link":"https:\/\/www.kardelencit.com\/index.php\/product\/dekoratif-panel-cit-dp-001\/","title":{"rendered":"Dekoratif Panel \u00c7it DP-001"},"content":{"rendered":"<p>Panel Sistemi<\/p>\n<p>2015mm standart geni\u015flikteki paneller 4 ayr\u0131 y\u00fckseklikte \u00fcretilmektedir. Yatayda \u00e7ift tel sistemine sahil olan panellerde g\u00f6z aral\u0131klar\u0131 200x65mm olup, yatayda 8mm lik \u00e7ift ve dikeyde 6mm lik tel \u00e7ubuklardan olu\u015fmaktad\u0131r.<\/p>\n<p>Renk Se\u00e7enekleri<\/p>\n<p>Decofor standart rengi RAL 9005 siyah olup, RAL 9010 Beyaz, RAL 6005 Ye\u015fil ve antrasit renklerinde sipari\u015f \u00fczere \u00fcretilmektedir.<\/p>\n<p>Kaplama Tekni\u011fi<\/p>\n<p>Decofor Panel ve profiller galvaniz sonras\u0131nda polyester kaplamal\u0131 olarak \u00fcretilmektedir. Decofor \u00fcr\u00fcnler polyester kaplama \u00f6ncesi galvaniz ile adelans\u0131 artt\u0131rmak i\u00e7in \u00f6zel bir y\u00fczey i\u015fleme tabi tutulur.<\/p>\n<p>Profil ve Ba\u011flant\u0131 Sistemi<\/p>\n<p>60x60x1.5 mm \u00f6l\u00e7\u00fclerinde Profiller ve kelep\u00e7e sistemlerinden olu\u015fan Decofor sisteminde profil kapaklar\u0131 d\u00fcz veya dekoratif olarak se\u00e7ilebilmektedir. Decofor sistemi i\u00e7in \u00f6zel olarak geli\u015ftirilen galvaniz \u00fczeri plastik kaplamal\u0131 metal kelep\u00e7eler ve inox civatalar\u0131 Decofor panel sisteminde tam bir b\u00fct\u00fcnl\u00fck ve sa\u011flaml\u0131k sunar.<\/p>\n","protected":false},"excerpt":{"rendered":"<p>Panel Sistemi<\/p>\n<p>2015mm standart geni\u015flikteki paneller 4 ayr\u0131 y\u00fckseklikte \u00fcretilmektedir. Yatayda \u00e7ift tel sistemine sahil olan panellerde g\u00f6z aral\u0131klar\u0131 200x65mm olup, yatayda 8mm lik \u00e7ift ve dikeyde 6mm lik tel \u00e7ubuklardan olu\u015fmaktad\u0131r.<\/p>\n<p>Renk Se\u00e7enekleri<\/p>\n<p>Decofor standart rengi RAL 9005 siyah olup, RAL 9010 Beyaz, RAL 6005 Ye\u015fil ve antrasit renklerinde sipari\u015f \u00fczere \u00fcretilmektedir.<\/p>\n<p>Kaplama Tekni\u011fi<\/p>\n<p>Decofor Panel ve profiller galvaniz sonras\u0131nda polyester kaplamal\u0131 olarak \u00fcretilmektedir. Decofor \u00fcr\u00fcnler polyester kaplama \u00f6ncesi galvaniz ile adelans\u0131 artt\u0131rmak i\u00e7in \u00f6zel bir y\u00fczey i\u015fleme tabi tutulur.<\/p>\n<p>Profil ve Ba\u011flant\u0131 Sistemi<\/p>\n<p>60x60x1.5 mm \u00f6l\u00e7\u00fclerinde Profiller ve kelep\u00e7e sistemlerinden olu\u015fan Decofor sisteminde profil kapaklar\u0131 d\u00fcz veya dekoratif olarak se\u00e7ilebilmektedir. Decofor sistemi i\u00e7in \u00f6zel olarak geli\u015ftirilen galvaniz \u00fczeri plastik kaplamal\u0131 metal kelep\u00e7eler ve inox civatalar\u0131 Decofor panel sisteminde tam bir b\u00fct\u00fcnl\u00fck ve sa\u011flaml\u0131k sunar.<\/p>\n","protected":false},"featured_media":4101,"comment_status":"open","ping_status":"closed","template":"","meta":{"ngg_post_thumbnail":0},"product_cat":[204,150,152],"product_tag":[188,189,190,146,191,192,193,135,194,195,137,196,197,198,148,199,143,200,201],"class_list":["post-4100","product","type-product","status-publish","has-post-thumbnail","hentry","product_cat-cit-sistemleri","product_cat-dekora-cit","product_cat-tum-urunler","product_tag-bahce-cit-fiyatlari","product_tag-bahce-citleri","product_tag-cimcit","product_tag-cit","product_tag-cit-modelleri","product_tag-dekoracim","product_tag-demir-korkuluk","product_tag-dikenli-tel","product_tag-fens-telli","product_tag-istanbul-cit-firmasi","product_tag-jiletli-tel","product_tag-kardelen","product_tag-kumes-teli","product_tag-mobil-cit","product_tag-orgu-tel","product_tag-panel","product_tag-panel-cit","product_tag-saha-citi","product_tag-spor-sahalari"],"aioseo_notices":[],"jetpack-related-posts":[],"jetpack_sharing_enabled":true,"_links":{"self":[{"href":"https:\/\/www.kardelencit.com\/index.php\/wp-json\/wp\/v3\/product\/4100","targetHints":{"allow":["GET"]}}],"collection":[{"href":"https:\/\/www.kardelencit.com\/index.php\/wp-json\/wp\/v3\/product"}],"about":[{"href":"https:\/\/www.kardelencit.com\/index.php\/wp-json\/wp\/v2\/types\/product"}],"replies":[{"embeddable":true,"href":"https:\/\/www.kardelencit.com\/index.php\/wp-json\/wp\/v2\/comments?post=4100"}],"wp:featuredmedia":[{"embeddable":true,"href":"https:\/\/www.kardelencit.com\/index.php\/wp-json\/wp\/v2\/media\/4101"}],"wp:attachment":[{"href":"https:\/\/www.kardelencit.com\/index.php\/wp-json\/wp\/v2\/media?parent=4100"}],"wp:term":[{"taxonomy":"product_cat","embeddable":true,"href":"https:\/\/www.kardelencit.com\/index.php\/wp-json\/wp\/v2\/product_cat?post=4100"},{"taxonomy":"product_tag","embeddable":true,"href":"https:\/\/www.kardelencit.com\/index.php\/wp-json\/wp\/v2\/product_tag?post=4100"}],"curies":[{"name":"wp","href":"https:\/\/api.w.org\/{rel}","templated":true}]}}