{"id":4102,"date":"2021-11-15T01:07:42","date_gmt":"2021-11-14T22:07:42","guid":{"rendered":"https:\/\/www.kardelencit.com\/?post_type=product&#038;p=4102"},"modified":"2021-11-29T00:16:25","modified_gmt":"2021-11-28T21:16:25","slug":"double-panel-cit-dp-002","status":"publish","type":"product","link":"https:\/\/www.kardelencit.com\/index.php\/product\/double-panel-cit-dp-002\/","title":{"rendered":"Double Panel \u00c7it DP-002"},"content":{"rendered":"<p><strong>Sistemde kullan\u0131lan panellerin, \u00fczerindeki boy \u00e7ubuklar\u0131n\u0131n, \u00e7ift kullan\u0131lmas\u0131yla olu\u015fturulan bir \u00e7it \u00fcr\u00fcn\u00fcd\u00fcr.<\/strong><\/p>\n<p><strong>\u00a0<\/strong><\/p>\n<p><strong>\u00a0<\/strong><\/p>\n<p><strong>\u00a0<\/strong><\/p>\n<p><strong>\u00a0<\/strong><\/p>\n<p><strong>Sa\u011flam, zor kesilen, g\u00fcven hissini iki kat artt\u0131ran ve g\u00f6ze ho\u015f gelen estetik bir \u00fcr\u00fcnd\u00fcr.<\/strong><\/p>\n<p><strong>\u00a0\u00a0<\/strong><\/p>\n<p><strong>TEKN\u0130K B\u0130LG\u0130LER :<\/strong><\/p>\n<p><strong>\u00a0<\/strong><\/p>\n<ul>\n<li><strong> TSE&#8217;ye uygun olarak \u00e7ekilmi\u015f d\u00fcz y\u00fczeyli iki adet 6 mm boy \u00e7ubu\u011fu aras\u0131na 5mm veya 8 mm boy \u00e7ubu\u011fu aras\u0131na 6 mm kal\u0131nl\u0131\u011f\u0131nda en \u00e7ubuklar\u0131n\u0131n 200 x 50 mm g\u00f6zenekli olarak (ayak girmeyecek \u015fekilde) kaynat\u0131lmas\u0131 ile olu\u015fur.\u00a0<\/strong><\/li>\n<li><strong> Burada kullan\u0131lan teller; Do\u011fal \u00e7elik, \u00f6n galvanizli (40-60 gr\/m2 Zn), elektro galvanizli veya s\u0131cak dald\u0131rma galvanizli (450-500 gr\/m2 Zn) olabilir.<\/strong><\/li>\n<li><strong>Kaynak i\u015flemi biten panellere, m\u00fc\u015fteri talebine ve kullan\u0131lacak ortama g\u00f6re kaplama veya boya i\u015flemleri uygulan\u0131r.\u00a0<\/strong><\/li>\n<li><strong>Standart \u00f6n galvanizli (40-60 gr\/m2 Zn) tellerden \u00fcretilen panellerin \u00fczeri, Polyester esasl\u0131 elektrostatik toz boya (80-120 micron) ile veya PVC esasl\u0131 termoplastik toz boya (200 micron) ile kaplan\u0131r.<\/strong><\/li>\n<li><strong>Polyester esasl\u0131 elektrostatik toz boya ile kapl\u0131 olan paneller 3 y\u0131l, PVC esasl\u0131 termoplastik toz boya ile kapl\u0131 olan paneller 10 y\u0131l garantilidir.<\/strong><\/li>\n<li><strong> Boyalar %90 parlakl\u0131kta, g\u00fcne\u015f \u0131\u015f\u0131\u011f\u0131ndan etkilenmeyen UV katk\u0131l\u0131, 10 y\u0131l renk dayan\u0131m garantilidir.<\/strong><\/li>\n<li><strong>Eurofence montaj\u0131nda kullan\u0131lan \u00e7it direkleri, i\u00e7i-d\u0131\u015f\u0131 galvanizli(40-60 gr\/m2 Zn) 50x50x1,5-60x60x1,5 mm \u00e7elik kutu profilden \u00fcretilir.<\/strong><\/li>\n<li><strong>Panelleri \u00e7it direklerine ba\u011flamak i\u00e7in, metal klips, per\u00e7in somun ve kilitli vida kullan\u0131l\u0131r.<\/strong><\/li>\n<\/ul>\n<p><strong>\u2022Direkleri zemine sabitlemek i\u00e7in ise \u00e7elik d\u00fcbel kullan\u0131lmaktad\u0131r.<\/strong><\/p>\n","protected":false},"excerpt":{"rendered":"<p><strong>Sistemde kullan\u0131lan panellerin, \u00fczerindeki boy \u00e7ubuklar\u0131n\u0131n, \u00e7ift kullan\u0131lmas\u0131yla olu\u015fturulan bir \u00e7it \u00fcr\u00fcn\u00fcd\u00fcr.<\/strong><\/p>\n<p><strong>\u00a0<\/strong><\/p>\n<p><strong>\u00a0<\/strong><\/p>\n<p><strong>\u00a0<\/strong><\/p>\n<p><strong>\u00a0<\/strong><\/p>\n<p><strong>Sa\u011flam, zor kesilen, g\u00fcven hissini iki kat artt\u0131ran ve g\u00f6ze ho\u015f gelen estetik bir \u00fcr\u00fcnd\u00fcr.<\/strong><\/p>\n<p><strong>\u00a0\u00a0<\/strong><\/p>\n<p><strong>TEKN\u0130K B\u0130LG\u0130LER :<\/strong><\/p>\n<p><strong>\u00a0<\/strong><\/p>\n<ul>\n<li><strong> TSE&#8217;ye uygun olarak \u00e7ekilmi\u015f d\u00fcz y\u00fczeyli iki adet 6 mm boy \u00e7ubu\u011fu aras\u0131na 5mm veya 8 mm boy \u00e7ubu\u011fu aras\u0131na 6 mm kal\u0131nl\u0131\u011f\u0131nda en \u00e7ubuklar\u0131n\u0131n 200 x 50 mm g\u00f6zenekli olarak (ayak girmeyecek \u015fekilde) kaynat\u0131lmas\u0131 ile olu\u015fur.\u00a0<\/strong><\/li>\n<li><strong> Burada kullan\u0131lan teller; Do\u011fal \u00e7elik, \u00f6n galvanizli (40-60 gr\/m2 Zn), elektro galvanizli veya s\u0131cak dald\u0131rma galvanizli (450-500 gr\/m2 Zn) olabilir.<\/strong><\/li>\n<li><strong>Kaynak i\u015flemi biten panellere, m\u00fc\u015fteri talebine ve kullan\u0131lacak ortama g\u00f6re kaplama veya boya i\u015flemleri uygulan\u0131r.\u00a0<\/strong><\/li>\n<li><strong>Standart \u00f6n galvanizli (40-60 gr\/m2 Zn) tellerden \u00fcretilen panellerin \u00fczeri, Polyester esasl\u0131 elektrostatik toz boya (80-120 micron) ile veya PVC esasl\u0131 termoplastik toz boya (200 micron) ile kaplan\u0131r.<\/strong><\/li>\n<li><strong>Polyester esasl\u0131 elektrostatik toz boya ile kapl\u0131 olan paneller 3 y\u0131l, PVC esasl\u0131 termoplastik toz boya ile kapl\u0131 olan paneller 10 y\u0131l garantilidir.<\/strong><\/li>\n<li><strong> Boyalar %90 parlakl\u0131kta, g\u00fcne\u015f \u0131\u015f\u0131\u011f\u0131ndan etkilenmeyen UV katk\u0131l\u0131, 10 y\u0131l renk dayan\u0131m garantilidir.<\/strong><\/li>\n<li><strong>Eurofence montaj\u0131nda kullan\u0131lan \u00e7it direkleri, i\u00e7i-d\u0131\u015f\u0131 galvanizli(40-60 gr\/m2 Zn) 50x50x1,5-60x60x1,5 mm \u00e7elik kutu profilden \u00fcretilir.<\/strong><\/li>\n<li><strong>Panelleri \u00e7it direklerine ba\u011flamak i\u00e7in, metal klips, per\u00e7in somun ve kilitli vida kullan\u0131l\u0131r.<\/strong><\/li>\n<\/ul>\n<p><strong>\u2022Direkleri zemine sabitlemek i\u00e7in ise \u00e7elik d\u00fcbel kullan\u0131lmaktad\u0131r.<\/strong><\/p>\n","protected":false},"featured_media":4104,"comment_status":"open","ping_status":"closed","template":"","meta":{"ngg_post_thumbnail":0},"product_cat":[204,149,152],"product_tag":[188,189,190,146,191,192,193,135,194,195,137,196,197,198,148,199,143,200,201],"class_list":["post-4102","product","type-product","status-publish","has-post-thumbnail","hentry","product_cat-cit-sistemleri","product_cat-panel-cit","product_cat-tum-urunler","product_tag-bahce-cit-fiyatlari","product_tag-bahce-citleri","product_tag-cimcit","product_tag-cit","product_tag-cit-modelleri","product_tag-dekoracim","product_tag-demir-korkuluk","product_tag-dikenli-tel","product_tag-fens-telli","product_tag-istanbul-cit-firmasi","product_tag-jiletli-tel","product_tag-kardelen","product_tag-kumes-teli","product_tag-mobil-cit","product_tag-orgu-tel","product_tag-panel","product_tag-panel-cit","product_tag-saha-citi","product_tag-spor-sahalari"],"aioseo_notices":[],"jetpack-related-posts":[],"jetpack_sharing_enabled":true,"_links":{"self":[{"href":"https:\/\/www.kardelencit.com\/index.php\/wp-json\/wp\/v3\/product\/4102","targetHints":{"allow":["GET"]}}],"collection":[{"href":"https:\/\/www.kardelencit.com\/index.php\/wp-json\/wp\/v3\/product"}],"about":[{"href":"https:\/\/www.kardelencit.com\/index.php\/wp-json\/wp\/v2\/types\/product"}],"replies":[{"embeddable":true,"href":"https:\/\/www.kardelencit.com\/index.php\/wp-json\/wp\/v2\/comments?post=4102"}],"wp:featuredmedia":[{"embeddable":true,"href":"https:\/\/www.kardelencit.com\/index.php\/wp-json\/wp\/v2\/media\/4104"}],"wp:attachment":[{"href":"https:\/\/www.kardelencit.com\/index.php\/wp-json\/wp\/v2\/media?parent=4102"}],"wp:term":[{"taxonomy":"product_cat","embeddable":true,"href":"https:\/\/www.kardelencit.com\/index.php\/wp-json\/wp\/v2\/product_cat?post=4102"},{"taxonomy":"product_tag","embeddable":true,"href":"https:\/\/www.kardelencit.com\/index.php\/wp-json\/wp\/v2\/product_tag?post=4102"}],"curies":[{"name":"wp","href":"https:\/\/api.w.org\/{rel}","templated":true}]}}