{"id":4106,"date":"2021-11-15T01:14:41","date_gmt":"2021-11-14T22:14:41","guid":{"rendered":"https:\/\/www.kardelencit.com\/?post_type=product&#038;p=4106"},"modified":"2021-11-29T23:01:37","modified_gmt":"2021-11-29T20:01:37","slug":"mobil-cit-mc-001","status":"publish","type":"product","link":"https:\/\/www.kardelencit.com\/index.php\/product\/mobil-cit-mc-001\/","title":{"rendered":"Mobil \u00c7it M\u00c7-001"},"content":{"rendered":"<p>Mobilfence \u00e7it sistemleri, istedi\u011finiz yerde ve zemin \u00fczerinde koruma, g\u00fcvenlik ve bariyer ama\u00e7l\u0131 kullan\u0131lan, kolay s\u00f6k\u00fcl\u00fcp tak\u0131labilen, ta\u015f\u0131nabilir bir \u00e7it \u00fcr\u00fcn\u00fcd\u00fcr.<\/p>\n<p>T\u00fcrkiye\u2019de ilk defa mobilfence (ta\u015f\u0131nabilir \u00e7it sistemleri) m\u00fc\u015fterilerimizin hizmetine firmam\u0131z taraf\u0131ndan sunulmu\u015ftur.<\/p>\n<p>Teknik Bilgiler:<\/p>\n<ul>\n<li>TSE\u2019ye uygun olarak \u00e7ekilmi\u015f d\u00fcz y\u00fczeyli 4 x 5 mm kal\u0131nl\u0131\u011f\u0131ndaki \u00e7ubuklar\u0131n birbirine kaynat\u0131lmas\u0131 ve boru direklerin ilave edilmesi ile olu\u015fur. Burada kullan\u0131lan malzemenin y\u00fczeyi s\u0131cak dald\u0131rma galvaniz kapl\u0131d\u0131r. (450-500gr\/m<sup>2<\/sup>\u00a0Zn)<\/li>\n<li>Mobilfence \u00e7it sistemleri hafif oldu\u011fundan rahatl\u0131kla ba\u015fka bir noktaya ta\u015f\u0131nabilir ve tekrar kullan\u0131labilir.<\/li>\n<li>Galvanizli telden imal edilen mobilfence\u2019ler paslanmaya kar\u015f\u0131 dayan\u0131kl\u0131d\u0131r.<\/li>\n<li>Estetik bir g\u00f6r\u00fcnt\u00fcye sahiptir. Beton, toprak veya seramik zeminlere montaj\u0131 s\u0131ras\u0131nda herhangi bir ankraj kullan\u0131lmad\u0131\u011f\u0131 i\u00e7in zeminde hi\u00e7bir tahribat yapmaz.<\/li>\n<li>Mobilfence \u00e7itlerini 120 cm ve 200 cm y\u00fcksekli\u011findeki iki ebat ve tek renk (galvaniz gri) halinde stoklar\u0131m\u0131zda bulman\u0131z m\u00fcmk\u00fcnd\u00fcr. \u0130stenildi\u011fi takdirde farkl\u0131 ebat ve renklerde \u00fcretim yap\u0131labilmektedir.<\/li>\n<li>\u00c7it uygulamas\u0131 yap\u0131lacak alan\u0131n g\u00f6z\u00fckmesini engellemek i\u00e7in brandal\u0131 olarak da temin edilebilir.<\/li>\n<\/ul>\n<p>&nbsp;<\/p>\n<p><strong>Boya \/ Kaplama:<\/strong>\u00a0S\u0131cak dald\u0131rma Galvanizli (450-500gr\/m<sup>2\u00a0<\/sup>Zn)<\/p>\n<p><strong>Renk\u00a0 \u00a0 \u00a0 \u00a0 \u00a0 \u00a0 \u00a0 \u00a0 \u00a0 :<\/strong>\u00a0Tek renk (Galvaniz Gri)<\/p>\n<p><strong>Paketleme\u00a0 \u00a0 \u00a0 \u00a0 \u00a0:\u00a0<\/strong>Paneller halindedir<\/p>\n<p><strong>\u00c7it Dire\u011fi\u00a0 \u00a0 \u00a0 \u00a0 \u00a0 \u00a0:<\/strong>\u00a0Galvanizli Boru<\/p>\n","protected":false},"excerpt":{"rendered":"<p>Mobilfence \u00e7it sistemleri, istedi\u011finiz yerde ve zemin \u00fczerinde koruma, g\u00fcvenlik ve bariyer ama\u00e7l\u0131 kullan\u0131lan, kolay s\u00f6k\u00fcl\u00fcp tak\u0131labilen, ta\u015f\u0131nabilir bir \u00e7it \u00fcr\u00fcn\u00fcd\u00fcr.<\/p>\n<p>T\u00fcrkiye\u2019de ilk defa mobilfence (ta\u015f\u0131nabilir \u00e7it sistemleri) m\u00fc\u015fterilerimizin hizmetine firmam\u0131z taraf\u0131ndan sunulmu\u015ftur.<\/p>\n<p>Teknik Bilgiler:<\/p>\n<ul>\n<li>TSE\u2019ye uygun olarak \u00e7ekilmi\u015f d\u00fcz y\u00fczeyli 4 x 5 mm kal\u0131nl\u0131\u011f\u0131ndaki \u00e7ubuklar\u0131n birbirine kaynat\u0131lmas\u0131 ve boru direklerin ilave edilmesi ile olu\u015fur. Burada kullan\u0131lan malzemenin y\u00fczeyi s\u0131cak dald\u0131rma galvaniz kapl\u0131d\u0131r. (450-500gr\/m<sup>2<\/sup>\u00a0Zn)<\/li>\n<li>Mobilfence \u00e7it sistemleri hafif oldu\u011fundan rahatl\u0131kla ba\u015fka bir noktaya ta\u015f\u0131nabilir ve tekrar kullan\u0131labilir.<\/li>\n<li>Galvanizli telden imal edilen mobilfence\u2019ler paslanmaya kar\u015f\u0131 dayan\u0131kl\u0131d\u0131r.<\/li>\n<li>Estetik bir g\u00f6r\u00fcnt\u00fcye sahiptir. Beton, toprak veya seramik zeminlere montaj\u0131 s\u0131ras\u0131nda herhangi bir ankraj kullan\u0131lmad\u0131\u011f\u0131 i\u00e7in zeminde hi\u00e7bir tahribat yapmaz.<\/li>\n<li>Mobilfence \u00e7itlerini 120 cm ve 200 cm y\u00fcksekli\u011findeki iki ebat ve tek renk (galvaniz gri) halinde stoklar\u0131m\u0131zda bulman\u0131z m\u00fcmk\u00fcnd\u00fcr. \u0130stenildi\u011fi takdirde farkl\u0131 ebat ve renklerde \u00fcretim yap\u0131labilmektedir.<\/li>\n<li>\u00c7it uygulamas\u0131 yap\u0131lacak alan\u0131n g\u00f6z\u00fckmesini engellemek i\u00e7in brandal\u0131 olarak da temin edilebilir.<\/li>\n<\/ul>\n<p>&nbsp;<\/p>\n<p><strong>Boya \/ Kaplama:<\/strong>\u00a0S\u0131cak dald\u0131rma Galvanizli (450-500gr\/m<sup>2\u00a0<\/sup>Zn)<\/p>\n<p><strong>Renk\u00a0 \u00a0 \u00a0 \u00a0 \u00a0 \u00a0 \u00a0 \u00a0 \u00a0 :<\/strong>\u00a0Tek renk (Galvaniz Gri)<\/p>\n<p><strong>Paketleme\u00a0 \u00a0 \u00a0 \u00a0 \u00a0:\u00a0<\/strong>Paneller halindedir<\/p>\n<p><strong>\u00c7it Dire\u011fi\u00a0 \u00a0 \u00a0 \u00a0 \u00a0 \u00a0:<\/strong>\u00a0Galvanizli Boru<\/p>\n","protected":false},"featured_media":4107,"comment_status":"open","ping_status":"closed","template":"","meta":{"ngg_post_thumbnail":0},"product_cat":[204,207,152],"product_tag":[188,189,190,146,191,192,193,135,194,195,137,196,197,198,148,199,143,200,201],"class_list":["post-4106","product","type-product","status-publish","has-post-thumbnail","hentry","product_cat-cit-sistemleri","product_cat-mobil-cit","product_cat-tum-urunler","product_tag-bahce-cit-fiyatlari","product_tag-bahce-citleri","product_tag-cimcit","product_tag-cit","product_tag-cit-modelleri","product_tag-dekoracim","product_tag-demir-korkuluk","product_tag-dikenli-tel","product_tag-fens-telli","product_tag-istanbul-cit-firmasi","product_tag-jiletli-tel","product_tag-kardelen","product_tag-kumes-teli","product_tag-mobil-cit","product_tag-orgu-tel","product_tag-panel","product_tag-panel-cit","product_tag-saha-citi","product_tag-spor-sahalari"],"aioseo_notices":[],"jetpack-related-posts":[],"jetpack_sharing_enabled":true,"_links":{"self":[{"href":"https:\/\/www.kardelencit.com\/index.php\/wp-json\/wp\/v3\/product\/4106","targetHints":{"allow":["GET"]}}],"collection":[{"href":"https:\/\/www.kardelencit.com\/index.php\/wp-json\/wp\/v3\/product"}],"about":[{"href":"https:\/\/www.kardelencit.com\/index.php\/wp-json\/wp\/v2\/types\/product"}],"replies":[{"embeddable":true,"href":"https:\/\/www.kardelencit.com\/index.php\/wp-json\/wp\/v2\/comments?post=4106"}],"wp:featuredmedia":[{"embeddable":true,"href":"https:\/\/www.kardelencit.com\/index.php\/wp-json\/wp\/v2\/media\/4107"}],"wp:attachment":[{"href":"https:\/\/www.kardelencit.com\/index.php\/wp-json\/wp\/v2\/media?parent=4106"}],"wp:term":[{"taxonomy":"product_cat","embeddable":true,"href":"https:\/\/www.kardelencit.com\/index.php\/wp-json\/wp\/v2\/product_cat?post=4106"},{"taxonomy":"product_tag","embeddable":true,"href":"https:\/\/www.kardelencit.com\/index.php\/wp-json\/wp\/v2\/product_tag?post=4106"}],"curies":[{"name":"wp","href":"https:\/\/api.w.org\/{rel}","templated":true}]}}