{"id":4108,"date":"2021-11-15T01:21:48","date_gmt":"2021-11-14T22:21:48","guid":{"rendered":"https:\/\/www.kardelencit.com\/?post_type=product&#038;p=4108"},"modified":"2021-11-16T23:46:59","modified_gmt":"2021-11-16T20:46:59","slug":"panel-cit-pc-001","status":"publish","type":"product","link":"https:\/\/www.kardelencit.com\/index.php\/product\/panel-cit-pc-001\/","title":{"rendered":"Panel \u00c7it P\u00c7-001"},"content":{"rendered":"<p><strong>TANIMI :<br \/>\nEkonomik, dayan\u0131kl\u0131, uzun \u00f6m\u00fcrl\u00fc ve kolay montaj imkanlar\u0131 sunan, do\u011fa ile dost ve son derece estetik g\u00f6r\u00fcn\u00fcml\u00fc bir \u00e7it \u00fcr\u00fcn\u00fcd\u00fcr.<\/strong><\/p>\n<p>S\u0131n\u0131rlar\u0131n\u0131z\u0131n belirlenmesi, korunmas\u0131 ve g\u00fcvenli\u011finiz i\u00e7in t\u00fcm uygulamalarda kullan\u0131labilir.<\/p>\n<p>Firmam\u0131z, Eurofence \u00c7it Sistemlerini gerekli olan montaj aksesuarlar\u0131yla birlikte bir paket olarak sunmaktad\u0131r.<\/p>\n<p>TEKN\u0130K B\u0130LG\u0130LER :<\/p>\n<p>Eurofence \u00e7it sistemlerinde kullan\u0131lan paneller, TSE&#8217;ye uygun olarak \u00e7ekilmi\u015f d\u00fcz y\u00fczeyli 4, 4.5, 5 veya 6 mm kal\u0131nl\u0131\u011f\u0131ndaki \u00e7ubuklar\u0131n 15 x 5, 15 x 5.5 veya 15 x 6 cm g\u00f6zenekli olarak (ayak girmeyecek \u015fekilde) birbirine kaynat\u0131lmas\u0131 ile olu\u015fur.<br \/>\nBurada kullan\u0131lan teller; Do\u011fal \u00e7elik, \u00f6n galvanizli (40-60 gr\/m2 Zn), elektro galvanizli veya s\u0131cak dald\u0131rma galvanizli (450-500 gr\/m2 Zn) olabilir.<br \/>\nKaynak i\u015flemi biten panellere, m\u00fc\u015fteri talebine ve kullan\u0131lacak ortama g\u00f6re kaplama veya boya i\u015flemleri uygulan\u0131r.<br \/>\nStandart \u00f6n galvanizli (40-60 gr\/m2 Zn) tellerden \u00fcretilen panellerin \u00fczeri, Polyester esasl\u0131 elektrostatik toz boya (80-120 micron) ile veya PVC esasl\u0131 termoplastik toz boya (200 micron) ile kaplan\u0131r.<br \/>\nPolyester esasl\u0131 elektrostatik toz boya ile kapl\u0131 olan paneller 3 y\u0131l, PVC esasl\u0131 termoplastik toz boya ile kapl\u0131 olan paneller 10 y\u0131l garantilidir.<br \/>\nBoyalar %90 parlakl\u0131kta, g\u00fcne\u015f \u0131\u015f\u0131\u011f\u0131ndan etkilenmeyen UV katk\u0131l\u0131 ve 10 y\u0131l renk dayan\u0131m garantilidir.<br \/>\nEurofence montaj\u0131nda kullan\u0131lan \u00e7it direkleri, i\u00e7i-d\u0131\u015f\u0131 galvanizli(40-60 gr\/m2 Zn)50x50x1,5-60x60x1,5 mm \u00e7elik kutu profilden \u00fcretilir.<br \/>\nPanellerin \u00e7it direklerine ba\u011flanmas\u0131nda kullan\u0131lan plastik klipsler ile direk \u00fczerine tak\u0131lan plastik kapak (\u015fapka), g\u00fcne\u015f \u0131\u015f\u0131nlar\u0131na dayan\u0131kl\u0131 UV katk\u0131l\u0131 polyamid malzemeden \u00fcretilir.<br \/>\nDirekleri zemine sabitlemek i\u00e7in kullan\u0131lan \u00e7elik d\u00fcbeller ile klips \u00e7ivileri, elektro-galvaniz kapl\u0131 olup paslanmaya kar\u015f\u0131 dayan\u0131kl\u0131d\u0131r.<br \/>\nBa\u011flant\u0131 eleman\u0131 olarak, plastik kelep\u00e7e ve metal klips\u2019de kullan\u0131lmaktad\u0131r.<\/p>\n<p>Boya \/ Kaplama \u00a0\u00a0 \u00a0: \u00a0\u00a0 \u00a0Polyester esasl\u0131 elektrostatik toz boya<br \/>\nPlascoat (PVC esasl\u0131) termoplastik toz boya<br \/>\nRenk\u00a0\u00a0 \u00a0: \u00a0\u00a0 \u00a0Standart RAL 6005 (Di\u011fer RAL renkleri uygulanabilir)<br \/>\nPaketleme\u00a0\u00a0 \u00a0: \u00a0\u00a0 \u00a0Paletlenmi\u015f paneller halindedir.<br \/>\n\u00c7it Dire\u011fi\u00a0\u00a0 \u00a0: \u00a0\u00a0 \u00a0Galvanizli \u00c7elik Kutu Profil<\/p>\n<p>KULLANIM ALANLARI :<br \/>\nKonut, i\u015fyeri, villa ve site \u00e7evrelerinde, fabrika, otoyol, spor kompleksi projelerinde, park-bah\u00e7e d\u00fczenlemelerinde, gerek g\u00fcvenlik, gerekse estetik ama\u00e7l\u0131 t\u00fcm \u00e7it uygulamalar\u0131nda kullan\u0131l\u0131r.<\/p>\n<p>&nbsp;<\/p>\n","protected":false},"excerpt":{"rendered":"<p><strong>TANIMI :<br \/>\nEkonomik, dayan\u0131kl\u0131, uzun \u00f6m\u00fcrl\u00fc ve kolay montaj imkanlar\u0131 sunan, do\u011fa ile dost ve son derece estetik g\u00f6r\u00fcn\u00fcml\u00fc bir \u00e7it \u00fcr\u00fcn\u00fcd\u00fcr.<\/strong><\/p>\n<p>S\u0131n\u0131rlar\u0131n\u0131z\u0131n belirlenmesi, korunmas\u0131 ve g\u00fcvenli\u011finiz i\u00e7in t\u00fcm uygulamalarda kullan\u0131labilir.<\/p>\n<p>Firmam\u0131z, Eurofence \u00c7it Sistemlerini gerekli olan montaj aksesuarlar\u0131yla birlikte bir paket olarak sunmaktad\u0131r.<\/p>\n<p>TEKN\u0130K B\u0130LG\u0130LER :<\/p>\n<p>Eurofence \u00e7it sistemlerinde kullan\u0131lan paneller, TSE&#8217;ye uygun olarak \u00e7ekilmi\u015f d\u00fcz y\u00fczeyli 4, 4.5, 5 veya 6 mm kal\u0131nl\u0131\u011f\u0131ndaki \u00e7ubuklar\u0131n 15 x 5, 15 x 5.5 veya 15 x 6 cm g\u00f6zenekli olarak (ayak girmeyecek \u015fekilde) birbirine kaynat\u0131lmas\u0131 ile olu\u015fur.<br \/>\nBurada kullan\u0131lan teller; Do\u011fal \u00e7elik, \u00f6n galvanizli (40-60 gr\/m2 Zn), elektro galvanizli veya s\u0131cak dald\u0131rma galvanizli (450-500 gr\/m2 Zn) olabilir.<br \/>\nKaynak i\u015flemi biten panellere, m\u00fc\u015fteri talebine ve kullan\u0131lacak ortama g\u00f6re kaplama veya boya i\u015flemleri uygulan\u0131r.<br \/>\nStandart \u00f6n galvanizli (40-60 gr\/m2 Zn) tellerden \u00fcretilen panellerin \u00fczeri, Polyester esasl\u0131 elektrostatik toz boya (80-120 micron) ile veya PVC esasl\u0131 termoplastik toz boya (200 micron) ile kaplan\u0131r.<br \/>\nPolyester esasl\u0131 elektrostatik toz boya ile kapl\u0131 olan paneller 3 y\u0131l, PVC esasl\u0131 termoplastik toz boya ile kapl\u0131 olan paneller 10 y\u0131l garantilidir.<br \/>\nBoyalar %90 parlakl\u0131kta, g\u00fcne\u015f \u0131\u015f\u0131\u011f\u0131ndan etkilenmeyen UV katk\u0131l\u0131 ve 10 y\u0131l renk dayan\u0131m garantilidir.<br \/>\nEurofence montaj\u0131nda kullan\u0131lan \u00e7it direkleri, i\u00e7i-d\u0131\u015f\u0131 galvanizli(40-60 gr\/m2 Zn)50x50x1,5-60x60x1,5 mm \u00e7elik kutu profilden \u00fcretilir.<br \/>\nPanellerin \u00e7it direklerine ba\u011flanmas\u0131nda kullan\u0131lan plastik klipsler ile direk \u00fczerine tak\u0131lan plastik kapak (\u015fapka), g\u00fcne\u015f \u0131\u015f\u0131nlar\u0131na dayan\u0131kl\u0131 UV katk\u0131l\u0131 polyamid malzemeden \u00fcretilir.<br \/>\nDirekleri zemine sabitlemek i\u00e7in kullan\u0131lan \u00e7elik d\u00fcbeller ile klips \u00e7ivileri, elektro-galvaniz kapl\u0131 olup paslanmaya kar\u015f\u0131 dayan\u0131kl\u0131d\u0131r.<br \/>\nBa\u011flant\u0131 eleman\u0131 olarak, plastik kelep\u00e7e ve metal klips\u2019de kullan\u0131lmaktad\u0131r.<\/p>\n<p>Boya \/ Kaplama \u00a0\u00a0 \u00a0: \u00a0\u00a0 \u00a0Polyester esasl\u0131 elektrostatik toz boya<br \/>\nPlascoat (PVC esasl\u0131) termoplastik toz boya<br \/>\nRenk\u00a0\u00a0 \u00a0: \u00a0\u00a0 \u00a0Standart RAL 6005 (Di\u011fer RAL renkleri uygulanabilir)<br \/>\nPaketleme\u00a0\u00a0 \u00a0: \u00a0\u00a0 \u00a0Paletlenmi\u015f paneller halindedir.<br \/>\n\u00c7it Dire\u011fi\u00a0\u00a0 \u00a0: \u00a0\u00a0 \u00a0Galvanizli \u00c7elik Kutu Profil<\/p>\n<p>KULLANIM ALANLARI :<br \/>\nKonut, i\u015fyeri, villa ve site \u00e7evrelerinde, fabrika, otoyol, spor kompleksi projelerinde, park-bah\u00e7e d\u00fczenlemelerinde, gerek g\u00fcvenlik, gerekse estetik ama\u00e7l\u0131 t\u00fcm \u00e7it uygulamalar\u0131nda kullan\u0131l\u0131r.<\/p>\n<p>&nbsp;<\/p>\n","protected":false},"featured_media":4109,"comment_status":"open","ping_status":"closed","template":"","meta":{"ngg_post_thumbnail":0},"product_cat":[204,149,152],"product_tag":[],"class_list":["post-4108","product","type-product","status-publish","has-post-thumbnail","hentry","product_cat-cit-sistemleri","product_cat-panel-cit","product_cat-tum-urunler"],"aioseo_notices":[],"jetpack-related-posts":[],"jetpack_sharing_enabled":true,"_links":{"self":[{"href":"https:\/\/www.kardelencit.com\/index.php\/wp-json\/wp\/v3\/product\/4108","targetHints":{"allow":["GET"]}}],"collection":[{"href":"https:\/\/www.kardelencit.com\/index.php\/wp-json\/wp\/v3\/product"}],"about":[{"href":"https:\/\/www.kardelencit.com\/index.php\/wp-json\/wp\/v2\/types\/product"}],"replies":[{"embeddable":true,"href":"https:\/\/www.kardelencit.com\/index.php\/wp-json\/wp\/v2\/comments?post=4108"}],"wp:featuredmedia":[{"embeddable":true,"href":"https:\/\/www.kardelencit.com\/index.php\/wp-json\/wp\/v2\/media\/4109"}],"wp:attachment":[{"href":"https:\/\/www.kardelencit.com\/index.php\/wp-json\/wp\/v2\/media?parent=4108"}],"wp:term":[{"taxonomy":"product_cat","embeddable":true,"href":"https:\/\/www.kardelencit.com\/index.php\/wp-json\/wp\/v2\/product_cat?post=4108"},{"taxonomy":"product_tag","embeddable":true,"href":"https:\/\/www.kardelencit.com\/index.php\/wp-json\/wp\/v2\/product_tag?post=4108"}],"curies":[{"name":"wp","href":"https:\/\/api.w.org\/{rel}","templated":true}]}}